{"id":562,"date":"2024-08-25T19:20:26","date_gmt":"2024-08-25T19:20:26","guid":{"rendered":"https:\/\/kamlife.me\/?page_id=562"},"modified":"2024-09-06T03:14:47","modified_gmt":"2024-09-06T03:14:47","slug":"about","status":"publish","type":"page","link":"https:\/\/kamlife.me\/de\/about\/","title":{"rendered":"About us"},"content":{"rendered":"<div data-elementor-type=\"wp-page\" data-elementor-id=\"562\" class=\"elementor elementor-562\" data-elementor-post-type=\"page\">\n\t\t\t\t<div class=\"elementor-element elementor-element-3921d59 e-flex e-con-boxed e-con e-parent\" data-id=\"3921d59\" data-element_type=\"container\" data-e-type=\"container\" data-settings=\"{&quot;background_background&quot;:&quot;classic&quot;}\">\n\t\t\t\t\t<div class=\"e-con-inner\">\n\t\t<div class=\"elementor-element elementor-element-0a67c94 e-flex e-con-boxed e-con e-child\" data-id=\"0a67c94\" data-element_type=\"container\" data-e-type=\"container\" data-settings=\"{&quot;background_background&quot;:&quot;classic&quot;}\">\n\t\t\t\t\t<div class=\"e-con-inner\">\n\t\t<div class=\"elementor-element elementor-element-55dde5a e-flex e-con-boxed e-con e-child\" data-id=\"55dde5a\" data-element_type=\"container\" data-e-type=\"container\">\n\t\t\t\t\t<div class=\"e-con-inner\">\n\t\t<div class=\"elementor-element elementor-element-00c4958 e-flex e-con-boxed e-con e-child\" data-id=\"00c4958\" data-element_type=\"container\" data-e-type=\"container\">\n\t\t\t\t\t<div class=\"e-con-inner\">\n\t\t\t\t<div class=\"elementor-element elementor-element-7a98e24 elementor-widget elementor-widget-woocommerce-breadcrumb\" data-id=\"7a98e24\" data-element_type=\"widget\" data-e-type=\"widget\" data-widget_type=\"woocommerce-breadcrumb.default\">\n\t\t\t\t<div class=\"elementor-widget-container\">\n\t\t\t\t\t<nav class=\"woocommerce-breadcrumb\" aria-label=\"Breadcrumb\" data-no-translation=\"\" data-trp-gettext=\"\">Startseite<\/nav>\t\t\t\t<\/div>\n\t\t\t\t<\/div>\n\t\t\t\t<div class=\"elementor-element elementor-element-452919b elementor-widget elementor-widget-heading\" data-id=\"452919b\" data-element_type=\"widget\" data-e-type=\"widget\" data-widget_type=\"heading.default\">\n\t\t\t\t<div class=\"elementor-widget-container\">\n\t\t\t\t\t<h2 class=\"elementor-heading-title elementor-size-default\">\u00dcber<\/h2>\t\t\t\t<\/div>\n\t\t\t\t<\/div>\n\t\t\t\t\t<\/div>\n\t\t\t\t<\/div>\n\t\t<div class=\"elementor-element elementor-element-e8b8131 e-flex e-con-boxed e-con e-child\" data-id=\"e8b8131\" data-element_type=\"container\" data-e-type=\"container\">\n\t\t\t\t\t<div class=\"e-con-inner\">\n\t\t\t\t<div class=\"elementor-element elementor-element-cbc12f3 elementor-widget elementor-widget-text-editor\" data-id=\"cbc12f3\" data-element_type=\"widget\" data-e-type=\"widget\" data-widget_type=\"text-editor.default\">\n\t\t\t\t<div class=\"elementor-widget-container\">\n\t\t\t\t\t\t\t\t\t<p><b>Kamlife<\/b><\/p><p>Unter <b>Kamlife<\/b>machen wir das Online-Shopping zu etwas Au\u00dfergew\u00f6hnlichem. Wir bieten nicht nur eine gro\u00dfe Auswahl an hochwertigen Produkten, sondern auch einen tadellosen Kundenservice, der ein ebenso reibungsloses wie sicheres Online-Einkaufserlebnis gew\u00e4hrleistet.<\/p><p><b>M\u00fchelose Navigation<\/b><\/p><p>Unser Online-Shop wurde mit Blick auf Einfachheit und Intuition konzipiert. Vom ersten Klick bis zum Abschluss des Kaufs wird die Navigation auf unserer Website zum Vergn\u00fcgen, denn sie macht es Ihnen leicht, die gew\u00fcnschten Produkte zu finden und zu kaufen - und das mit un\u00fcbertroffener Effizienz.<\/p><p><b>Sicher und schnell einkaufen<\/b><\/p><p>Legen Sie Ihre Artikel in den Warenkorb und w\u00e4hlen Sie aus mehreren sicheren Zahlungsoptionen, ob per Vorkasse oder Kreditkarte. Sie erhalten sofortige Updates \u00fcber den Status Ihrer Bestellung per E-Mail, so dass Sie immer \u00fcber jeden Schritt des Prozesses informiert sind.<\/p><p><b>Schneller und effizienter Versand<\/b><\/p><p>Wir wissen, wie wichtig Schnelligkeit ist. Deshalb sorgt unser Eilversand\" daf\u00fcr, dass Ihre Bestellungen noch am selben Tag nach der Bezahlung versandt werden, damit Sie Ihre Produkte so schnell wie m\u00f6glich genie\u00dfen k\u00f6nnen.<\/p><p><b>Globaler und personalisierter Service<\/b><\/p><p>Nutzen Sie unseren kostenlosen Service (in einigen L\u00e4ndern fallen lokale Geb\u00fchren an), um ausf\u00fchrliche Informationen zu Medikamenten, Nahrungserg\u00e4nzungsmitteln und Wellness-Produkten zu erhalten. Unser Kundendienstteam steht Ihnen jederzeit zur Verf\u00fcgung, um Ihre Fragen ohne lange Wartezeiten zu beantworten.<\/p><p><b>Eine breite Palette von Produkten<\/b><\/p><p>Unter <b>Kamlife<\/b>In unserem Sortiment finden Sie neben renommierten Weltmarken wie Pfizer und Bayer auch exklusive Angebote von Generikaherstellern wie Ajanta, die Sie sonst nirgendwo finden werden. Wenn Sie Fragen oder Sonderw\u00fcnsche haben, k\u00f6nnen Sie sich jederzeit an uns wenden; jede Nachricht wird mit Priorit\u00e4t behandelt. Unser Team steht Ihnen w\u00e4hrend der Gesch\u00e4ftszeiten zur Verf\u00fcgung.<\/p><p><b>Bekenntnis zu Qualit\u00e4t und Verantwortung<\/b><\/p><p>Unter <b>Kamlife<\/b>ist es unser Anliegen, Sie bei Ihren gesundheitlichen Entscheidungen zu unterst\u00fctzen. Wir legen zwar Wert auf Privatsph\u00e4re und Anonymit\u00e4t bei unseren Ratschl\u00e4gen, aber wir ersetzen keine professionelle medizinische Beratung. Wir empfehlen Ihnen, Ihren Arzt zu konsultieren, um alle gesundheitlichen Probleme angemessen zu behandeln.<\/p><p><b>Das ist wichtig:<\/b> Der Online-Kauf von Medikamenten ersetzt nicht die \u00e4rztliche Beratung.<\/p>\t\t\t\t\t\t\t\t<\/div>\n\t\t\t\t<\/div>\n\t\t\t\t\t<\/div>\n\t\t\t\t<\/div>\n\t\t\t\t\t<\/div>\n\t\t\t\t<\/div>\n\t\t\t\t\t<\/div>\n\t\t\t\t<\/div>\n\t\t\t\t\t<\/div>\n\t\t\t\t<\/div>\n\t\t\t\t<\/div>","protected":false},"excerpt":{"rendered":"<p>About Kamlife At Kamlife, we turn online shopping into something extraordinary. We are dedicated to providing not only a broad selection of top-quality products but also impeccable customer service, ensuring an online shopping experience that is as smooth as it is secure. Effortless Navigation Our online store is designed with simplicity and intuition in mind. [&hellip;]<\/p>","protected":false},"author":3,"featured_media":0,"parent":0,"menu_order":0,"comment_status":"closed","ping_status":"closed","template":"elementor_header_footer","meta":{"inline_featured_image":false,"footnotes":""},"class_list":["post-562","page","type-page","status-publish","hentry"],"_links":{"self":[{"href":"https:\/\/kamlife.me\/de\/wp-json\/wp\/v2\/pages\/562","targetHints":{"allow":["GET"]}}],"collection":[{"href":"https:\/\/kamlife.me\/de\/wp-json\/wp\/v2\/pages"}],"about":[{"href":"https:\/\/kamlife.me\/de\/wp-json\/wp\/v2\/types\/page"}],"author":[{"embeddable":true,"href":"https:\/\/kamlife.me\/de\/wp-json\/wp\/v2\/users\/3"}],"replies":[{"embeddable":true,"href":"https:\/\/kamlife.me\/de\/wp-json\/wp\/v2\/comments?post=562"}],"version-history":[{"count":7,"href":"https:\/\/kamlife.me\/de\/wp-json\/wp\/v2\/pages\/562\/revisions"}],"predecessor-version":[{"id":6238,"href":"https:\/\/kamlife.me\/de\/wp-json\/wp\/v2\/pages\/562\/revisions\/6238"}],"wp:attachment":[{"href":"https:\/\/kamlife.me\/de\/wp-json\/wp\/v2\/media?parent=562"}],"curies":[{"name":"wp","href":"https:\/\/api.w.org\/{rel}","templated":true}]}}