{"id":671,"date":"2024-08-25T20:30:21","date_gmt":"2024-08-25T20:30:21","guid":{"rendered":"https:\/\/kamlife.me\/?page_id=671"},"modified":"2024-09-06T03:14:07","modified_gmt":"2024-09-06T03:14:07","slug":"cookies","status":"publish","type":"page","link":"https:\/\/kamlife.me\/de\/cookies\/","title":{"rendered":"Cookies"},"content":{"rendered":"<div data-elementor-type=\"wp-page\" data-elementor-id=\"671\" class=\"elementor elementor-671\" data-elementor-post-type=\"page\">\n\t\t\t\t<div class=\"elementor-element elementor-element-2275752 e-flex e-con-boxed e-con e-parent\" data-id=\"2275752\" data-element_type=\"container\" data-e-type=\"container\" data-settings=\"{&quot;background_background&quot;:&quot;classic&quot;}\">\n\t\t\t\t\t<div class=\"e-con-inner\">\n\t\t<div class=\"elementor-element elementor-element-365c127 e-flex e-con-boxed e-con e-child\" data-id=\"365c127\" data-element_type=\"container\" data-e-type=\"container\" data-settings=\"{&quot;background_background&quot;:&quot;classic&quot;}\">\n\t\t\t\t\t<div class=\"e-con-inner\">\n\t\t<div class=\"elementor-element elementor-element-14b8529 e-flex e-con-boxed e-con e-child\" data-id=\"14b8529\" data-element_type=\"container\" data-e-type=\"container\">\n\t\t\t\t\t<div class=\"e-con-inner\">\n\t\t<div class=\"elementor-element elementor-element-9f145c6 e-flex e-con-boxed e-con e-child\" data-id=\"9f145c6\" data-element_type=\"container\" data-e-type=\"container\">\n\t\t\t\t\t<div class=\"e-con-inner\">\n\t\t\t\t<div class=\"elementor-element elementor-element-599b22a elementor-widget elementor-widget-woocommerce-breadcrumb\" data-id=\"599b22a\" data-element_type=\"widget\" data-e-type=\"widget\" data-widget_type=\"woocommerce-breadcrumb.default\">\n\t\t\t\t<div class=\"elementor-widget-container\">\n\t\t\t\t\t<nav class=\"woocommerce-breadcrumb\" aria-label=\"Breadcrumb\" data-no-translation=\"\" data-trp-gettext=\"\">Startseite<\/nav>\t\t\t\t<\/div>\n\t\t\t\t<\/div>\n\t\t\t\t<div class=\"elementor-element elementor-element-2b13b22 elementor-widget elementor-widget-heading\" data-id=\"2b13b22\" data-element_type=\"widget\" data-e-type=\"widget\" data-widget_type=\"heading.default\">\n\t\t\t\t<div class=\"elementor-widget-container\">\n\t\t\t\t\t<h2 class=\"elementor-heading-title elementor-size-default\">Cookies<\/h2>\t\t\t\t<\/div>\n\t\t\t\t<\/div>\n\t\t\t\t\t<\/div>\n\t\t\t\t<\/div>\n\t\t<div class=\"elementor-element elementor-element-3bf0ba0 e-flex e-con-boxed e-con e-child\" data-id=\"3bf0ba0\" data-element_type=\"container\" data-e-type=\"container\">\n\t\t\t\t\t<div class=\"e-con-inner\">\n\t\t\t\t<div class=\"elementor-element elementor-element-1cde23e elementor-widget elementor-widget-text-editor\" data-id=\"1cde23e\" data-element_type=\"widget\" data-e-type=\"widget\" data-widget_type=\"text-editor.default\">\n\t\t\t\t<div class=\"elementor-widget-container\">\n\t\t\t\t\t\t\t\t\t<p><b>1. Einleitung<\/b><\/p><p>Diese Cookie-Richtlinie erkl\u00e4rt, wie Kamlife.me (\"wir\", \"unser\", \"uns\") Cookies und \u00e4hnliche Technologien verwendet, um Sie zu erkennen, wenn Sie unsere Website [Kamlife.me] besuchen und wie Sie Ihre Cookie-Einstellungen verwalten k\u00f6nnen. Durch die Nutzung unserer Website erkl\u00e4ren Sie sich mit der Verwendung von Cookies, wie in dieser Richtlinie beschrieben, einverstanden.<\/p><p><b>2. Was sind Cookies?<\/b><\/p><p>Cookies sind kleine Textdateien, die auf Ihrem Ger\u00e4t (Computer, Smartphone, Tablet) gespeichert werden, wenn Sie eine Website besuchen. Sie helfen uns, Ihr Ger\u00e4t zu erkennen und Ihr Surferlebnis zu verbessern, indem sie sich Ihre Pr\u00e4ferenzen merken und personalisierte Inhalte bereitstellen.<\/p><p><b>3. Arten von Cookies, die wir verwenden<\/b><\/p><p><b>3.1. Wesentliche Cookies<\/b><\/p><p>Diese Cookies sind f\u00fcr das ordnungsgem\u00e4\u00dfe Funktionieren der Website erforderlich. Sie erm\u00f6glichen grundlegende Funktionen wie die Seitennavigation, sichere Bereiche der Website und die M\u00f6glichkeit, Bestellungen aufzugeben. Ohne diese Cookies sind bestimmte Dienste auf unserer Website m\u00f6glicherweise nicht verf\u00fcgbar.<\/p><p><b>3.2. Leistung Cookies<\/b><\/p><p>Diese Cookies sammeln Informationen dar\u00fcber, wie Sie unsere Website nutzen, z. B. welche Seiten Sie am h\u00e4ufigsten besuchen und welche Fehlermeldungen Sie erhalten. Sie helfen uns, die Leistung und Funktionalit\u00e4t unserer Website zu verbessern.<\/p><p><b>3.3. Funktionale Cookies<\/b><\/p><p>Diese Cookies erm\u00f6glichen es der Website, sich an Ihre Pr\u00e4ferenzen und Entscheidungen zu erinnern, wie z. B. Ihren Benutzernamen, Ihre Sprache oder Ihre Region. Sie verbessern Ihr Erlebnis durch die Bereitstellung personalisierter Funktionen und Inhalte.<\/p><p><b>3.4. Targeting und Werbung Cookies<\/b><\/p><p>Diese Cookies werden verwendet, um Werbung zu schalten, die Ihren Interessen entspricht, und um die Wirksamkeit unserer Marketingkampagnen zu messen. Sie k\u00f6nnen auch verwendet werden, um Ihre Surfgewohnheiten auf verschiedenen Websites zu verfolgen.<\/p><p><b>4. Wie wir Cookies verwenden<\/b><\/p><p>Wir verwenden Cookies f\u00fcr die folgenden Zwecke:<\/p><p>-Zur Erinnerung an Ihre Anmeldeinformationen und Pr\u00e4ferenzen.<\/p><p>-Um die Nutzung der Website zu analysieren und die Benutzerfreundlichkeit zu verbessern.<\/p><p>-Zur Bereitstellung gezielter Werbung und zur Messung der Wirksamkeit unserer Marketingma\u00dfnahmen.<\/p><p><b>5. Cookies von Drittanbietern<\/b><\/p><p>Wir k\u00f6nnen auch Cookies von Partnern und Dienstleistern verwenden, die uns bei der Analyse des Website-Verkehrs, der Verwaltung von Werbung und der Bereitstellung zus\u00e4tzlicher Funktionen helfen. Diese Drittanbieter k\u00f6nnen Informationen \u00fcber Ihre Online-Aktivit\u00e4ten auf verschiedenen Websites sammeln.<\/p><p><b>6. Verwaltung von Cookies<\/b><\/p><p>Sie k\u00f6nnen Ihre Cookie-Pr\u00e4ferenzen \u00fcber Ihre Browser-Einstellungen verwalten. Die meisten Browser erm\u00f6glichen es Ihnen, Cookies \u00fcber ihre Einstellungen zu kontrollieren, z. B. durch das Blockieren oder L\u00f6schen von Cookies. Bitte beachten Sie jedoch, dass die Deaktivierung von Cookies Ihre F\u00e4higkeit beeintr\u00e4chtigen kann, bestimmte Funktionen auf unserer Website zu nutzen.<\/p><p>Weitere Informationen \u00fcber die Verwaltung von Cookies in g\u00e4ngigen Browsern finden Sie unter den folgenden Links:<\/p><p>-<a href=\"https:\/\/support.google.com\/chrome\/answer\/95647?hl=en\" target=\"_blank\" rel=\"noopener\">Google Chrome<\/a><\/p><p>-<a href=\"https:\/\/support.mozilla.org\/en-US\/kb\/enable-and-disable-cookies-website-preferences\" target=\"_blank\" rel=\"noopener\">Mozilla Firefox<\/a><\/p><p>-<a href=\"https:\/\/support.apple.com\/en-us\/HT201265\" target=\"_blank\" rel=\"noopener\">Safari<\/a><\/p><p>-<a href=\"https:\/\/support.microsoft.com\/en-us\/help\/4468242\/microsoft-edge-browsing-data-and-privacy\" target=\"_blank\" rel=\"noopener\">Microsoft Edge<\/a><\/p><p><b>7. \u00c4nderungen an dieser Cookie-Richtlinie<\/b><\/p><p>Wir k\u00f6nnen diese Cookie-Richtlinie von Zeit zu Zeit aktualisieren. Alle \u00c4nderungen werden auf dieser Seite mit einem aktualisierten G\u00fcltigkeitsdatum ver\u00f6ffentlicht. Wenn Sie unsere Website nach einer \u00c4nderung weiterhin nutzen, erkl\u00e4ren Sie sich mit der aktualisierten Richtlinie einverstanden.<\/p>\t\t\t\t\t\t\t\t<\/div>\n\t\t\t\t<\/div>\n\t\t\t\t\t<\/div>\n\t\t\t\t<\/div>\n\t\t\t\t\t<\/div>\n\t\t\t\t<\/div>\n\t\t\t\t\t<\/div>\n\t\t\t\t<\/div>\n\t\t\t\t\t<\/div>\n\t\t\t\t<\/div>\n\t\t\t\t<\/div>","protected":false},"excerpt":{"rendered":"<p>Cookies 1. Introduction This Cookies Policy explains how Kamlife.me (\u201cwe,\u201d \u201cour,\u201d \u201cus\u201d) uses cookies and similar technologies to recognize you when you visit our website [Kamlife.me] and how you can manage your cookie preferences. By using our website, you consent to our use of cookies as described in this policy. 2. What Are Cookies? Cookies [&hellip;]<\/p>","protected":false},"author":3,"featured_media":0,"parent":0,"menu_order":0,"comment_status":"closed","ping_status":"closed","template":"elementor_header_footer","meta":{"inline_featured_image":false,"footnotes":""},"class_list":["post-671","page","type-page","status-publish","hentry"],"_links":{"self":[{"href":"https:\/\/kamlife.me\/de\/wp-json\/wp\/v2\/pages\/671","targetHints":{"allow":["GET"]}}],"collection":[{"href":"https:\/\/kamlife.me\/de\/wp-json\/wp\/v2\/pages"}],"about":[{"href":"https:\/\/kamlife.me\/de\/wp-json\/wp\/v2\/types\/page"}],"author":[{"embeddable":true,"href":"https:\/\/kamlife.me\/de\/wp-json\/wp\/v2\/users\/3"}],"replies":[{"embeddable":true,"href":"https:\/\/kamlife.me\/de\/wp-json\/wp\/v2\/comments?post=671"}],"version-history":[{"count":6,"href":"https:\/\/kamlife.me\/de\/wp-json\/wp\/v2\/pages\/671\/revisions"}],"predecessor-version":[{"id":2670,"href":"https:\/\/kamlife.me\/de\/wp-json\/wp\/v2\/pages\/671\/revisions\/2670"}],"wp:attachment":[{"href":"https:\/\/kamlife.me\/de\/wp-json\/wp\/v2\/media?parent=671"}],"curies":[{"name":"wp","href":"https:\/\/api.w.org\/{rel}","templated":true}]}}