{"id":1204,"date":"2024-08-31T23:43:50","date_gmt":"2024-08-31T23:43:50","guid":{"rendered":"https:\/\/kamlife.me\/?post_type=product&#038;p=1204"},"modified":"2025-08-25T23:30:40","modified_gmt":"2025-08-25T23:30:40","slug":"abhiforce-100","status":"publish","type":"product","link":"https:\/\/kamlife.me\/de\/produkt\/abhiforce-100\/","title":{"rendered":"AbhiForce 100 (Sildenafil)"},"content":{"rendered":"<p><b>VERWENDUNGEN:<\/b> Sildenafil wird zur Behandlung der erektilen Dysfunktion (ED) eingesetzt, indem es die Durchblutung des Penis bei sexueller Stimulation erh\u00f6ht. Es wirkt, indem es die Blutgef\u00e4\u00dfe im Penis entspannt, wodurch eine festere und l\u00e4nger anhaltende Erektion erm\u00f6glicht wird.<\/p>\n<p><b>LAGERUNG:<\/b> Bei Raumtemperatur aufbewahren und vor \u00fcberm\u00e4\u00dfiger Hitze und Feuchtigkeit sch\u00fctzen. Au\u00dferhalb der Reichweite von Kindern aufbewahren.<\/p>\n<p><b>DOSEN:<\/b> Fragen Sie Ihren Arzt nach der richtigen Dosierung.<\/p>\n<p><b>NEBENWIRKUNGEN:<\/b> M\u00f6gliche Nebenwirkungen sind Kopfschmerzen, Hitzewallungen, Verdauungsst\u00f6rungen, verstopfte Nasen, Schwindel und Sehst\u00f6rungen.<\/p>","protected":false},"excerpt":{"rendered":"<p><strong>AbhiForce 100<\/strong> ist ein Generikum zur Behandlung der erektilen Dysfunktion. Es enth\u00e4lt Sildenafil, das hilft, den Blutfluss zum Penis zu erh\u00f6hen.<\/p>","protected":false},"featured_media":1205,"comment_status":"open","ping_status":"closed","template":"","meta":{"inline_featured_image":false},"product_brand":[],"product_cat":[201],"product_tag":[99,97,100,98],"class_list":{"0":"post-1204","1":"product","2":"type-product","3":"status-publish","4":"has-post-thumbnail","6":"product_cat-sexual-health","7":"product_tag-100mg","8":"product_tag-erectile-dysfunction","9":"product_tag-oral-tablets","10":"product_tag-sildenafil","12":"first","13":"outofstock","14":"shipping-taxable","15":"purchasable","16":"product-type-simple"},"_links":{"self":[{"href":"https:\/\/kamlife.me\/de\/wp-json\/wp\/v2\/product\/1204","targetHints":{"allow":["GET"]}}],"collection":[{"href":"https:\/\/kamlife.me\/de\/wp-json\/wp\/v2\/product"}],"about":[{"href":"https:\/\/kamlife.me\/de\/wp-json\/wp\/v2\/types\/product"}],"replies":[{"embeddable":true,"href":"https:\/\/kamlife.me\/de\/wp-json\/wp\/v2\/comments?post=1204"}],"wp:featuredmedia":[{"embeddable":true,"href":"https:\/\/kamlife.me\/de\/wp-json\/wp\/v2\/media\/1205"}],"wp:attachment":[{"href":"https:\/\/kamlife.me\/de\/wp-json\/wp\/v2\/media?parent=1204"}],"wp:term":[{"taxonomy":"product_brand","embeddable":true,"href":"https:\/\/kamlife.me\/de\/wp-json\/wp\/v2\/product_brand?post=1204"},{"taxonomy":"product_cat","embeddable":true,"href":"https:\/\/kamlife.me\/de\/wp-json\/wp\/v2\/product_cat?post=1204"},{"taxonomy":"product_tag","embeddable":true,"href":"https:\/\/kamlife.me\/de\/wp-json\/wp\/v2\/product_tag?post=1204"}],"curies":[{"name":"wp","href":"https:\/\/api.w.org\/{rel}","templated":true}]}}