{"id":1252,"date":"2024-09-01T02:50:13","date_gmt":"2024-09-01T02:50:13","guid":{"rendered":"https:\/\/kamlife.me\/?post_type=product&#038;p=1252"},"modified":"2026-01-02T11:28:37","modified_gmt":"2026-01-02T11:28:37","slug":"apcalis-oral-jelly-7x20mg","status":"publish","type":"product","link":"https:\/\/kamlife.me\/de\/produkt\/apcalis-oral-jelly-7x20mg\/","title":{"rendered":"Apcalis Oral Jelly 7x20mg"},"content":{"rendered":"<p><b>VERWENDUNGEN:<\/b> Apcalis oral jelly enth\u00e4lt Tadalafil und wird zur Behandlung von Erektionsst\u00f6rungen eingesetzt. Es hilft, den Blutfluss zum Penis zu erh\u00f6hen und eine Erektion w\u00e4hrend der sexuellen Aktivit\u00e4t aufrechtzuerhalten.<\/p>\n<p><b>LAGERUNG:<\/b> Bei Raumtemperatur, vor Feuchtigkeit und Hitze gesch\u00fctzt aufbewahren.<\/p>\n<p><b>DOSEN:<\/b> Verwenden Sie das Pr\u00e4parat gem\u00e4\u00df den Anweisungen Ihres medizinischen Betreuers.<\/p>\n<p><b>NEBENWIRKUNGEN:<\/b> Es kann zu Kopf-, R\u00fccken- und Muskelschmerzen, Hautr\u00f6tungen und Verdauungsst\u00f6rungen kommen.<\/p>","protected":false},"excerpt":{"rendered":"<p class=\"p1\">Apcalis Oral Jelly ist eine leicht einzunehmende Alternative zu Cialis, die schnell einzunehmen ist und bis zu 36 Stunden wirkt.<\/p>\n<p><b>VERWENDUNGEN:<\/b> Apcalis oral jelly enth\u00e4lt Tadalafil und wird zur Behandlung von Erektionsst\u00f6rungen eingesetzt. Es hilft, den Blutfluss zum Penis zu erh\u00f6hen und eine Erektion w\u00e4hrend der sexuellen Aktivit\u00e4t aufrechtzuerhalten.<\/p>\n<p><b>LAGERUNG:<\/b> Bei Raumtemperatur, vor Feuchtigkeit und Hitze gesch\u00fctzt aufbewahren.<\/p>\n<p><b>DOSEN:<\/b> Verwenden Sie das Pr\u00e4parat gem\u00e4\u00df den Anweisungen Ihres medizinischen Betreuers.<\/p>\n<p><b>NEBENWIRKUNGEN:<\/b> Es kann zu Kopf-, R\u00fccken- und Muskelschmerzen, Hautr\u00f6tungen und Verdauungsst\u00f6rungen kommen.<\/p>","protected":false},"featured_media":1227,"comment_status":"open","ping_status":"closed","template":"","meta":{"inline_featured_image":false},"product_brand":[],"product_cat":[201],"product_tag":[104,97,102,103],"class_list":{"0":"post-1252","1":"product","2":"type-product","3":"status-publish","4":"has-post-thumbnail","6":"product_cat-sexual-health","7":"product_tag-20mg","8":"product_tag-erectile-dysfunction","9":"product_tag-oral-jelly","10":"product_tag-tadalafil","12":"first","13":"instock","14":"shipping-taxable","15":"purchasable","16":"product-type-simple"},"_links":{"self":[{"href":"https:\/\/kamlife.me\/de\/wp-json\/wp\/v2\/product\/1252","targetHints":{"allow":["GET"]}}],"collection":[{"href":"https:\/\/kamlife.me\/de\/wp-json\/wp\/v2\/product"}],"about":[{"href":"https:\/\/kamlife.me\/de\/wp-json\/wp\/v2\/types\/product"}],"replies":[{"embeddable":true,"href":"https:\/\/kamlife.me\/de\/wp-json\/wp\/v2\/comments?post=1252"}],"wp:featuredmedia":[{"embeddable":true,"href":"https:\/\/kamlife.me\/de\/wp-json\/wp\/v2\/media\/1227"}],"wp:attachment":[{"href":"https:\/\/kamlife.me\/de\/wp-json\/wp\/v2\/media?parent=1252"}],"wp:term":[{"taxonomy":"product_brand","embeddable":true,"href":"https:\/\/kamlife.me\/de\/wp-json\/wp\/v2\/product_brand?post=1252"},{"taxonomy":"product_cat","embeddable":true,"href":"https:\/\/kamlife.me\/de\/wp-json\/wp\/v2\/product_cat?post=1252"},{"taxonomy":"product_tag","embeddable":true,"href":"https:\/\/kamlife.me\/de\/wp-json\/wp\/v2\/product_tag?post=1252"}],"curies":[{"name":"wp","href":"https:\/\/api.w.org\/{rel}","templated":true}]}}