{"id":1253,"date":"2024-09-01T02:52:40","date_gmt":"2024-09-01T02:52:40","guid":{"rendered":"https:\/\/kamlife.me\/?post_type=product&#038;p=1253"},"modified":"2026-01-02T11:28:35","modified_gmt":"2026-01-02T11:28:35","slug":"aurogra-100mg-sildenafil","status":"publish","type":"product","link":"https:\/\/kamlife.me\/de\/produkt\/aurogra-100mg-sildenafil\/","title":{"rendered":"AUROGRA 100MG (Sildenafil)"},"content":{"rendered":"<p><b>VERWENDUNGEN:<\/b> Aurogra 100mg behandelt erektile Dysfunktion, indem es die Durchblutung des Penis steigert und so das Erreichen und Aufrechterhalten einer Erektion unterst\u00fctzt.<\/p>\n<p><b>LAGERUNG:<\/b> An einem trockenen Ort bei Zimmertemperatur aufbewahren.<\/p>\n<p><b>DOSEN:<\/b> Konsultieren Sie Ihren Arzt f\u00fcr Informationen zur Dosierung.<\/p>\n<p><b>NEBENWIRKUNGEN:<\/b> Zu den Nebenwirkungen k\u00f6nnen Kopfschmerzen, Hautr\u00f6tungen, Verdauungsst\u00f6rungen und verstopfte Nasen geh\u00f6ren.<\/p>","protected":false},"excerpt":{"rendered":"<p class=\"p1\">Aurogra 100 mg ist eine wirksame generische Alternative zu Viagra zur Behandlung der erektilen Dysfunktion.<\/p>\n<p><b>VERWENDUNGEN:<\/b> Aurogra 100mg behandelt erektile Dysfunktion, indem es die Durchblutung des Penis steigert und so das Erreichen und Aufrechterhalten einer Erektion unterst\u00fctzt.<\/p>\n<p><b>LAGERUNG:<\/b> An einem trockenen Ort bei Zimmertemperatur aufbewahren.<\/p>\n<p><b>DOSEN:<\/b> Konsultieren Sie Ihren Arzt f\u00fcr Informationen zur Dosierung.<\/p>\n<p><b>NEBENWIRKUNGEN:<\/b> Zu den Nebenwirkungen k\u00f6nnen Kopfschmerzen, Hautr\u00f6tungen, Verdauungsst\u00f6rungen und verstopfte Nasen geh\u00f6ren.<\/p>","protected":false},"featured_media":2925,"comment_status":"open","ping_status":"closed","template":"","meta":{"inline_featured_image":false},"product_brand":[],"product_cat":[201],"product_tag":[99,97,100,98],"class_list":{"0":"post-1253","1":"product","2":"type-product","3":"status-publish","4":"has-post-thumbnail","6":"product_cat-sexual-health","7":"product_tag-100mg","8":"product_tag-erectile-dysfunction","9":"product_tag-oral-tablets","10":"product_tag-sildenafil","12":"first","13":"instock","14":"shipping-taxable","15":"purchasable","16":"product-type-simple"},"_links":{"self":[{"href":"https:\/\/kamlife.me\/de\/wp-json\/wp\/v2\/product\/1253","targetHints":{"allow":["GET"]}}],"collection":[{"href":"https:\/\/kamlife.me\/de\/wp-json\/wp\/v2\/product"}],"about":[{"href":"https:\/\/kamlife.me\/de\/wp-json\/wp\/v2\/types\/product"}],"replies":[{"embeddable":true,"href":"https:\/\/kamlife.me\/de\/wp-json\/wp\/v2\/comments?post=1253"}],"wp:featuredmedia":[{"embeddable":true,"href":"https:\/\/kamlife.me\/de\/wp-json\/wp\/v2\/media\/2925"}],"wp:attachment":[{"href":"https:\/\/kamlife.me\/de\/wp-json\/wp\/v2\/media?parent=1253"}],"wp:term":[{"taxonomy":"product_brand","embeddable":true,"href":"https:\/\/kamlife.me\/de\/wp-json\/wp\/v2\/product_brand?post=1253"},{"taxonomy":"product_cat","embeddable":true,"href":"https:\/\/kamlife.me\/de\/wp-json\/wp\/v2\/product_cat?post=1253"},{"taxonomy":"product_tag","embeddable":true,"href":"https:\/\/kamlife.me\/de\/wp-json\/wp\/v2\/product_tag?post=1253"}],"curies":[{"name":"wp","href":"https:\/\/api.w.org\/{rel}","templated":true}]}}