{"id":1261,"date":"2024-09-01T03:11:48","date_gmt":"2024-09-01T03:11:48","guid":{"rendered":"https:\/\/kamlife.me\/?post_type=product&#038;p=1261"},"modified":"2025-08-25T23:30:40","modified_gmt":"2025-08-25T23:30:40","slug":"lovegra-gelatina-orale","status":"publish","type":"product","link":"https:\/\/kamlife.me\/de\/produkt\/lovegra-gelatina-orale\/","title":{"rendered":"LOVEGRA Gelee zum Einnehmen"},"content":{"rendered":"<p><b>VERWENDUNGEN:<\/b> Lovegra Oral Jelly ist f\u00fcr Frauen mit sexuellen Erregungsst\u00f6rungen bestimmt. Es enth\u00e4lt Sildenafil und hilft, die sexuelle Funktion zu verbessern.<\/p>\n<p><b>LAGERUNG:<\/b> Bei Raumtemperatur, vor \u00fcberm\u00e4\u00dfiger Hitze und Feuchtigkeit gesch\u00fctzt aufbewahren.<\/p>\n<p><b>DOSEN:<\/b> Befolgen Sie die Anweisungen Ihres medizinischen Betreuers.<\/p>\n<p><b>NEBENWIRKUNGEN:<\/b> Kann zu Kopfschmerzen, \u00dcbelkeit und Hautr\u00f6tung f\u00fchren.<\/p>","protected":false},"excerpt":{"rendered":"<p class=\"p1\">Lovegra in Form von Gelee zum Einnehmen, das die weibliche Libido steigern soll.<\/p>","protected":false},"featured_media":1214,"comment_status":"open","ping_status":"closed","template":"","meta":{"inline_featured_image":false},"product_brand":[],"product_cat":[198],"product_tag":[102,110,98],"class_list":{"0":"post-1261","1":"product","2":"type-product","3":"status-publish","4":"has-post-thumbnail","6":"product_cat-stimulants","7":"product_tag-oral-jelly","8":"product_tag-sexual-arousal-disorder","9":"product_tag-sildenafil","11":"first","12":"instock","13":"shipping-taxable","14":"purchasable","15":"product-type-simple"},"_links":{"self":[{"href":"https:\/\/kamlife.me\/de\/wp-json\/wp\/v2\/product\/1261","targetHints":{"allow":["GET"]}}],"collection":[{"href":"https:\/\/kamlife.me\/de\/wp-json\/wp\/v2\/product"}],"about":[{"href":"https:\/\/kamlife.me\/de\/wp-json\/wp\/v2\/types\/product"}],"replies":[{"embeddable":true,"href":"https:\/\/kamlife.me\/de\/wp-json\/wp\/v2\/comments?post=1261"}],"wp:featuredmedia":[{"embeddable":true,"href":"https:\/\/kamlife.me\/de\/wp-json\/wp\/v2\/media\/1214"}],"wp:attachment":[{"href":"https:\/\/kamlife.me\/de\/wp-json\/wp\/v2\/media?parent=1261"}],"wp:term":[{"taxonomy":"product_brand","embeddable":true,"href":"https:\/\/kamlife.me\/de\/wp-json\/wp\/v2\/product_brand?post=1261"},{"taxonomy":"product_cat","embeddable":true,"href":"https:\/\/kamlife.me\/de\/wp-json\/wp\/v2\/product_cat?post=1261"},{"taxonomy":"product_tag","embeddable":true,"href":"https:\/\/kamlife.me\/de\/wp-json\/wp\/v2\/product_tag?post=1261"}],"curies":[{"name":"wp","href":"https:\/\/api.w.org\/{rel}","templated":true}]}}