{"id":1268,"date":"2024-09-01T03:31:08","date_gmt":"2024-09-01T03:31:08","guid":{"rendered":"https:\/\/kamlife.me\/?post_type=product&#038;p=1268"},"modified":"2026-01-02T11:28:34","modified_gmt":"2026-01-02T11:28:34","slug":"cenforce-10-x-200mg","status":"publish","type":"product","link":"https:\/\/kamlife.me\/de\/produkt\/cenforce-10-x-200mg\/","title":{"rendered":"Cenforce 10 x 200mg"},"content":{"rendered":"<p><b>VERWENDUNGEN:<\/b> Cenforce 200mg wird zur Behandlung von Erektionsst\u00f6rungen verwendet, indem es den Blutfluss zum Penis erh\u00f6ht. Es hilft, eine feste Erektion w\u00e4hrend der sexuellen Aktivit\u00e4t zu erreichen.<\/p>\n<p><b>LAGERUNG:<\/b> Bei Raumtemperatur, vor Licht und Feuchtigkeit gesch\u00fctzt aufbewahren.<\/p>\n<p><b>DOSEN:<\/b> Verwenden Sie das Pr\u00e4parat gem\u00e4\u00df den Anweisungen Ihres medizinischen Betreuers.<\/p>\n<p><b>NEBENWIRKUNGEN:<\/b> Kann zu Kopfschmerzen, Hautr\u00f6tung, \u00dcbelkeit und Sehst\u00f6rungen f\u00fchren.<\/p>","protected":false},"excerpt":{"rendered":"<p class=\"p1\">Cenforce 200 mg ist eine hochwirksame Version von Sildenafil, die f\u00fcr schwere F\u00e4lle von erektiler Dysfunktion empfohlen wird.<\/p>","protected":false},"featured_media":1223,"comment_status":"open","ping_status":"closed","template":"","meta":{"inline_featured_image":false},"product_brand":[207],"product_cat":[201],"product_tag":[115,97,100,98],"class_list":{"0":"post-1268","1":"product","2":"type-product","3":"status-publish","4":"has-post-thumbnail","6":"product_brand-cenforce","7":"product_cat-sexual-health","8":"product_tag-200-mg","9":"product_tag-erectile-dysfunction","10":"product_tag-oral-tablets","11":"product_tag-sildenafil","13":"first","14":"instock","15":"shipping-taxable","16":"purchasable","17":"product-type-simple"},"_links":{"self":[{"href":"https:\/\/kamlife.me\/de\/wp-json\/wp\/v2\/product\/1268","targetHints":{"allow":["GET"]}}],"collection":[{"href":"https:\/\/kamlife.me\/de\/wp-json\/wp\/v2\/product"}],"about":[{"href":"https:\/\/kamlife.me\/de\/wp-json\/wp\/v2\/types\/product"}],"replies":[{"embeddable":true,"href":"https:\/\/kamlife.me\/de\/wp-json\/wp\/v2\/comments?post=1268"}],"wp:featuredmedia":[{"embeddable":true,"href":"https:\/\/kamlife.me\/de\/wp-json\/wp\/v2\/media\/1223"}],"wp:attachment":[{"href":"https:\/\/kamlife.me\/de\/wp-json\/wp\/v2\/media?parent=1268"}],"wp:term":[{"taxonomy":"product_brand","embeddable":true,"href":"https:\/\/kamlife.me\/de\/wp-json\/wp\/v2\/product_brand?post=1268"},{"taxonomy":"product_cat","embeddable":true,"href":"https:\/\/kamlife.me\/de\/wp-json\/wp\/v2\/product_cat?post=1268"},{"taxonomy":"product_tag","embeddable":true,"href":"https:\/\/kamlife.me\/de\/wp-json\/wp\/v2\/product_tag?post=1268"}],"curies":[{"name":"wp","href":"https:\/\/api.w.org\/{rel}","templated":true}]}}