{"id":2882,"date":"2024-09-19T12:36:35","date_gmt":"2024-09-19T12:36:35","guid":{"rendered":"https:\/\/kamlife.me\/?post_type=product&#038;p=2882"},"modified":"2026-02-07T20:09:57","modified_gmt":"2026-02-07T20:09:57","slug":"vitara-v-20mg","status":"publish","type":"product","link":"https:\/\/kamlife.me\/de\/produkt\/vitara-v-20mg\/","title":{"rendered":"Vitara V 20mg"},"content":{"rendered":"<h2><span id=\"Vitara_v20_Vardenafil_by_Signature_Pharmaceuticals_Limited\">Einf\u00fchrung in Vitara V 20 mg\u00a0<\/span><\/h2>\n<p>Vitara V 20 mg Tabletten geh\u00f6ren zu den Medikamenten, die oral an M\u00e4nner verabreicht werden, die an\u00a0<a href=\"https:\/\/24x7pharma.com\/erectile-dysfunction-ed\/\" target=\"_blank\" rel=\"noopener\">erektile Dysfunktion<\/a>. Dieses Medikament geh\u00f6rt zu der PDE5-Familie von Medikamenten oder der Phosphodiesterase-Typ-5-Hemmer.<\/p>\n<h3><span id=\"What_to_Use_It_For\" class=\"ez-toc-section\"><\/span><span id=\"What_to_Use_It_For\">Wof\u00fcr ist es zu verwenden?<\/span><\/h3>\n<p>Vitara V 20 mg wird haupts\u00e4chlich zur Behandlung der Erektilen Dysfunktion (ED) bei M\u00e4nnern eingesetzt. Das Medikament wird auch verwendet f\u00fcr die Behandlung von\u00a0<a href=\"https:\/\/medlineplus.gov\/ency\/article\/002378.htm\" target=\"_blank\" rel=\"nofollow noopener\">hepatisch<\/a>\u00a0und Nierenfunktionsst\u00f6rungen, ben\u00f6tigen aber ein Rezept vom Arzt.<\/p>\n<h3><span id=\"Dosages_of_Vitara_V_20_mg\" class=\"ez-toc-section\"><\/span><span id=\"Vitara_V20_Recommended_Dosage\">Dosierungen von Vitara V 20 mg<\/span><\/h3>\n<p>Um sch\u00e4dliche Nebenwirkungen zu vermeiden, m\u00fcssen die Patienten darauf achten, die richtige Dosierung einzuhalten. F\u00fcr die meisten Patienten ist die empfohlene Anfangsdosis bei der Einnahme von Vitara 10 mg. Es muss bei Bedarf oral eingenommen werden, wenn m\u00f6glich 60 Minuten vor einer sexuellen Aktivit\u00e4t. Die Dosis kann bis zu einer H\u00f6chstdosis von 20 mg erh\u00f6ht werden. Sie kann auch auf 5 mg verringert werden, je nach Wirksamkeit oder Nebenwirkungen des Arzneimittels.<\/p>\n<p>F\u00fcr die meisten Patienten ist die maximale empfohlene Dosierungsh\u00e4ufigkeit f\u00fcr Vitara v 20, 1 einmal pro Tag. Aber damit der Patient gut auf die Wirkung der Medikamente reagieren kann, ist eine sexuelle Stimulation erforderlich.<\/p>\n<h3><span id=\"Side_Effects\">Nebenwirkungen von Vitara V 20 mg<\/span><\/h3>\n<p>Einige der h\u00e4ufigsten Nebenwirkungen von Vitara v 20 sind Dyspepsie, Flush, Kopfschmerzen und pl\u00f6tzlicher H\u00f6rverlust, Rhinitis, kardiovaskul\u00e4re Effekte sowie QT-Verl\u00e4ngerung. Es gibt auch weniger h\u00e4ufige Nebenwirkungen bei der Einnahme des Arzneimittels. Dazu geh\u00f6ren Schmerzen im Arm, im R\u00fccken, im Kiefer und in der Brust. Es kann auch zu kalten Schwei\u00dfausbr\u00fcchen, Sch\u00fcttelfrost, Verwirrung, Ohnmacht, Blindheit, Schwindel und Schluckbeschwerden f\u00fchren.<\/p>\n<p>Es kann auch zu Kopfschmerzen, Ohrensausen, \u00dcbelkeit, erschwerter Atmung, Tr\u00e4nenfluss und Erbrechen kommen.<\/p>\n<p>Lagerung und Entsorgung von Vitara v 20<\/p>\n<ul>\n<li>Das Arzneimittel muss bei Raumtemperatur gelagert werden.<\/li>\n<li>Es muss vor Sonnenlicht gesch\u00fctzt werden.<\/li>\n<li>Nicht im Badezimmer oder in anderen R\u00e4umen mit hoher Feuchtigkeit lagern.<\/li>\n<li>Achten Sie darauf, dass Sie es an einem trockenen Ort aufbewahren.<\/li>\n<li>Bewahren Sie die Arzneimittel stets an einem sicheren Ort auf. Bewahren Sie sie au\u00dferhalb der Reichweite von Kindern auf. Sie m\u00fcssen auch von Haustieren ferngehalten werden.<\/li>\n<li>Nicht verwendete oder abgelaufene Medikamente m\u00fcssen ordnungsgem\u00e4\u00df entsorgt werden. Sp\u00fclen Sie die Medikamente niemals in einer Toilette herunter oder sch\u00fctten Sie sie in den Abfluss.<\/li>\n<li>Wenden Sie sich an Ihren Apotheker, um weitere Tipps f\u00fcr die ordnungsgem\u00e4\u00dfe Entsorgung der Arzneimittel zu erhalten.<\/li>\n<li>Erkundigen Sie sich, ob es in Ihrer Gegend ein Programm zur R\u00fccknahme von Medikamenten gibt. Wenn ja, dann entsorgen Sie die Medikamente dort.<\/li>\n<\/ul>\n<h3><span id=\"Consumer_Information\" class=\"ez-toc-section\"><\/span><span id=\"Consumer_Information\">Informationen f\u00fcr Verbraucher<\/span><\/h3>\n<ul>\n<li>Wenn Ihre sexuellen Probleme nicht verschwinden, nachdem Sie das Medikament eine Zeit lang eingenommen haben, sollten Sie mit Ihrem Arzt sprechen. Auch wenn Sie festgestellt haben, dass sich Ihre Symptome verschlimmern, anstatt besser zu werden, sollten Sie die Einnahme sofort beenden und sofort mit Ihrem Arzt sprechen.<\/li>\n<li>Vermeiden Sie es, die Medikamente mit anderen Personen zu teilen und nehmen Sie nicht die Medikamente anderer Personen ein, auch wenn diese f\u00fcr die Behandlung von Erektionsst\u00f6rungen bestimmt sind.<\/li>\n<li>Einige der Medikamente k\u00f6nnen mit Empfehlungen versehen sein, die f\u00fcr einen anderen Patienten bestimmt sind und nicht f\u00fcr Sie.<\/li>\n<li>Fragen Sie immer einen Apotheker oder eine Apothekerin, wenn Sie sich \u00fcber die richtige Einnahme des Arzneimittels nicht sicher sind. Sie k\u00f6nnen auch mit Ihrem Arzt oder Ihrer \u00c4rztin sprechen, um herauszufinden, ob das Arzneimittel f\u00fcr Sie geeignet ist oder nicht.<\/li>\n<li>Wenn Sie eine \u00dcberdosis des Medikaments eingenommen haben, sollten Sie sich sofort mit Ihrem \u00f6rtlichen Giftnotrufzentrum in Verbindung setzen. Suchen Sie sofort \u00e4rztliche Hilfe auf. Informieren Sie sie \u00fcber alles, was passiert ist. Sagen Sie ihnen, wie viel Sie letztendlich eingenommen haben, wann Sie die Drogen eingenommen haben usw. Auf diese Weise k\u00f6nnen sie einen geeigneten Behandlungsplan f\u00fcr Sie erstellen.<\/li>\n<\/ul>\n<h3><span id=\"Precautions\" class=\"ez-toc-section\"><\/span><span id=\"Precautions\">Vorsichtsma\u00dfnahmen<\/span><\/h3>\n<p>Bevor Sie das Vitara v 20 einnehmen, sollten Sie einen Termin mit Ihrem Arzt vereinbaren. Der Arzt kann einen Test durchf\u00fchren, um die Ursache Ihrer erektilen Dysfunktion zu ermitteln. Wenn Sie Bluthochdruck haben oder an einer Herz-Kreislauf-Erkrankung leiden, sollten Sie Ihren Arzt dar\u00fcber informieren. Sie sollten vermeiden, das Medikament zusammen mit Grapefruits oder anderen Lebensmitteln mit hohem Alkoholgehalt einzunehmen, da diese Lebensmittel die Nebenwirkungen des Medikaments verst\u00e4rken k\u00f6nnen. Bevor Sie sich entscheiden, das Medikament abzusetzen, sollten Sie mit Ihrem Arzt dar\u00fcber sprechen.<\/p>","protected":false},"excerpt":{"rendered":"<p>Introduction to Vitara V 20 mg\u00a0 Vitara V 20 mg tablets are among those medications that are being administered orally on men who suffer from\u00a0erectile dysfunction. This drug belongs to the PDE5 family of drugs or the phosphodiesterase type 5 inhibitor. What to Use It For? Vitara V 20 mg is used mainly for the [&hellip;]<\/p>","protected":false},"featured_media":2883,"comment_status":"open","ping_status":"closed","template":"","meta":{"inline_featured_image":false},"product_brand":[],"product_cat":[199],"product_tag":[],"class_list":{"0":"post-2882","1":"product","2":"type-product","3":"status-publish","4":"has-post-thumbnail","6":"product_cat-enhancers","8":"first","9":"outofstock","10":"shipping-taxable","11":"purchasable","12":"product-type-simple"},"_links":{"self":[{"href":"https:\/\/kamlife.me\/de\/wp-json\/wp\/v2\/product\/2882","targetHints":{"allow":["GET"]}}],"collection":[{"href":"https:\/\/kamlife.me\/de\/wp-json\/wp\/v2\/product"}],"about":[{"href":"https:\/\/kamlife.me\/de\/wp-json\/wp\/v2\/types\/product"}],"replies":[{"embeddable":true,"href":"https:\/\/kamlife.me\/de\/wp-json\/wp\/v2\/comments?post=2882"}],"wp:featuredmedia":[{"embeddable":true,"href":"https:\/\/kamlife.me\/de\/wp-json\/wp\/v2\/media\/2883"}],"wp:attachment":[{"href":"https:\/\/kamlife.me\/de\/wp-json\/wp\/v2\/media?parent=2882"}],"wp:term":[{"taxonomy":"product_brand","embeddable":true,"href":"https:\/\/kamlife.me\/de\/wp-json\/wp\/v2\/product_brand?post=2882"},{"taxonomy":"product_cat","embeddable":true,"href":"https:\/\/kamlife.me\/de\/wp-json\/wp\/v2\/product_cat?post=2882"},{"taxonomy":"product_tag","embeddable":true,"href":"https:\/\/kamlife.me\/de\/wp-json\/wp\/v2\/product_tag?post=2882"}],"curies":[{"name":"wp","href":"https:\/\/api.w.org\/{rel}","templated":true}]}}