{"id":5148,"date":"2025-06-13T10:28:57","date_gmt":"2025-06-13T10:28:57","guid":{"rendered":"https:\/\/kamlife.me\/?post_type=product&#038;p=5148"},"modified":"2025-08-28T14:33:36","modified_gmt":"2025-08-28T14:33:36","slug":"super-tadapox-tadalafil-40-mg-dapoxetina-60-mg","status":"publish","type":"product","link":"https:\/\/kamlife.me\/de\/produkt\/super-tadapox-tadalafil-40-mg-dapoxetina-60-mg\/","title":{"rendered":"Super Tadapox , Tadalafil 40 mg Dapoxetina 60 mg"},"content":{"rendered":"<p class=\"p1\"><b>Super Tadapox - Tadalafil 40 mg + Dapoxetin 60 mg<\/b><b><\/b><\/p>\n<p class=\"p1\"><b>Doppelte Leistung, verl\u00e4ngertes Vergn\u00fcgen.<\/b><b><\/b><\/p>\n<p class=\"p3\">Super Tadapox ist eine fortschrittliche Kombinationsformel zur gleichzeitigen Behandlung von erektiler Dysfunktion und vorzeitiger Ejakulation. Es enth\u00e4lt Tadalafil 40 mg f\u00fcr eine starke und lang anhaltende Erektion von bis zu 36 Stunden und Dapoxetin 60 mg, um die Ejakulation zu verz\u00f6gern und die sexuelle Leistung zu verbessern.<\/p>\n<p class=\"p1\"><span class=\"s1\">\u2705 <\/span><b>Wichtigste Vorteile<\/b><b><\/b><\/p>\n<p class=\"p4\">\n<ul>\n<li>\n<p class=\"p1\">Schnelle, nat\u00fcrliche und lang anhaltende Erektion<\/p>\n<\/li>\n<li>\n<p class=\"p1\">Kontrolle \u00fcber den Zeitpunkt der Ejakulation<\/p>\n<\/li>\n<li>\n<p class=\"p1\">Doppelte Wirkung in einer einzigen Tablette<\/p>\n<\/li>\n<li>\n<p class=\"p1\">Schnelle Wirkung innerhalb von 30-60 Minuten<\/p>\n<\/li>\n<li>\n<p class=\"p1\">Verl\u00e4ngerte Wirkung von bis zu 36 Stunden<\/p>\n<\/li>\n<\/ul>\n<p>&nbsp;<\/p>\n<p class=\"p1\"><span class=\"s1\">\ud83d\udc8a <\/span><b>Zusammensetzung<\/b><b><\/b><\/p>\n<p class=\"p4\">\n<ul>\n<li>\n<p class=\"p1\">Tadalafil: 40 mg<\/p>\n<\/li>\n<li>\n<p class=\"p1\">Dapoxetin: 60 mg<\/p>\n<\/li>\n<li>\n<p class=\"p1\">Packung: 10<\/p>\n<\/li>\n<\/ul>\n<p>&nbsp;<\/p>\n<p class=\"p1\"><span class=\"s1\">\ud83d\udccc <\/span><b>Gebrauchsanweisung<\/b><b><\/b><\/p>\n<p class=\"p3\">Nehmen Sie 1 Tablette mit Wasser etwa 30-60 Minuten vor der sexuellen Aktivit\u00e4t ein.<\/p>\n<p class=\"p3\">Nehmen Sie nicht mehr als 1 Tablette alle 24 Stunden ein. Es wird empfohlen, mit einer halben Tablette zu beginnen, um die Vertr\u00e4glichkeit zu beurteilen.<\/p>\n<p class=\"p1\"><span class=\"s1\">\u26a0\ufe0f <\/span><b>Warnungen<\/b><b><\/b><\/p>\n<p class=\"p4\">\n<ul>\n<li>\n<p class=\"p1\">Nicht in Kombination mit Nitraten oder Alkohol verwenden.<\/p>\n<\/li>\n<li>\n<p class=\"p1\">Nicht geeignet f\u00fcr Personen mit schweren Herz-Kreislauf-Problemen.<\/p>\n<\/li>\n<li>\n<p class=\"p1\">Konsultieren Sie vor der Einnahme einen Arzt, insbesondere bei gleichzeitigen Therapien.<\/p>\n<\/li>\n<li>\n<p class=\"p1\">Nur f\u00fcr Erwachsene. Der Verkauf ist nur f\u00fcr den pers\u00f6nlichen Gebrauch bestimmt.<\/p>\n<\/li>\n<\/ul>\n<p>&nbsp;<\/p>\n<p class=\"p3\">Haben Sie Fragen? Kontaktieren Sie uns per Chat f\u00fcr vertrauliche Hilfe.<\/p>","protected":false},"excerpt":{"rendered":"<p class=\"p1\"><b>Super Tadapox - Tadalafil 40 mg + Dapoxetin 60 mg<\/b><b><\/b><\/p>\n<p class=\"p2\">Eine einzige Tablette f\u00fcr eine doppelte Wirkung: starke Erektion und Kontrolle \u00fcber die Ejakulation. Es wirkt innerhalb von 30-60 Minuten, mit einer Wirkung von bis zu 36 Stunden. Ideal f\u00fcr diejenigen, die eine vollst\u00e4ndige und lang anhaltende Leistung suchen.<\/p>","protected":false},"featured_media":5149,"comment_status":"open","ping_status":"closed","template":"","meta":{"inline_featured_image":false},"product_brand":[],"product_cat":[199],"product_tag":[],"class_list":{"0":"post-5148","1":"product","2":"type-product","3":"status-publish","4":"has-post-thumbnail","6":"product_cat-enhancers","8":"first","9":"instock","10":"shipping-taxable","11":"purchasable","12":"product-type-simple"},"_links":{"self":[{"href":"https:\/\/kamlife.me\/de\/wp-json\/wp\/v2\/product\/5148","targetHints":{"allow":["GET"]}}],"collection":[{"href":"https:\/\/kamlife.me\/de\/wp-json\/wp\/v2\/product"}],"about":[{"href":"https:\/\/kamlife.me\/de\/wp-json\/wp\/v2\/types\/product"}],"replies":[{"embeddable":true,"href":"https:\/\/kamlife.me\/de\/wp-json\/wp\/v2\/comments?post=5148"}],"wp:featuredmedia":[{"embeddable":true,"href":"https:\/\/kamlife.me\/de\/wp-json\/wp\/v2\/media\/5149"}],"wp:attachment":[{"href":"https:\/\/kamlife.me\/de\/wp-json\/wp\/v2\/media?parent=5148"}],"wp:term":[{"taxonomy":"product_brand","embeddable":true,"href":"https:\/\/kamlife.me\/de\/wp-json\/wp\/v2\/product_brand?post=5148"},{"taxonomy":"product_cat","embeddable":true,"href":"https:\/\/kamlife.me\/de\/wp-json\/wp\/v2\/product_cat?post=5148"},{"taxonomy":"product_tag","embeddable":true,"href":"https:\/\/kamlife.me\/de\/wp-json\/wp\/v2\/product_tag?post=5148"}],"curies":[{"name":"wp","href":"https:\/\/api.w.org\/{rel}","templated":true}]}}