{"id":5381,"date":"2025-07-10T00:15:48","date_gmt":"2025-07-10T00:15:48","guid":{"rendered":"https:\/\/kamlife.me\/?post_type=product&#038;p=5381"},"modified":"2026-04-09T05:04:17","modified_gmt":"2026-04-09T05:04:17","slug":"super-careforce-160mg-2w1","status":"publish","type":"product","link":"https:\/\/kamlife.me\/de\/produkt\/super-careforce-160mg-2w1\/","title":{"rendered":"Super Careforce 160mg 2w1"},"content":{"rendered":"<p class=\"p1\"><span class=\"s1\"><b>Super Care Force<\/b><\/span> ist ein Kombinationspr\u00e4parat, das h\u00e4ufig zur Behandlung von erektiler Dysfunktion (ED) und vorzeitiger Ejakulation (PE) bei M\u00e4nnern eingesetzt wird. Es handelt sich um eine generische Version, die von indischen Pharmaunternehmen wie <span class=\"s1\"><b>Pflegeclub<\/b><\/span> (wie auf der Verpackung angegeben), und \u00e4hnelt bekannten Produkten wie <span class=\"s1\"><b>Super P-Kraft<\/b><\/span>.<\/p>\n<p class=\"p3\"><span class=\"s2\">\ud83d\udc8a <\/span><b>Hauptzusammensetzung der Super Care Force:<\/b><b><\/b><\/p>\n<ul>\n<li>\n<p class=\"p1\"><b>Sildenafil-Zitrat (100 mg)<\/b><b><\/b><\/p>\n<p class=\"p2\">Das gleiche Molek\u00fcl ist auch in Viagra enthalten.<\/p>\n<p class=\"p2\">Wirkt, indem es die Muskeln entspannt und die Durchblutung des Penis erh\u00f6ht, was die Erektion bei sexueller Stimulation erleichtert.<\/p>\n<\/li>\n<li>\n<p class=\"p1\"><b>Dapoxetin (60 mg)<\/b><b><\/b><\/p>\n<p class=\"p2\">Ein selektiver Serotonin-Wiederaufnahme-Hemmer (SSRI).<\/p>\n<p class=\"p2\">Wird verwendet, um die Ejakulation zu verz\u00f6gern und den Geschlechtsverkehr zu verl\u00e4ngern.<\/p>\n<\/li>\n<\/ul>\n<p class=\"p3\"><span class=\"s2\">\ud83e\uddea <\/span><b>Therapeutische Indikationen:<\/b><b><\/b><\/p>\n<ul>\n<li>\n<p class=\"p1\">Gleichzeitige Behandlung von erektiler Dysfunktion und vorzeitiger Ejakulation.<\/p>\n<\/li>\n<li>\n<p class=\"p1\">Verbesserung der m\u00e4nnlichen sexuellen Leistungsf\u00e4higkeit.<\/p>\n<\/li>\n<\/ul>\n<p>&nbsp;<\/p>\n<p class=\"p3\"><span class=\"s2\">\u26a0\ufe0f <\/span><b>Gebrauchsanweisung (indikativ, kein Ersatz f\u00fcr \u00e4rztlichen Rat):<\/b><b><\/b><\/p>\n<ul>\n<li>\n<p class=\"p1\">Eine Tablette wird 30-60 Minuten vor der sexuellen Aktivit\u00e4t eingenommen.<\/p>\n<\/li>\n<li>\n<p class=\"p1\">Nehmen Sie nicht mehr als eine Tablette innerhalb von 24 Stunden ein.<\/p>\n<\/li>\n<\/ul>\n<p>&nbsp;<\/p>\n<p class=\"p3\"><span class=\"s2\">\u2705 <\/span><b>VORTEILE VON SUPER CARE FORCE<\/b><b><\/b><\/p>\n<ol start=\"1\">\n<li>\n<p class=\"p1\"><b>St\u00e4rkere und l\u00e4nger anhaltende Erektionen<\/b><b><\/b><\/p>\n<p class=\"p2\">Sildenafil erh\u00f6ht die Durchblutung des Penis und hilft so, bei sexueller Stimulation eine befriedigende Erektion zu erreichen und aufrechtzuerhalten.<\/p>\n<\/li>\n<li>\n<p class=\"p1\"><b>Bessere Kontrolle \u00fcber die Ejakulation<\/b><b><\/b><\/p>\n<p class=\"p2\">Dapoxetin wirkt auf das zentrale Nervensystem, um die Ejakulation zu verz\u00f6gern, die Kontrolle zu verbessern und die Dauer des Geschlechtsverkehrs zu verl\u00e4ngern.<\/p>\n<\/li>\n<li>\n<p class=\"p1\"><b>Verbesserte sexuelle Befriedigung<\/b><b><\/b><\/p>\n<p class=\"p2\">Die kombinierte Wirkung von st\u00e4rkeren Erektionen und l\u00e4nger anhaltendem Geschlechtsverkehr tr\u00e4gt zu einem erf\u00fcllteren Sexualleben sowohl f\u00fcr den Mann als auch f\u00fcr seine Partnerin bei.<\/p>\n<\/li>\n<li>\n<p class=\"p1\"><b>Kombinierte Wirkung in einer einzigen Tablette<\/b><b><\/b><\/p>\n<p class=\"p2\">Behandelt zwei h\u00e4ufige sexuelle St\u00f6rungen gleichzeitig (ED + PE), ohne dass mehrere Medikamente eingenommen werden m\u00fcssen.<\/p>\n<\/li>\n<li>\n<p class=\"p1\"><b>Gest\u00e4rktes Selbstvertrauen<\/b><b><\/b><\/p>\n<p class=\"p2\">Die F\u00e4higkeit, ein komplettes sexuelles Erlebnis ohne Unterbrechungen zu haben, kann das Selbstwertgef\u00fchl steigern und Leistungsangst verringern.<\/p>\n<\/li>\n<li>\n<p class=\"p1\"><b>Schnelles Einsetzen<\/b><b><\/b><\/p>\n<p class=\"p2\">Wirkt innerhalb von 30-60 Minuten und erm\u00f6glicht eine relativ einfache Planung der sexuellen Aktivit\u00e4t.<\/p>\n<\/li>\n<li>\n<p class=\"p1\"><b>Verbessertes psychologisches Wohlbefinden<\/b><b><\/b><\/p>\n<p class=\"p2\">Die Verbesserung des Sexuallebens kann sich auch positiv auf andere Aspekte des Beziehungs- und Gef\u00fchlslebens auswirken.<\/p>\n<\/li>\n<\/ol>","protected":false},"excerpt":{"rendered":"<article class=\"text-token-text-primary w-full\" dir=\"auto\" data-testid=\"conversation-turn-8\" data-scroll-anchor=\"true\">\n<div class=\"text-base my-auto mx-auto py-5 [--thread-content-margin:--spacing(4)] @[37rem]:[--thread-content-margin:--spacing(6)] @[72rem]:[--thread-content-margin:--spacing(16)] px-(--thread-content-margin)\">\n<div class=\"[--thread-content-max-width:32rem] @[34rem]:[--thread-content-max-width:40rem] @[64rem]:[--thread-content-max-width:48rem] mx-auto flex max-w-(--thread-content-max-width) flex-1 text-base gap-4 md:gap-5 lg:gap-6 group\/turn-messages focus-visible:outline-hidden\" tabindex=\"-1\">\n<div class=\"group\/conversation-turn relative flex w-full min-w-0 flex-col agent-turn\">\n<div class=\"relative flex-col gap-1 md:gap-3\">\n<div class=\"flex max-w-full flex-col grow\">\n<div class=\"min-h-8 text-message relative flex w-full flex-col items-end gap-2 text-start break-words whitespace-normal [.text-message+&amp;]:mt-5\" dir=\"auto\" data-message-author-role=\"assistant\" data-message-id=\"df2d8f2a-41e1-49b0-b8b7-d59589814fc8\" data-message-model-slug=\"gpt-4o\">\n<div class=\"flex w-full flex-col gap-1 empty:hidden first:pt-[3px]\">\n<div class=\"markdown prose dark:prose-invert w-full break-words light\">\n<p class=\"p1\"><b>Super Care Force ist ein Kombinationspr\u00e4parat zur gleichzeitigen Behandlung von erektiler Dysfunktion und vorzeitigem Samenerguss bei M\u00e4nnern. Es enth\u00e4lt Sildenafil (100 mg) zur Verbesserung der Erektion und Dapoxetin (60 mg) zur Verz\u00f6gerung der Ejakulation. Es wirkt schnell (innerhalb von 30-60 Minuten) und f\u00f6rdert einen l\u00e4ngeren, befriedigenderen und kontrollierten Geschlechtsverkehr. Es sollte nur unter \u00e4rztlicher Aufsicht eingenommen werden.<\/b><\/p>\n<\/div>\n<\/div>\n<\/div>\n<\/div>\n<div class=\"flex min-h-[46px] justify-start\"><\/div>\n<\/div>\n<div class=\"aria-live=polite absolute\">\n<div class=\"flex items-center justify-center\"><\/div>\n<\/div>\n<\/div>\n<\/div>\n<\/div>\n<\/article>\n<div class=\"pointer-events-none h-px w-px\" aria-hidden=\"true\" data-edge=\"true\"><\/div>","protected":false},"featured_media":5382,"comment_status":"open","ping_status":"closed","template":"","meta":{"inline_featured_image":false},"product_brand":[208],"product_cat":[201],"product_tag":[105,97,100,103],"class_list":{"0":"post-5381","1":"product","2":"type-product","3":"status-publish","4":"has-post-thumbnail","6":"product_brand-careforce","7":"product_cat-sexual-health","8":"product_tag-60mg","9":"product_tag-erectile-dysfunction","10":"product_tag-oral-tablets","11":"product_tag-tadalafil","13":"first","14":"instock","15":"shipping-taxable","16":"purchasable","17":"product-type-simple"},"_links":{"self":[{"href":"https:\/\/kamlife.me\/de\/wp-json\/wp\/v2\/product\/5381","targetHints":{"allow":["GET"]}}],"collection":[{"href":"https:\/\/kamlife.me\/de\/wp-json\/wp\/v2\/product"}],"about":[{"href":"https:\/\/kamlife.me\/de\/wp-json\/wp\/v2\/types\/product"}],"replies":[{"embeddable":true,"href":"https:\/\/kamlife.me\/de\/wp-json\/wp\/v2\/comments?post=5381"}],"wp:featuredmedia":[{"embeddable":true,"href":"https:\/\/kamlife.me\/de\/wp-json\/wp\/v2\/media\/5382"}],"wp:attachment":[{"href":"https:\/\/kamlife.me\/de\/wp-json\/wp\/v2\/media?parent=5381"}],"wp:term":[{"taxonomy":"product_brand","embeddable":true,"href":"https:\/\/kamlife.me\/de\/wp-json\/wp\/v2\/product_brand?post=5381"},{"taxonomy":"product_cat","embeddable":true,"href":"https:\/\/kamlife.me\/de\/wp-json\/wp\/v2\/product_cat?post=5381"},{"taxonomy":"product_tag","embeddable":true,"href":"https:\/\/kamlife.me\/de\/wp-json\/wp\/v2\/product_tag?post=5381"}],"curies":[{"name":"wp","href":"https:\/\/api.w.org\/{rel}","templated":true}]}}