{"id":5752,"date":"2025-08-15T11:38:24","date_gmt":"2025-08-15T11:38:24","guid":{"rendered":"https:\/\/kamlife.me\/?post_type=product&#038;p=5752"},"modified":"2026-03-12T17:09:15","modified_gmt":"2026-03-12T17:09:15","slug":"pflege-cobra-200-sildenafil-200mg-tabletten-6-tabletten","status":"publish","type":"product","link":"https:\/\/kamlife.me\/de\/produkt\/pflege-cobra-200-sildenafil-200mg-tabletten-6-tabletten\/","title":{"rendered":"CARE COBRA 200 - Sildenafil 200mg Tabletten 6 TABLETTEN"},"content":{"rendered":"<p class=\"p1\"><b>CARE COBRA 200 - Sildenafil 200 mg - 6 Tabletten<\/b><b><\/b><\/p>\n<p class=\"p1\"><b>Maximale Leistung, lang anhaltende Performance<\/b><b><\/b><\/p>\n<p class=\"p3\">Care Cobra 200 ist ein pharmazeutisches Erg\u00e4nzungsmittel auf der Basis von Sildenafil Citrat in einer sehr hohen Dosierung (200 mg pro Tablette), das f\u00fcr diejenigen entwickelt wurde, die eine starke Unterst\u00fctzung bei der Behandlung von Erektionsst\u00f6rungen und der Verbesserung der sexuellen Leistungsf\u00e4higkeit suchen.<\/p>\n<p class=\"p3\">\ud83d\udc8a <span class=\"s1\"><b>Format:<\/b><\/span> Packung mit 6 \u00fcberzogenen Tabletten<\/p>\n<p class=\"p3\">\u26a1 <span class=\"s1\"><b>Aktiver Inhaltsstoff:<\/b><\/span> Sildenafil-Zitrat 200 mg<\/p>\n<p class=\"p1\"><span class=\"s2\">\ud83d\udcc5 <\/span><b>Dauer der Wirkung:<\/b><span class=\"s2\"> Bis zu 8 Stunden*<\/span><\/p>\n<p class=\"p3\">(*Die Dauer kann je nach Stoffwechsel, Ern\u00e4hrung und Gesundheitszustand variieren)<\/p>\n<h3><b>Wichtigste Vorteile<\/b><\/h3>\n<ul>\n<li>\n<p class=\"p1\"><span class=\"s1\"><b>Schnell wirkend:<\/b><\/span> beginnt innerhalb von 30-60 Minuten nach der Einnahme zu wirken<\/p>\n<\/li>\n<li>\n<p class=\"p1\"><b>Maximale Konzentration des Wirkstoffs<\/b><span class=\"s1\"> f\u00fcr kraftvolle und lang anhaltende Ergebnisse<\/span><\/p>\n<\/li>\n<li>\n<p class=\"p1\"><span class=\"s1\"><b>Verbessert die Durchblutung des Penis<\/b><\/span>F\u00f6rderung h\u00e4rterer und stabilerer Erektionen<\/p>\n<\/li>\n<li>\n<p class=\"p1\"><b>F\u00f6rdert Vertrauen und Zufriedenheit<\/b><span class=\"s1\"> beim Geschlechtsverkehr<\/span><\/p>\n<\/li>\n<\/ul>\n<h3><b>Gebrauchsanweisung<\/b><\/h3>\n<ul>\n<li>\n<p class=\"p1\">Nehmen Sie eine halbe bis eine Tablette mit Wasser, etwa 30-60 Minuten vor der sexuellen Aktivit\u00e4t<\/p>\n<\/li>\n<li>\n<p class=\"p1\">Nicht mehr als 1 Tablette in 24 Stunden<\/p>\n<\/li>\n<li>\n<p class=\"p1\">Vermeiden Sie die Einnahme mit schweren fettigen Mahlzeiten oder \u00fcberm\u00e4\u00dfigem Alkoholkonsum, um eine verz\u00f6gerte Wirkung zu vermeiden.<\/p>\n<\/li>\n<\/ul>\n<h3><b>Warnungen<\/b><\/h3>\n<ul>\n<li>\n<p class=\"p1\">Das Produkt ist nur f\u00fcr erwachsene M\u00e4nner bestimmt.<\/p>\n<\/li>\n<li>\n<p class=\"p1\">Nicht anwenden bei schweren Herz-Kreislauf-Erkrankungen oder Allergie gegen den Wirkstoff<\/p>\n<\/li>\n<\/ul>\n<p>&nbsp;<\/p>","protected":false},"excerpt":{"rendered":"<article class=\"text-token-text-primary w-full\" dir=\"auto\" data-testid=\"conversation-turn-8\" data-scroll-anchor=\"true\">\n<div class=\"text-base my-auto mx-auto py-5 [--thread-content-margin:--spacing(4)] @[37rem]:[--thread-content-margin:--spacing(6)] @[72rem]:[--thread-content-margin:--spacing(16)] px-(--thread-content-margin)\">\n<div class=\"[--thread-content-max-width:32rem] @[34rem]:[--thread-content-max-width:40rem] @[64rem]:[--thread-content-max-width:48rem] mx-auto flex max-w-(--thread-content-max-width) flex-1 text-base gap-4 md:gap-5 lg:gap-6 group\/turn-messages focus-visible:outline-hidden\" tabindex=\"-1\">\n<div class=\"group\/conversation-turn relative flex w-full min-w-0 flex-col agent-turn\">\n<div class=\"relative flex-col gap-1 md:gap-3\">\n<div class=\"flex max-w-full flex-col grow\">\n<div class=\"min-h-8 text-message relative flex w-full flex-col items-end gap-2 text-start break-words whitespace-normal [.text-message+&amp;]:mt-5\" dir=\"auto\" data-message-author-role=\"assistant\" data-message-id=\"df2d8f2a-41e1-49b0-b8b7-d59589814fc8\" data-message-model-slug=\"gpt-4o\">\n<div class=\"flex w-full flex-col gap-1 empty:hidden first:pt-[3px]\">\n<div class=\"markdown prose dark:prose-invert w-full break-words light\">\n<p class=\"p1\"><b>CARE COBRA 200 - Sildenafil 200 mg (6 Tabletten): extra starke Formel zur Behandlung von erektiler Dysfunktion, f\u00f6rdert starke und lang anhaltende Erektionen f\u00fcr bis zu 8 Stunden. Wirkt innerhalb von 30-60 Minuten, verbessert die Leistung und das Vertrauen.<\/b><\/p>\n<\/div>\n<\/div>\n<\/div>\n<\/div>\n<div class=\"flex min-h-[46px] justify-start\"><\/div>\n<\/div>\n<div class=\"aria-live=polite absolute\">\n<div class=\"flex items-center justify-center\"><\/div>\n<\/div>\n<\/div>\n<\/div>\n<\/div>\n<\/article>\n<div class=\"pointer-events-none h-px w-px\" aria-hidden=\"true\" data-edge=\"true\"><\/div>","protected":false},"featured_media":5753,"comment_status":"open","ping_status":"closed","template":"","meta":{"inline_featured_image":false},"product_brand":[],"product_cat":[201],"product_tag":[105,97,100,103],"class_list":{"0":"post-5752","1":"product","2":"type-product","3":"status-publish","4":"has-post-thumbnail","6":"product_cat-sexual-health","7":"product_tag-60mg","8":"product_tag-erectile-dysfunction","9":"product_tag-oral-tablets","10":"product_tag-tadalafil","12":"first","13":"outofstock","14":"shipping-taxable","15":"purchasable","16":"product-type-simple"},"_links":{"self":[{"href":"https:\/\/kamlife.me\/de\/wp-json\/wp\/v2\/product\/5752","targetHints":{"allow":["GET"]}}],"collection":[{"href":"https:\/\/kamlife.me\/de\/wp-json\/wp\/v2\/product"}],"about":[{"href":"https:\/\/kamlife.me\/de\/wp-json\/wp\/v2\/types\/product"}],"replies":[{"embeddable":true,"href":"https:\/\/kamlife.me\/de\/wp-json\/wp\/v2\/comments?post=5752"}],"wp:featuredmedia":[{"embeddable":true,"href":"https:\/\/kamlife.me\/de\/wp-json\/wp\/v2\/media\/5753"}],"wp:attachment":[{"href":"https:\/\/kamlife.me\/de\/wp-json\/wp\/v2\/media?parent=5752"}],"wp:term":[{"taxonomy":"product_brand","embeddable":true,"href":"https:\/\/kamlife.me\/de\/wp-json\/wp\/v2\/product_brand?post=5752"},{"taxonomy":"product_cat","embeddable":true,"href":"https:\/\/kamlife.me\/de\/wp-json\/wp\/v2\/product_cat?post=5752"},{"taxonomy":"product_tag","embeddable":true,"href":"https:\/\/kamlife.me\/de\/wp-json\/wp\/v2\/product_tag?post=5752"}],"curies":[{"name":"wp","href":"https:\/\/api.w.org\/{rel}","templated":true}]}}