{"id":5783,"date":"2025-08-16T11:22:48","date_gmt":"2025-08-16T11:22:48","guid":{"rendered":"https:\/\/kamlife.me\/?post_type=product&#038;p=5783"},"modified":"2025-08-28T15:10:06","modified_gmt":"2025-08-28T15:10:06","slug":"carefill10-mg","status":"publish","type":"product","link":"https:\/\/kamlife.me\/de\/produkt\/carefill10-mg\/","title":{"rendered":"CAREFILL 10 mg"},"content":{"rendered":"<p class=\"p1\"><span class=\"s1\"><b>Gewinnen Sie Ihr Selbstvertrauen zur\u00fcck und verbessern Sie Ihre intimen Momente mit CareFill-10, der f\u00fchrenden L\u00f6sung f\u00fcr erektile Dysfunktion (ED).<\/b><\/span> CareFill-10 enth\u00e4lt Tadalafil, einen bew\u00e4hrten und vertrauensw\u00fcrdigen Wirkstoff, der Ihre sexuelle Gesundheit langfristig unterst\u00fctzen soll.<\/p>\n<p class=\"p2\">\n<hr \/>\n<p>&nbsp;<\/p>\n<p class=\"p2\">\n<h3><b>Die wichtigsten Vorteile von CareFill-10<\/b><\/h3>\n<p>&nbsp;<\/p>\n<p class=\"p2\">\n<ul>\n<li>\n<p class=\"p1\"><span class=\"s1\"><b>Klinisch bew\u00e4hrte Formel:<\/b><\/span> Jede CareFill-10-Tablette enth\u00e4lt Tadalafil, ein wirksames Mittel zur Behandlung von Erektionsst\u00f6rungen, das Gegenstand umfangreicher Untersuchungen war. Tadalafil verbessert die Durchblutung des Penis und sorgt so f\u00fcr feste und dauerhafte Erektionen, die von Medizinern weltweit gesch\u00e4tzt werden.<\/p>\n<\/li>\n<li>\n<p class=\"p1\"><span class=\"s1\"><b>Lang anhaltende Wirkung:<\/b><\/span> Genie\u00dfen Sie bis zu 36 Stunden lang eine verbesserte Erektionsf\u00e4higkeit, die Ihnen Spontaneit\u00e4t und bessere sexuelle Erfahrungen erm\u00f6glicht, ohne dass Sie Ihre Einnahme planen m\u00fcssen.<\/p>\n<\/li>\n<li>\n<p class=\"p1\"><span class=\"s1\"><b>Schnelles Einsetzen:<\/b><\/span> Sp\u00fcren Sie die Wirkung in nur 30 Minuten, so dass Sie flexibel auf Ihre W\u00fcnsche reagieren k\u00f6nnen, wenn es darauf ankommt.<\/p>\n<\/li>\n<li>\n<p class=\"p1\"><span class=\"s1\"><b>Verbesserte Intimit\u00e4t:<\/b><\/span> St\u00e4rken Sie Ihre Beziehungen und steigern Sie Ihr Selbstvertrauen mit zuverl\u00e4ssiger Unterst\u00fctzung der sexuellen Leistungsf\u00e4higkeit.<\/p>\n<\/li>\n<li>\n<p class=\"p1\"><span class=\"s1\"><b>Sicher und zuverl\u00e4ssig:<\/b><\/span> CareFill-10 wird in hochmodernen Einrichtungen hergestellt und erf\u00fcllt strenge Qualit\u00e4tskontrollstandards, um sowohl Sicherheit als auch Wirksamkeit zu gew\u00e4hrleisten.<\/p>\n<\/li>\n<\/ul>\n<p>&nbsp;<\/p>\n<p class=\"p2\">\n<hr \/>\n<p>&nbsp;<\/p>\n<p class=\"p2\">\n<h3><b>Wie CareFill-10 funktioniert<\/b><\/h3>\n<p>&nbsp;<\/p>\n<p class=\"p1\">CareFill-10 wirkt, indem es den Blutfluss zum Penis w\u00e4hrend der sexuellen Stimulation erh\u00f6ht. Der Wirkstoff Tadalafil hemmt das Enzym PDE5, das die Durchblutung behindern kann. Durch die Blockierung von PDE5 tr\u00e4gt CareFill-10 dazu bei, eine f\u00fcr die sexuelle Aktivit\u00e4t ausreichende Erektion aufrechtzuerhalten.<\/p>\n<p class=\"p2\">\n<hr \/>\n<p>&nbsp;<\/p>\n<p class=\"p2\">\n<h3><b>Dosierung und Verwendung<\/b><\/h3>\n<p>&nbsp;<\/p>\n<p class=\"p2\">\n<ul>\n<li>\n<p class=\"p1\">Nehmen Sie <span class=\"s1\"><b>eine CareFill-10-Tablette<\/b><\/span> etwa 30 Minuten vor der sexuellen Aktivit\u00e4t.<\/p>\n<\/li>\n<li>\n<p class=\"p1\">Nehmen Sie nicht mehr als <span class=\"s1\"><b>eine Tablette pro Tag<\/b><\/span>.<\/p>\n<\/li>\n<li>\n<p class=\"p1\">F\u00fcr optimale Ergebnisse sollten Sie \u00fcberm\u00e4\u00dfigen Alkoholkonsum vermeiden.<\/p>\n<\/li>\n<li>\n<p class=\"p1\">Wenden Sie sich an Ihren Arzt, um sicherzustellen, dass CareFill-10 f\u00fcr Sie geeignet ist.<\/p>\n<\/li>\n<\/ul>\n<p>&nbsp;<\/p>","protected":false},"excerpt":{"rendered":"<p class=\"p1\">Erleben Sie neues Vertrauen und Intimit\u00e4t mit <span class=\"s1\"><b>CareFill-10<\/b><\/span>. Formuliert mit klinisch bew\u00e4hrtem Tadalafil, <span class=\"s1\"><b>CareFill-10<\/b><\/span>bietet eine lang anhaltende Wirkung von bis zu 36 Stunden, einen schnellen Wirkungseintritt in nur 30 Minuten und eine zuverl\u00e4ssige Unterst\u00fctzung der erektilen Funktion. Sicher, wirksam und von Fachleuten als vertrauensw\u00fcrdig eingestuft, <span class=\"s1\"><b>CareFill-10<\/b><\/span> ist Ihre L\u00f6sung f\u00fcr eine verbesserte sexuelle Leistungsf\u00e4higkeit.<\/p>","protected":false},"featured_media":5786,"comment_status":"open","ping_status":"closed","template":"","meta":{"inline_featured_image":false},"product_brand":[],"product_cat":[201],"product_tag":[],"class_list":{"0":"post-5783","1":"product","2":"type-product","3":"status-publish","4":"has-post-thumbnail","6":"product_cat-sexual-health","8":"first","9":"instock","10":"sale","11":"shipping-taxable","12":"purchasable","13":"product-type-simple"},"_links":{"self":[{"href":"https:\/\/kamlife.me\/de\/wp-json\/wp\/v2\/product\/5783","targetHints":{"allow":["GET"]}}],"collection":[{"href":"https:\/\/kamlife.me\/de\/wp-json\/wp\/v2\/product"}],"about":[{"href":"https:\/\/kamlife.me\/de\/wp-json\/wp\/v2\/types\/product"}],"replies":[{"embeddable":true,"href":"https:\/\/kamlife.me\/de\/wp-json\/wp\/v2\/comments?post=5783"}],"wp:featuredmedia":[{"embeddable":true,"href":"https:\/\/kamlife.me\/de\/wp-json\/wp\/v2\/media\/5786"}],"wp:attachment":[{"href":"https:\/\/kamlife.me\/de\/wp-json\/wp\/v2\/media?parent=5783"}],"wp:term":[{"taxonomy":"product_brand","embeddable":true,"href":"https:\/\/kamlife.me\/de\/wp-json\/wp\/v2\/product_brand?post=5783"},{"taxonomy":"product_cat","embeddable":true,"href":"https:\/\/kamlife.me\/de\/wp-json\/wp\/v2\/product_cat?post=5783"},{"taxonomy":"product_tag","embeddable":true,"href":"https:\/\/kamlife.me\/de\/wp-json\/wp\/v2\/product_tag?post=5783"}],"curies":[{"name":"wp","href":"https:\/\/api.w.org\/{rel}","templated":true}]}}