{"id":5787,"date":"2025-08-16T11:28:29","date_gmt":"2025-08-16T11:28:29","guid":{"rendered":"https:\/\/kamlife.me\/?post_type=product&#038;p=5787"},"modified":"2025-08-28T15:14:04","modified_gmt":"2025-08-28T15:14:04","slug":"carefill-80-mg-10-tablette","status":"publish","type":"product","link":"https:\/\/kamlife.me\/de\/produkt\/carefill-80-mg-10-tablette\/","title":{"rendered":"CAREFILL 80 MG - 10 TABLETTEN"},"content":{"rendered":"<p class=\"p1\"><b>Carefill 80 mg - 10 Tabletten<\/b><b><\/b><\/p>\n<p class=\"p3\">Carefill 80 mg ist ein Erg\u00e4nzungsmittel auf der Basis von <span class=\"s1\"><b>Tadalafil<\/b><\/span>der Wirkstoff, der bei der Behandlung von Erektionsst\u00f6rungen bei M\u00e4nnern eingesetzt wird. Dank seiner Wirkung hilft es, eine nat\u00fcrliche und befriedigende Erektion zu erreichen und aufrechtzuerhalten, ausschlie\u00dflich in Gegenwart von sexueller Stimulation.<\/p>\n<p class=\"p4\">\n<hr \/>\n<p>&nbsp;<\/p>\n<p class=\"p4\">\n<h3><b>\u2705 <\/b><\/h3>\n<h3><b>Wesentliche Merkmale<\/b><\/h3>\n<p>&nbsp;<\/p>\n<p class=\"p4\">\n<ul>\n<li>\n<p class=\"p1\"><span class=\"s1\"><b>Aktiver Inhaltsstoff:<\/b><\/span> Tadalafil 80 mg pro Tablette<\/p>\n<\/li>\n<li>\n<p class=\"p1\"><span class=\"s1\"><b>Packung:<\/b><\/span> 10 Filmtabletten<\/p>\n<\/li>\n<li>\n<p class=\"p1\"><b>Dauer der Wirkung:<\/b><span class=\"s1\"> bis zu 36 Stunden<\/span><\/p>\n<\/li>\n<li>\n<p class=\"p1\"><span class=\"s1\"><b>Aktion:<\/b><\/span> Schnelle Absorption, wirksame und lang anhaltende Ergebnisse<\/p>\n<\/li>\n<\/ul>\n<p>&nbsp;<\/p>\n<p class=\"p4\">\n<hr \/>\n<p>&nbsp;<\/p>\n<p class=\"p4\">\n<h3><b>\ud83c\udf1f <\/b><\/h3>\n<h3><b>Vorteile<\/b><\/h3>\n<p>&nbsp;<\/p>\n<p class=\"p4\">\n<ul>\n<li>\n<p class=\"p1\">Unterst\u00fctzt die optimale erektile Funktion<\/p>\n<\/li>\n<li>\n<p class=\"p1\">Lang anhaltende Wirkung, bis zu 36 Stunden (\"Wochenendpille\")<\/p>\n<\/li>\n<li>\n<p class=\"p1\">Erm\u00f6glicht mehr Spontaneit\u00e4t bei der sexuellen Aktivit\u00e4t<\/p>\n<\/li>\n<li>\n<p class=\"p1\">Verbessert das Selbstvertrauen und die Zufriedenheit des Paares<\/p>\n<\/li>\n<\/ul>\n<p>&nbsp;<\/p>\n<p class=\"p4\">\n<hr \/>\n<p>&nbsp;<\/p>\n<p class=\"p4\">\n<h3><b>\ud83d\udc8a <\/b><\/h3>\n<h3><b>Gebrauchsanweisung<\/b><\/h3>\n<p>&nbsp;<\/p>\n<p class=\"p4\">\n<ul>\n<li>\n<p class=\"p1\"><span class=\"s1\">Nehmen Sie <\/span><b>1 Tablette mit einem Glas Wasser<\/b><span class=\"s1\">, \u00fcber <\/span><b>20-60 Minuten vor der sexuellen Aktivit\u00e4t<\/b><span class=\"s1\">.<\/span><\/p>\n<\/li>\n<li>\n<p class=\"p1\">\u00dcberschreiten Sie nicht die empfohlene Tagesdosis.<\/p>\n<\/li>\n<\/ul>\n<p>&nbsp;<\/p>\n<p class=\"p4\">\n<hr \/>\n<p>&nbsp;<\/p>\n<p class=\"p4\">\n<h3><b>\u26a0\ufe0f <\/b><\/h3>\n<h3><b>Warnungen<\/b><\/h3>\n<p>&nbsp;<\/p>\n<p class=\"p4\">\n<ul>\n<li>\n<p class=\"p1\">Nur f\u00fcr erwachsene M\u00e4nner bestimmt.<\/p>\n<\/li>\n<li>\n<p class=\"p1\">Nicht einnehmen bei Allergie gegen den Wirkstoff, schweren Herzerkrankungen, gleichzeitiger Einnahme von Nitraten oder anderen medizinischen Kontraindikationen.<\/p>\n<\/li>\n<li>\n<p class=\"p1\">Konsultieren Sie vor der Anwendung immer Ihren Arzt.<\/p>\n<\/li>\n<li>\n<p class=\"p1\">Au\u00dferhalb der Reichweite von Kindern aufbewahren.<\/p>\n<\/li>\n<\/ul>\n<p>&nbsp;<\/p>\n<p class=\"p4\">\n<hr \/>\n<p>&nbsp;<\/p>\n<p class=\"p4\">\n<h3><b>\ud83d\udce6 <\/b><\/h3>\n<h3><b>Inhalt der Packung<\/b><\/h3>\n<p>&nbsp;<\/p>\n<p class=\"p4\">\n<ul>\n<li>\n<p class=\"p1\"><b>Carefill 80 mg - Blisterpackung mit 10 Tabletten<\/b><\/p>\n<\/li>\n<\/ul>\n<p>&nbsp;<\/p>\n<p class=\"p3\">Mit Carefill 80 mg k\u00f6nnen Sie die Freude an der Spontaneit\u00e4t wiederentdecken und Ihre Intimit\u00e4t mit mehr Ruhe und Vertrauen genie\u00dfen.<\/p>","protected":false},"excerpt":{"rendered":"<p class=\"p1\"><b>Carefill 80 mg - 10 Tabletten<\/b><b><\/b><\/p>\n<p class=\"p2\">Nahrungserg\u00e4nzungsmittel mit 80 mg Tadalafil zur Behandlung von erektiler Dysfunktion bei M\u00e4nnern. Bietet eine starke und lang anhaltende Erektion f\u00fcr bis zu 36 Stunden, die F\u00f6rderung der Spontaneit\u00e4t und Vertrauen in die sexuelle Aktivit\u00e4t.<\/p>","protected":false},"featured_media":5789,"comment_status":"open","ping_status":"closed","template":"","meta":{"inline_featured_image":false},"product_brand":[],"product_cat":[201],"product_tag":[],"class_list":{"0":"post-5787","1":"product","2":"type-product","3":"status-publish","4":"has-post-thumbnail","6":"product_cat-sexual-health","8":"first","9":"instock","10":"sale","11":"shipping-taxable","12":"purchasable","13":"product-type-simple"},"_links":{"self":[{"href":"https:\/\/kamlife.me\/de\/wp-json\/wp\/v2\/product\/5787","targetHints":{"allow":["GET"]}}],"collection":[{"href":"https:\/\/kamlife.me\/de\/wp-json\/wp\/v2\/product"}],"about":[{"href":"https:\/\/kamlife.me\/de\/wp-json\/wp\/v2\/types\/product"}],"replies":[{"embeddable":true,"href":"https:\/\/kamlife.me\/de\/wp-json\/wp\/v2\/comments?post=5787"}],"wp:featuredmedia":[{"embeddable":true,"href":"https:\/\/kamlife.me\/de\/wp-json\/wp\/v2\/media\/5789"}],"wp:attachment":[{"href":"https:\/\/kamlife.me\/de\/wp-json\/wp\/v2\/media?parent=5787"}],"wp:term":[{"taxonomy":"product_brand","embeddable":true,"href":"https:\/\/kamlife.me\/de\/wp-json\/wp\/v2\/product_brand?post=5787"},{"taxonomy":"product_cat","embeddable":true,"href":"https:\/\/kamlife.me\/de\/wp-json\/wp\/v2\/product_cat?post=5787"},{"taxonomy":"product_tag","embeddable":true,"href":"https:\/\/kamlife.me\/de\/wp-json\/wp\/v2\/product_tag?post=5787"}],"curies":[{"name":"wp","href":"https:\/\/api.w.org\/{rel}","templated":true}]}}