{"id":562,"date":"2024-08-25T19:20:26","date_gmt":"2024-08-25T19:20:26","guid":{"rendered":"https:\/\/kamlife.me\/?page_id=562"},"modified":"2024-09-06T03:14:47","modified_gmt":"2024-09-06T03:14:47","slug":"acerca-de","status":"publish","type":"page","link":"https:\/\/kamlife.me\/es\/acerca-de\/","title":{"rendered":"Qui\u00e9nes somos"},"content":{"rendered":"<div data-elementor-type=\"wp-page\" data-elementor-id=\"562\" class=\"elementor elementor-562\" data-elementor-post-type=\"page\">\n\t\t\t\t<div class=\"elementor-element elementor-element-3921d59 e-flex e-con-boxed e-con e-parent\" data-id=\"3921d59\" data-element_type=\"container\" data-e-type=\"container\" data-settings=\"{&quot;background_background&quot;:&quot;classic&quot;}\">\n\t\t\t\t\t<div class=\"e-con-inner\">\n\t\t<div class=\"elementor-element elementor-element-0a67c94 e-flex e-con-boxed e-con e-child\" data-id=\"0a67c94\" data-element_type=\"container\" data-e-type=\"container\" data-settings=\"{&quot;background_background&quot;:&quot;classic&quot;}\">\n\t\t\t\t\t<div class=\"e-con-inner\">\n\t\t<div class=\"elementor-element elementor-element-55dde5a e-flex e-con-boxed e-con e-child\" data-id=\"55dde5a\" data-element_type=\"container\" data-e-type=\"container\">\n\t\t\t\t\t<div class=\"e-con-inner\">\n\t\t<div class=\"elementor-element elementor-element-00c4958 e-flex e-con-boxed e-con e-child\" data-id=\"00c4958\" data-element_type=\"container\" data-e-type=\"container\">\n\t\t\t\t\t<div class=\"e-con-inner\">\n\t\t\t\t<div class=\"elementor-element elementor-element-7a98e24 elementor-widget elementor-widget-woocommerce-breadcrumb\" data-id=\"7a98e24\" data-element_type=\"widget\" data-e-type=\"widget\" data-widget_type=\"woocommerce-breadcrumb.default\">\n\t\t\t\t<div class=\"elementor-widget-container\">\n\t\t\t\t\t<nav class=\"woocommerce-breadcrumb\" aria-label=\"Breadcrumb\" data-no-translation=\"\" data-trp-gettext=\"\">Inicio<\/nav>\t\t\t\t<\/div>\n\t\t\t\t<\/div>\n\t\t\t\t<div class=\"elementor-element elementor-element-452919b elementor-widget elementor-widget-heading\" data-id=\"452919b\" data-element_type=\"widget\" data-e-type=\"widget\" data-widget_type=\"heading.default\">\n\t\t\t\t<div class=\"elementor-widget-container\">\n\t\t\t\t\t<h2 class=\"elementor-heading-title elementor-size-default\">Nosotros<\/h2>\t\t\t\t<\/div>\n\t\t\t\t<\/div>\n\t\t\t\t\t<\/div>\n\t\t\t\t<\/div>\n\t\t<div class=\"elementor-element elementor-element-e8b8131 e-flex e-con-boxed e-con e-child\" data-id=\"e8b8131\" data-element_type=\"container\" data-e-type=\"container\">\n\t\t\t\t\t<div class=\"e-con-inner\">\n\t\t\t\t<div class=\"elementor-element elementor-element-cbc12f3 elementor-widget elementor-widget-text-editor\" data-id=\"cbc12f3\" data-element_type=\"widget\" data-e-type=\"widget\" data-widget_type=\"text-editor.default\">\n\t\t\t\t<div class=\"elementor-widget-container\">\n\t\t\t\t\t\t\t\t\t<p><b>Kamlife<\/b><\/p><p>En <b>Kamlife<\/b>convertimos las compras en l\u00ednea en algo extraordinario. Nos dedicamos a ofrecer no solo una amplia selecci\u00f3n de productos de primera calidad, sino tambi\u00e9n un impecable servicio de atenci\u00f3n al cliente, garantizando una experiencia de compra en l\u00ednea tan fluida como segura.<\/p><p><b>Navegaci\u00f3n sin esfuerzo<\/b><\/p><p>Nuestra tienda en l\u00ednea est\u00e1 dise\u00f1ada pensando en la sencillez y la intuici\u00f3n. Desde el primer clic hasta la finalizaci\u00f3n de la compra, navegar por nuestro sitio le resultar\u00e1 un placer, ya que le facilitar\u00e1 encontrar y comprar los productos que desea con una eficacia inigualable.<\/p><p><b>Compras seguras y r\u00e1pidas<\/b><\/p><p>A\u00f1ada sus art\u00edculos a la cesta y elija entre m\u00faltiples opciones de pago seguro, ya sea mediante prepago o tarjeta de cr\u00e9dito. Recibir\u00e1s actualizaciones inmediatas sobre el estado de tu pedido por correo electr\u00f3nico, lo que te garantiza estar siempre informado en cada paso del proceso.<\/p><p><b>Env\u00edo r\u00e1pido y eficaz<\/b><\/p><p>Somos conscientes de la importancia de la rapidez, por eso nuestro servicio de \"env\u00edo urgente\" garantiza que sus pedidos se env\u00eden el mismo d\u00eda del pago, para que pueda disfrutar de sus productos lo antes posible.<\/p><p><b>Servicio global y personalizado<\/b><\/p><p>Aproveche nuestro servicio gratuito (con cargos locales aplicables en algunos pa\u00edses) para obtener informaci\u00f3n detallada sobre medicamentos, suplementos y productos de bienestar. Nuestro equipo de atenci\u00f3n al cliente est\u00e1 siempre disponible para responder a sus preguntas sin largas esperas.<\/p><p><b>Una amplia gama de productos<\/b><\/p><p>En <b>Kamlife<\/b>Encontrar\u00e1 marcas mundiales de renombre, como Pfizer y Bayer, junto con opciones exclusivas de empresas de gen\u00e9ricos, como Ajanta, que no encontrar\u00e1 en ning\u00fan otro sitio. Si tiene alguna pregunta o petici\u00f3n especial, no dude en ponerse en contacto con nosotros; todos los mensajes tienen prioridad. Nuestro equipo est\u00e1 a su disposici\u00f3n en horario de oficina.<\/p><p><b>Compromiso con la calidad y la responsabilidad<\/b><\/p><p>En <b>Kamlife<\/b>nos comprometemos a apoyarle en sus decisiones sanitarias. Aunque valoramos la privacidad y el anonimato en nuestros consejos, no sustituimos la consulta m\u00e9dica profesional. Le recomendamos que consulte a su m\u00e9dico para tratar adecuadamente cualquier problema de salud.<\/p><p><b>Importante:<\/b> La compra de medicamentos por Internet no sustituye a la consulta m\u00e9dica.<\/p>\t\t\t\t\t\t\t\t<\/div>\n\t\t\t\t<\/div>\n\t\t\t\t\t<\/div>\n\t\t\t\t<\/div>\n\t\t\t\t\t<\/div>\n\t\t\t\t<\/div>\n\t\t\t\t\t<\/div>\n\t\t\t\t<\/div>\n\t\t\t\t\t<\/div>\n\t\t\t\t<\/div>\n\t\t\t\t<\/div>","protected":false},"excerpt":{"rendered":"<p>About Kamlife At Kamlife, we turn online shopping into something extraordinary. We are dedicated to providing not only a broad selection of top-quality products but also impeccable customer service, ensuring an online shopping experience that is as smooth as it is secure. Effortless Navigation Our online store is designed with simplicity and intuition in mind. [&hellip;]<\/p>","protected":false},"author":3,"featured_media":0,"parent":0,"menu_order":0,"comment_status":"closed","ping_status":"closed","template":"elementor_header_footer","meta":{"inline_featured_image":false,"footnotes":""},"class_list":["post-562","page","type-page","status-publish","hentry"],"_links":{"self":[{"href":"https:\/\/kamlife.me\/es\/wp-json\/wp\/v2\/pages\/562","targetHints":{"allow":["GET"]}}],"collection":[{"href":"https:\/\/kamlife.me\/es\/wp-json\/wp\/v2\/pages"}],"about":[{"href":"https:\/\/kamlife.me\/es\/wp-json\/wp\/v2\/types\/page"}],"author":[{"embeddable":true,"href":"https:\/\/kamlife.me\/es\/wp-json\/wp\/v2\/users\/3"}],"replies":[{"embeddable":true,"href":"https:\/\/kamlife.me\/es\/wp-json\/wp\/v2\/comments?post=562"}],"version-history":[{"count":7,"href":"https:\/\/kamlife.me\/es\/wp-json\/wp\/v2\/pages\/562\/revisions"}],"predecessor-version":[{"id":6238,"href":"https:\/\/kamlife.me\/es\/wp-json\/wp\/v2\/pages\/562\/revisions\/6238"}],"wp:attachment":[{"href":"https:\/\/kamlife.me\/es\/wp-json\/wp\/v2\/media?parent=562"}],"curies":[{"name":"wp","href":"https:\/\/api.w.org\/{rel}","templated":true}]}}