{"id":671,"date":"2024-08-25T20:30:21","date_gmt":"2024-08-25T20:30:21","guid":{"rendered":"https:\/\/kamlife.me\/?page_id=671"},"modified":"2024-09-06T03:14:07","modified_gmt":"2024-09-06T03:14:07","slug":"galletas","status":"publish","type":"page","link":"https:\/\/kamlife.me\/es\/galletas\/","title":{"rendered":"Cookies"},"content":{"rendered":"<div data-elementor-type=\"wp-page\" data-elementor-id=\"671\" class=\"elementor elementor-671\" data-elementor-post-type=\"page\">\n\t\t\t\t<div class=\"elementor-element elementor-element-2275752 e-flex e-con-boxed e-con e-parent\" data-id=\"2275752\" data-element_type=\"container\" data-e-type=\"container\" data-settings=\"{&quot;background_background&quot;:&quot;classic&quot;}\">\n\t\t\t\t\t<div class=\"e-con-inner\">\n\t\t<div class=\"elementor-element elementor-element-365c127 e-flex e-con-boxed e-con e-child\" data-id=\"365c127\" data-element_type=\"container\" data-e-type=\"container\" data-settings=\"{&quot;background_background&quot;:&quot;classic&quot;}\">\n\t\t\t\t\t<div class=\"e-con-inner\">\n\t\t<div class=\"elementor-element elementor-element-14b8529 e-flex e-con-boxed e-con e-child\" data-id=\"14b8529\" data-element_type=\"container\" data-e-type=\"container\">\n\t\t\t\t\t<div class=\"e-con-inner\">\n\t\t<div class=\"elementor-element elementor-element-9f145c6 e-flex e-con-boxed e-con e-child\" data-id=\"9f145c6\" data-element_type=\"container\" data-e-type=\"container\">\n\t\t\t\t\t<div class=\"e-con-inner\">\n\t\t\t\t<div class=\"elementor-element elementor-element-599b22a elementor-widget elementor-widget-woocommerce-breadcrumb\" data-id=\"599b22a\" data-element_type=\"widget\" data-e-type=\"widget\" data-widget_type=\"woocommerce-breadcrumb.default\">\n\t\t\t\t<div class=\"elementor-widget-container\">\n\t\t\t\t\t<nav class=\"woocommerce-breadcrumb\" aria-label=\"Breadcrumb\" data-no-translation=\"\" data-trp-gettext=\"\">Inicio<\/nav>\t\t\t\t<\/div>\n\t\t\t\t<\/div>\n\t\t\t\t<div class=\"elementor-element elementor-element-2b13b22 elementor-widget elementor-widget-heading\" data-id=\"2b13b22\" data-element_type=\"widget\" data-e-type=\"widget\" data-widget_type=\"heading.default\">\n\t\t\t\t<div class=\"elementor-widget-container\">\n\t\t\t\t\t<h2 class=\"elementor-heading-title elementor-size-default\">Cookies<\/h2>\t\t\t\t<\/div>\n\t\t\t\t<\/div>\n\t\t\t\t\t<\/div>\n\t\t\t\t<\/div>\n\t\t<div class=\"elementor-element elementor-element-3bf0ba0 e-flex e-con-boxed e-con e-child\" data-id=\"3bf0ba0\" data-element_type=\"container\" data-e-type=\"container\">\n\t\t\t\t\t<div class=\"e-con-inner\">\n\t\t\t\t<div class=\"elementor-element elementor-element-1cde23e elementor-widget elementor-widget-text-editor\" data-id=\"1cde23e\" data-element_type=\"widget\" data-e-type=\"widget\" data-widget_type=\"text-editor.default\">\n\t\t\t\t<div class=\"elementor-widget-container\">\n\t\t\t\t\t\t\t\t\t<p><b>1. Introducci\u00f3n<\/b><\/p><p>Esta Pol\u00edtica de Cookies explica c\u00f3mo Kamlife.me (\"nosotros\", \"nuestro\", \"nos\") utiliza cookies y tecnolog\u00edas similares para reconocerle cuando visita nuestro sitio web [Kamlife.me] y c\u00f3mo puede gestionar sus preferencias de cookies. Al utilizar nuestro sitio web, usted acepta el uso que hacemos de las cookies tal y como se describe en esta pol\u00edtica.<\/p><p><b>2. \u00bfQu\u00e9 son las cookies?<\/b><\/p><p>Las cookies son peque\u00f1os archivos de texto que se colocan en su dispositivo (ordenador, smartphone, tableta) cuando visita un sitio web. Nos ayudan a reconocer su dispositivo y a mejorar su experiencia de navegaci\u00f3n recordando sus preferencias y ofreci\u00e9ndole contenidos personalizados.<\/p><p><b>3. Tipos de cookies que utilizamos<\/b><\/p><p><b>3.1. Cookies esenciales<\/b><\/p><p>Estas cookies son necesarias para que el sitio web funcione correctamente. Permiten funciones b\u00e1sicas como la navegaci\u00f3n por las p\u00e1ginas, las \u00e1reas seguras del sitio y la posibilidad de realizar pedidos. Sin estas cookies, algunos servicios de nuestro sitio web podr\u00edan no estar disponibles.<\/p><p><b>3.2. Cookies de rendimiento<\/b><\/p><p>Estas cookies recopilan informaci\u00f3n sobre c\u00f3mo utiliza nuestro sitio web, como las p\u00e1ginas que visita con m\u00e1s frecuencia y los mensajes de error que recibe. Nos ayudan a mejorar el rendimiento y la funcionalidad de nuestro sitio web.<\/p><p><b>3.3. Cookies funcionales<\/b><\/p><p>Estas cookies permiten al sitio web recordar sus preferencias y elecciones, como su nombre de usuario, idioma o regi\u00f3n. Mejoran su experiencia ofreci\u00e9ndole funciones y contenidos personalizados.<\/p><p><b>3.4. Cookies de segmentaci\u00f3n y publicidad<\/b><\/p><p>Estas cookies se utilizan para ofrecer anuncios que se ajusten a sus intereses y para medir la eficacia de nuestras campa\u00f1as de marketing. Tambi\u00e9n pueden utilizarse para rastrear sus h\u00e1bitos de navegaci\u00f3n en diferentes sitios web.<\/p><p><b>4. C\u00f3mo utilizamos las cookies<\/b><\/p><p>Utilizamos cookies para los siguientes fines:<\/p><p>-Para recordar sus datos de acceso y preferencias.<\/p><p>-Para analizar el uso del sitio web y mejorar la experiencia del usuario.<\/p><p>-Para ofrecer anuncios espec\u00edficos y medir la eficacia de nuestros esfuerzos de marketing.<\/p><p><b>5. Cookies de terceros<\/b><\/p><p>Tambi\u00e9n podemos utilizar cookies de terceros asociados y proveedores de servicios que nos ayudan a analizar el tr\u00e1fico del sitio web, gestionar la publicidad y proporcionar funciones adicionales. Estos terceros pueden recopilar informaci\u00f3n sobre sus actividades en l\u00ednea en diferentes sitios.<\/p><p><b>6. Gesti\u00f3n de cookies<\/b><\/p><p>Puede gestionar sus preferencias de cookies a trav\u00e9s de la configuraci\u00f3n de su navegador. La mayor\u00eda de los navegadores le permiten controlar las cookies a trav\u00e9s de su configuraci\u00f3n, como bloquearlas o eliminarlas. Sin embargo, tenga en cuenta que desactivar las cookies puede afectar a su capacidad para utilizar determinadas funciones de nuestro sitio web.<\/p><p>Para m\u00e1s informaci\u00f3n sobre c\u00f3mo gestionar las cookies en los navegadores m\u00e1s populares, puede visitar los siguientes enlaces:<\/p><p>-<a href=\"https:\/\/support.google.com\/chrome\/answer\/95647?hl=en\" target=\"_blank\" rel=\"noopener\">Google Chrome<\/a><\/p><p>-<a href=\"https:\/\/support.mozilla.org\/en-US\/kb\/enable-and-disable-cookies-website-preferences\" target=\"_blank\" rel=\"noopener\">Mozilla Firefox<\/a><\/p><p>-<a href=\"https:\/\/support.apple.com\/en-us\/HT201265\" target=\"_blank\" rel=\"noopener\">Safari<\/a><\/p><p>-<a href=\"https:\/\/support.microsoft.com\/en-us\/help\/4468242\/microsoft-edge-browsing-data-and-privacy\" target=\"_blank\" rel=\"noopener\">Microsoft Edge<\/a><\/p><p><b>7. Cambios en esta Pol\u00edtica de Cookies<\/b><\/p><p>Podemos actualizar esta Pol\u00edtica de Cookies de vez en cuando. Cualquier cambio ser\u00e1 publicado en esta p\u00e1gina con una fecha de vigencia actualizada. El uso continuado de nuestro sitio web despu\u00e9s de cualquier cambio constituye su aceptaci\u00f3n de la pol\u00edtica actualizada.<\/p>\t\t\t\t\t\t\t\t<\/div>\n\t\t\t\t<\/div>\n\t\t\t\t\t<\/div>\n\t\t\t\t<\/div>\n\t\t\t\t\t<\/div>\n\t\t\t\t<\/div>\n\t\t\t\t\t<\/div>\n\t\t\t\t<\/div>\n\t\t\t\t\t<\/div>\n\t\t\t\t<\/div>\n\t\t\t\t<\/div>","protected":false},"excerpt":{"rendered":"<p>Cookies 1. Introduction This Cookies Policy explains how Kamlife.me (\u201cwe,\u201d \u201cour,\u201d \u201cus\u201d) uses cookies and similar technologies to recognize you when you visit our website [Kamlife.me] and how you can manage your cookie preferences. By using our website, you consent to our use of cookies as described in this policy. 2. What Are Cookies? Cookies [&hellip;]<\/p>","protected":false},"author":3,"featured_media":0,"parent":0,"menu_order":0,"comment_status":"closed","ping_status":"closed","template":"elementor_header_footer","meta":{"inline_featured_image":false,"footnotes":""},"class_list":["post-671","page","type-page","status-publish","hentry"],"_links":{"self":[{"href":"https:\/\/kamlife.me\/es\/wp-json\/wp\/v2\/pages\/671","targetHints":{"allow":["GET"]}}],"collection":[{"href":"https:\/\/kamlife.me\/es\/wp-json\/wp\/v2\/pages"}],"about":[{"href":"https:\/\/kamlife.me\/es\/wp-json\/wp\/v2\/types\/page"}],"author":[{"embeddable":true,"href":"https:\/\/kamlife.me\/es\/wp-json\/wp\/v2\/users\/3"}],"replies":[{"embeddable":true,"href":"https:\/\/kamlife.me\/es\/wp-json\/wp\/v2\/comments?post=671"}],"version-history":[{"count":6,"href":"https:\/\/kamlife.me\/es\/wp-json\/wp\/v2\/pages\/671\/revisions"}],"predecessor-version":[{"id":2670,"href":"https:\/\/kamlife.me\/es\/wp-json\/wp\/v2\/pages\/671\/revisions\/2670"}],"wp:attachment":[{"href":"https:\/\/kamlife.me\/es\/wp-json\/wp\/v2\/media?parent=671"}],"curies":[{"name":"wp","href":"https:\/\/api.w.org\/{rel}","templated":true}]}}