{"id":681,"date":"2024-08-25T20:32:30","date_gmt":"2024-08-25T20:32:30","guid":{"rendered":"https:\/\/kamlife.me\/?page_id=681"},"modified":"2024-09-06T03:12:49","modified_gmt":"2024-09-06T03:12:49","slug":"condiciones-de-venta","status":"publish","type":"page","link":"https:\/\/kamlife.me\/es\/condiciones-de-venta\/","title":{"rendered":"Condiciones de venta"},"content":{"rendered":"<div data-elementor-type=\"wp-page\" data-elementor-id=\"681\" class=\"elementor elementor-681\" data-elementor-post-type=\"page\">\n\t\t\t\t<div class=\"elementor-element elementor-element-73a5d7f e-flex e-con-boxed e-con e-parent\" data-id=\"73a5d7f\" data-element_type=\"container\" data-e-type=\"container\" data-settings=\"{&quot;background_background&quot;:&quot;classic&quot;}\">\n\t\t\t\t\t<div class=\"e-con-inner\">\n\t\t<div class=\"elementor-element elementor-element-fb646af e-flex e-con-boxed e-con e-child\" data-id=\"fb646af\" data-element_type=\"container\" data-e-type=\"container\" data-settings=\"{&quot;background_background&quot;:&quot;classic&quot;}\">\n\t\t\t\t\t<div class=\"e-con-inner\">\n\t\t<div class=\"elementor-element elementor-element-88409df e-flex e-con-boxed e-con e-child\" data-id=\"88409df\" data-element_type=\"container\" data-e-type=\"container\">\n\t\t\t\t\t<div class=\"e-con-inner\">\n\t\t<div class=\"elementor-element elementor-element-125282e e-flex e-con-boxed e-con e-child\" data-id=\"125282e\" data-element_type=\"container\" data-e-type=\"container\">\n\t\t\t\t\t<div class=\"e-con-inner\">\n\t\t\t\t<div class=\"elementor-element elementor-element-665449c elementor-widget elementor-widget-woocommerce-breadcrumb\" data-id=\"665449c\" data-element_type=\"widget\" data-e-type=\"widget\" data-widget_type=\"woocommerce-breadcrumb.default\">\n\t\t\t\t<div class=\"elementor-widget-container\">\n\t\t\t\t\t<nav class=\"woocommerce-breadcrumb\" aria-label=\"Breadcrumb\" data-no-translation=\"\" data-trp-gettext=\"\">Inicio<\/nav>\t\t\t\t<\/div>\n\t\t\t\t<\/div>\n\t\t\t\t<div class=\"elementor-element elementor-element-d05e3bc elementor-widget elementor-widget-heading\" data-id=\"d05e3bc\" data-element_type=\"widget\" data-e-type=\"widget\" data-widget_type=\"heading.default\">\n\t\t\t\t<div class=\"elementor-widget-container\">\n\t\t\t\t\t<h2 class=\"elementor-heading-title elementor-size-default\">Condiciones de venta<\/h2>\t\t\t\t<\/div>\n\t\t\t\t<\/div>\n\t\t\t\t\t<\/div>\n\t\t\t\t<\/div>\n\t\t<div class=\"elementor-element elementor-element-7fc8451 e-flex e-con-boxed e-con e-child\" data-id=\"7fc8451\" data-element_type=\"container\" data-e-type=\"container\">\n\t\t\t\t\t<div class=\"e-con-inner\">\n\t\t\t\t<div class=\"elementor-element elementor-element-98680bb elementor-widget elementor-widget-text-editor\" data-id=\"98680bb\" data-element_type=\"widget\" data-e-type=\"widget\" data-widget_type=\"text-editor.default\">\n\t\t\t\t<div class=\"elementor-widget-container\">\n\t\t\t\t\t\t\t\t\t<p><b>1. Introducci\u00f3n<\/b><\/p><p>Bienvenido a Kamlife.me. Las presentes condiciones de venta regulan la compra de productos en nuestro sitio web [Kamlife.me]. Al realizar un pedido con nosotros, usted acepta estas condiciones. L\u00e9alas atentamente antes de realizar una compra.<\/p><p><b>2. Productos y precios<\/b><\/p><p><b>2.1. Informaci\u00f3n sobre el producto<\/b><\/p><p>Hacemos todo lo posible para garantizar que la informaci\u00f3n sobre nuestros productos sea precisa y est\u00e9 actualizada. Sin embargo, no garantizamos que todas las descripciones de productos, im\u00e1genes u otros contenidos de nuestro sitio web sean completos, fiables o est\u00e9n libres de errores.<\/p><p><b>2.2. Precios<\/b><\/p><p>Todos los precios que figuran en nuestro sitio web est\u00e1n en [Divisa] y est\u00e1n sujetos a cambios sin previo aviso. El precio que usted paga por un producto es el precio vigente en el momento de realizar su pedido. Los impuestos o gastos de env\u00edo aplicables se a\u00f1adir\u00e1n al coste total de su pedido.<\/p><p><b>3. Pedidos<\/b><\/p><p><b>3.1. Colocaci\u00f3n de pedidos<\/b><\/p><p>Cuando realiza un pedido en nuestro sitio web, est\u00e1 haciendo una oferta de compra de los productos de su cesta. Nos reservamos el derecho de aceptar o rechazar su oferta a nuestra discreci\u00f3n. Su pedido no se considerar\u00e1 confirmado hasta que reciba una confirmaci\u00f3n de pedido por nuestra parte.<\/p><p><b>3.2. Confirmaci\u00f3n del pedido<\/b><\/p><p>Cuando recibamos su pedido, le enviaremos una confirmaci\u00f3n por correo electr\u00f3nico en la que se detallar\u00e1n los productos adquiridos, el coste total y el plazo de entrega estimado. Esta confirmaci\u00f3n no constituye la aceptaci\u00f3n de su pedido.<\/p><p><b>3.3. Anulaci\u00f3n y modificaciones<\/b><\/p><p>Puede anular o modificar su pedido antes de que se haya tramitado. Para solicitar una cancelaci\u00f3n o modificaci\u00f3n, p\u00f3ngase en contacto con nosotros lo antes posible. Una vez que un pedido ha sido procesado o enviado, no puede ser cancelado o modificado.<\/p><p><b>4. Pago<\/b><\/p><p><b>4.1. Modalidades de pago<\/b><\/p><p>Aceptamos varios m\u00e9todos de pago que figuran en nuestro sitio web. Toda la informaci\u00f3n de pago debe ser exacta y completa. Usted se compromete a pagar todos los cargos incurridos por usted o por cualquier persona que utilice su cuenta e informaci\u00f3n de pago.<\/p><p><b>4.2. Tratamiento de los pagos<\/b><\/p><p>El pago de los pedidos se procesa a trav\u00e9s de pasarelas de pago seguras. Utilizamos medidas razonables para proteger su informaci\u00f3n de pago, pero no somos responsables de ning\u00fan acceso o uso no autorizado de su informaci\u00f3n de pago.<\/p><p><b>5. 5. Env\u00edo y entrega<\/b><\/p><p><b>5.1. Env\u00edo<\/b><\/p><p>Ofrecemos env\u00edos a varios lugares, como se indica en nuestro sitio web. Los plazos y costes de env\u00edo var\u00edan en funci\u00f3n de la direcci\u00f3n de entrega y del m\u00e9todo de env\u00edo seleccionado. Los plazos de entrega estimados no est\u00e1n garantizados y pueden sufrir retrasos.<\/p><p><b>5.2. Entrega<\/b><\/p><p>Tras el env\u00edo, recibir\u00e1 un n\u00famero de seguimiento (si procede) para controlar el estado de su entrega. No nos hacemos responsables de los retrasos causados por el transportista ni de los problemas con la entrega.<\/p><p><b>5.3. Errores de env\u00edo<\/b><\/p><p>Si recibe un producto da\u00f1ado o incorrecto, p\u00f3ngase en contacto con nosotros en el plazo de [n\u00famero] d\u00edas desde la recepci\u00f3n. Trabajaremos con usted para resolver el problema proporcion\u00e1ndole un producto de sustituci\u00f3n o emitiendo un reembolso.<\/p><p><b>6. 6. Devoluciones y reembolsos<\/b><\/p><p><b>6.1. Pol\u00edtica de devoluciones<\/b><\/p><p>Nuestra pol\u00edtica de devoluciones le permite devolver productos en un plazo de [n\u00famero] d\u00edas a partir de su recepci\u00f3n. Para poder optar a una devoluci\u00f3n, el producto debe estar sin usar, en su embalaje original y acompa\u00f1ado de un recibo o comprobante de compra.<\/p><p><b>6.2. Reembolsos<\/b><\/p><p>Los reembolsos se procesar\u00e1n en el m\u00e9todo de pago original utilizado para la compra. Tenga en cuenta que los gastos de env\u00edo no son reembolsables. El tiempo que se tarda en procesar un reembolso puede variar en funci\u00f3n de su proveedor de pago.<\/p><p><b>7. Limitaci\u00f3n de responsabilidad<\/b><\/p><p>En la m\u00e1xima medida permitida por la ley, Kamlife.me no se hace responsable de ning\u00fan da\u00f1o indirecto, incidental, especial o consecuente que surja de o en conexi\u00f3n con su compra o uso de nuestros productos. Nuestra responsabilidad se limita al importe pagado por el producto.<\/p><p><b>8. Derecho aplicable<\/b><\/p><p>Estas Condiciones de venta se rigen e interpretan de acuerdo con las leyes de [Su pa\u00eds\/Estado]. Cualquier disputa que surja de estos t\u00e9rminos estar\u00e1 sujeta a la jurisdicci\u00f3n exclusiva de los tribunales ubicados en [Su Jurisdicci\u00f3n].<\/p><p><b>9. Modificaciones de las presentes condiciones<\/b><\/p><p>Podemos actualizar estas Condiciones de venta de vez en cuando. Cualquier cambio se publicar\u00e1 en esta p\u00e1gina con una fecha de entrada en vigor actualizada. El uso continuado de nuestro sitio web y servicios despu\u00e9s de cualquier cambio constituye su aceptaci\u00f3n de los t\u00e9rminos revisados.<\/p>\t\t\t\t\t\t\t\t<\/div>\n\t\t\t\t<\/div>\n\t\t\t\t\t<\/div>\n\t\t\t\t<\/div>\n\t\t\t\t\t<\/div>\n\t\t\t\t<\/div>\n\t\t\t\t\t<\/div>\n\t\t\t\t<\/div>\n\t\t\t\t\t<\/div>\n\t\t\t\t<\/div>\n\t\t\t\t<\/div>","protected":false},"excerpt":{"rendered":"<p>Terms of sale 1. Introduction Welcome to Kamlife.me. These Terms of Sale govern the purchase of products from our website [Kamlife.me]. By placing an order with us, you agree to these terms. Please read them carefully before making a purchase. 2. Products and Pricing 2.1. Product Information We make every effort to ensure that the [&hellip;]<\/p>","protected":false},"author":3,"featured_media":0,"parent":0,"menu_order":0,"comment_status":"closed","ping_status":"closed","template":"elementor_theme","meta":{"inline_featured_image":false,"footnotes":""},"class_list":["post-681","page","type-page","status-publish","hentry"],"_links":{"self":[{"href":"https:\/\/kamlife.me\/es\/wp-json\/wp\/v2\/pages\/681","targetHints":{"allow":["GET"]}}],"collection":[{"href":"https:\/\/kamlife.me\/es\/wp-json\/wp\/v2\/pages"}],"about":[{"href":"https:\/\/kamlife.me\/es\/wp-json\/wp\/v2\/types\/page"}],"author":[{"embeddable":true,"href":"https:\/\/kamlife.me\/es\/wp-json\/wp\/v2\/users\/3"}],"replies":[{"embeddable":true,"href":"https:\/\/kamlife.me\/es\/wp-json\/wp\/v2\/comments?post=681"}],"version-history":[{"count":6,"href":"https:\/\/kamlife.me\/es\/wp-json\/wp\/v2\/pages\/681\/revisions"}],"predecessor-version":[{"id":2664,"href":"https:\/\/kamlife.me\/es\/wp-json\/wp\/v2\/pages\/681\/revisions\/2664"}],"wp:attachment":[{"href":"https:\/\/kamlife.me\/es\/wp-json\/wp\/v2\/media?parent=681"}],"curies":[{"name":"wp","href":"https:\/\/api.w.org\/{rel}","templated":true}]}}