{"id":1206,"date":"2024-09-01T01:36:22","date_gmt":"2024-09-01T01:36:22","guid":{"rendered":"https:\/\/kamlife.me\/?post_type=product&#038;p=1206"},"modified":"2025-08-25T23:30:40","modified_gmt":"2025-08-25T23:30:40","slug":"5-x-confezione-cobra-120mg","status":"publish","type":"product","link":"https:\/\/kamlife.me\/es\/producto\/5-x-confezione-cobra-120mg\/","title":{"rendered":"5 x paquete Cobra 120mg"},"content":{"rendered":"<p><b>USOS:<\/b> Cobra 120 mg se utiliza para tratar la disfunci\u00f3n er\u00e9ctil aumentando el flujo sangu\u00edneo al pene. El ingrediente activo es Sildenafil, que ayuda a lograr y mantener una erecci\u00f3n.<\/p>\n<p><b>ALMACENAMIENTO:<\/b> Conservar en lugar fresco y seco, fuera del alcance de los ni\u00f1os.<\/p>\n<p><b>DOSIS:<\/b> Siga las instrucciones de su m\u00e9dico.<\/p>\n<p><b>EFECTOS SECUNDARIOS:<\/b> Los efectos secundarios m\u00e1s frecuentes son dolor de cabeza, enrojecimiento facial, malestar estomacal y congesti\u00f3n nasal.<\/p>","protected":false},"excerpt":{"rendered":"<p><strong>Cobra 120<\/strong> es una potente formulaci\u00f3n de Sildenafilo para la disfunci\u00f3n er\u00e9ctil, que ofrece resultados r\u00e1pidos y duraderos.<\/p>","protected":false},"featured_media":1221,"comment_status":"open","ping_status":"closed","template":"","meta":{"inline_featured_image":false},"product_brand":[],"product_cat":[201],"product_tag":[101,97,100,98],"class_list":{"0":"post-1206","1":"product","2":"type-product","3":"status-publish","4":"has-post-thumbnail","6":"product_cat-sexual-health","7":"product_tag-120mg","8":"product_tag-erectile-dysfunction","9":"product_tag-oral-tablets","10":"product_tag-sildenafil","12":"first","13":"instock","14":"shipping-taxable","15":"purchasable","16":"product-type-simple"},"_links":{"self":[{"href":"https:\/\/kamlife.me\/es\/wp-json\/wp\/v2\/product\/1206","targetHints":{"allow":["GET"]}}],"collection":[{"href":"https:\/\/kamlife.me\/es\/wp-json\/wp\/v2\/product"}],"about":[{"href":"https:\/\/kamlife.me\/es\/wp-json\/wp\/v2\/types\/product"}],"replies":[{"embeddable":true,"href":"https:\/\/kamlife.me\/es\/wp-json\/wp\/v2\/comments?post=1206"}],"wp:featuredmedia":[{"embeddable":true,"href":"https:\/\/kamlife.me\/es\/wp-json\/wp\/v2\/media\/1221"}],"wp:attachment":[{"href":"https:\/\/kamlife.me\/es\/wp-json\/wp\/v2\/media?parent=1206"}],"wp:term":[{"taxonomy":"product_brand","embeddable":true,"href":"https:\/\/kamlife.me\/es\/wp-json\/wp\/v2\/product_brand?post=1206"},{"taxonomy":"product_cat","embeddable":true,"href":"https:\/\/kamlife.me\/es\/wp-json\/wp\/v2\/product_cat?post=1206"},{"taxonomy":"product_tag","embeddable":true,"href":"https:\/\/kamlife.me\/es\/wp-json\/wp\/v2\/product_tag?post=1206"}],"curies":[{"name":"wp","href":"https:\/\/api.w.org\/{rel}","templated":true}]}}