{"id":1252,"date":"2024-09-01T02:50:13","date_gmt":"2024-09-01T02:50:13","guid":{"rendered":"https:\/\/kamlife.me\/?post_type=product&#038;p=1252"},"modified":"2026-01-02T11:28:37","modified_gmt":"2026-01-02T11:28:37","slug":"apcalis-oral-jelly-7x20mg","status":"publish","type":"product","link":"https:\/\/kamlife.me\/es\/producto\/apcalis-oral-jelly-7x20mg\/","title":{"rendered":"Apcalis Oral Jelly 7x20mg"},"content":{"rendered":"<p><b>USOS:<\/b> Apcalis oral jelly contiene Tadalafilo y se utiliza para tratar la disfunci\u00f3n er\u00e9ctil. Ayuda a aumentar el flujo sangu\u00edneo al pene y mantener una erecci\u00f3n durante la actividad sexual.<\/p>\n<p><b>ALMACENAMIENTO:<\/b> Conservar a temperatura ambiente, lejos de la humedad y el calor.<\/p>\n<p><b>DOSIS:<\/b> Util\u00edcelo siguiendo las indicaciones de su m\u00e9dico.<\/p>\n<p><b>EFECTOS SECUNDARIOS:<\/b> Puede incluir dolor de cabeza, dolor de espalda, dolores musculares, sofocos e indigesti\u00f3n.<\/p>","protected":false},"excerpt":{"rendered":"<p class=\"p1\">Apcalis Oral Jelly es una alternativa a Cialis f\u00e1cil de consumir, que ofrece una r\u00e1pida absorci\u00f3n y una duraci\u00f3n de hasta 36 horas.<\/p>\n<p><b>USOS:<\/b> Apcalis oral jelly contiene Tadalafilo y se utiliza para tratar la disfunci\u00f3n er\u00e9ctil. Ayuda a aumentar el flujo sangu\u00edneo al pene y mantener una erecci\u00f3n durante la actividad sexual.<\/p>\n<p><b>ALMACENAMIENTO:<\/b> Conservar a temperatura ambiente, lejos de la humedad y el calor.<\/p>\n<p><b>DOSIS:<\/b> Util\u00edcelo siguiendo las indicaciones de su m\u00e9dico.<\/p>\n<p><b>EFECTOS SECUNDARIOS:<\/b> Puede incluir dolor de cabeza, dolor de espalda, dolores musculares, sofocos e indigesti\u00f3n.<\/p>","protected":false},"featured_media":1227,"comment_status":"open","ping_status":"closed","template":"","meta":{"inline_featured_image":false},"product_brand":[],"product_cat":[201],"product_tag":[104,97,102,103],"class_list":{"0":"post-1252","1":"product","2":"type-product","3":"status-publish","4":"has-post-thumbnail","6":"product_cat-sexual-health","7":"product_tag-20mg","8":"product_tag-erectile-dysfunction","9":"product_tag-oral-jelly","10":"product_tag-tadalafil","12":"first","13":"instock","14":"shipping-taxable","15":"purchasable","16":"product-type-simple"},"_links":{"self":[{"href":"https:\/\/kamlife.me\/es\/wp-json\/wp\/v2\/product\/1252","targetHints":{"allow":["GET"]}}],"collection":[{"href":"https:\/\/kamlife.me\/es\/wp-json\/wp\/v2\/product"}],"about":[{"href":"https:\/\/kamlife.me\/es\/wp-json\/wp\/v2\/types\/product"}],"replies":[{"embeddable":true,"href":"https:\/\/kamlife.me\/es\/wp-json\/wp\/v2\/comments?post=1252"}],"wp:featuredmedia":[{"embeddable":true,"href":"https:\/\/kamlife.me\/es\/wp-json\/wp\/v2\/media\/1227"}],"wp:attachment":[{"href":"https:\/\/kamlife.me\/es\/wp-json\/wp\/v2\/media?parent=1252"}],"wp:term":[{"taxonomy":"product_brand","embeddable":true,"href":"https:\/\/kamlife.me\/es\/wp-json\/wp\/v2\/product_brand?post=1252"},{"taxonomy":"product_cat","embeddable":true,"href":"https:\/\/kamlife.me\/es\/wp-json\/wp\/v2\/product_cat?post=1252"},{"taxonomy":"product_tag","embeddable":true,"href":"https:\/\/kamlife.me\/es\/wp-json\/wp\/v2\/product_tag?post=1252"}],"curies":[{"name":"wp","href":"https:\/\/api.w.org\/{rel}","templated":true}]}}