{"id":1253,"date":"2024-09-01T02:52:40","date_gmt":"2024-09-01T02:52:40","guid":{"rendered":"https:\/\/kamlife.me\/?post_type=product&#038;p=1253"},"modified":"2026-01-02T11:28:35","modified_gmt":"2026-01-02T11:28:35","slug":"aurogra-100mg-sildenafil","status":"publish","type":"product","link":"https:\/\/kamlife.me\/es\/producto\/aurogra-100mg-sildenafil\/","title":{"rendered":"AUROGRA 100MG (Sildenafil)"},"content":{"rendered":"<p><b>USOS:<\/b> Aurogra 100 mg trata la disfunci\u00f3n er\u00e9ctil aumentando el flujo sangu\u00edneo al pene, ayudando a lograr y mantener una erecci\u00f3n.<\/p>\n<p><b>ALMACENAMIENTO:<\/b> Conservar en un lugar seco a temperatura ambiente.<\/p>\n<p><b>DOSIS:<\/b> Consulte a su m\u00e9dico para obtener informaci\u00f3n sobre la dosis.<\/p>\n<p><b>EFECTOS SECUNDARIOS:<\/b> Los efectos secundarios pueden incluir dolores de cabeza, sofocos, indigesti\u00f3n y congesti\u00f3n nasal.<\/p>","protected":false},"excerpt":{"rendered":"<p class=\"p1\">Aurogra 100 mg es una alternativa gen\u00e9rica eficaz a Viagra, utilizada para tratar la disfunci\u00f3n er\u00e9ctil.<\/p>\n<p><b>USOS:<\/b> Aurogra 100 mg trata la disfunci\u00f3n er\u00e9ctil aumentando el flujo sangu\u00edneo al pene, ayudando a lograr y mantener una erecci\u00f3n.<\/p>\n<p><b>ALMACENAMIENTO:<\/b> Conservar en un lugar seco a temperatura ambiente.<\/p>\n<p><b>DOSIS:<\/b> Consulte a su m\u00e9dico para obtener informaci\u00f3n sobre la dosis.<\/p>\n<p><b>EFECTOS SECUNDARIOS:<\/b> Los efectos secundarios pueden incluir dolores de cabeza, sofocos, indigesti\u00f3n y congesti\u00f3n nasal.<\/p>","protected":false},"featured_media":2925,"comment_status":"open","ping_status":"closed","template":"","meta":{"inline_featured_image":false},"product_brand":[],"product_cat":[201],"product_tag":[99,97,100,98],"class_list":{"0":"post-1253","1":"product","2":"type-product","3":"status-publish","4":"has-post-thumbnail","6":"product_cat-sexual-health","7":"product_tag-100mg","8":"product_tag-erectile-dysfunction","9":"product_tag-oral-tablets","10":"product_tag-sildenafil","12":"first","13":"instock","14":"shipping-taxable","15":"purchasable","16":"product-type-simple"},"_links":{"self":[{"href":"https:\/\/kamlife.me\/es\/wp-json\/wp\/v2\/product\/1253","targetHints":{"allow":["GET"]}}],"collection":[{"href":"https:\/\/kamlife.me\/es\/wp-json\/wp\/v2\/product"}],"about":[{"href":"https:\/\/kamlife.me\/es\/wp-json\/wp\/v2\/types\/product"}],"replies":[{"embeddable":true,"href":"https:\/\/kamlife.me\/es\/wp-json\/wp\/v2\/comments?post=1253"}],"wp:featuredmedia":[{"embeddable":true,"href":"https:\/\/kamlife.me\/es\/wp-json\/wp\/v2\/media\/2925"}],"wp:attachment":[{"href":"https:\/\/kamlife.me\/es\/wp-json\/wp\/v2\/media?parent=1253"}],"wp:term":[{"taxonomy":"product_brand","embeddable":true,"href":"https:\/\/kamlife.me\/es\/wp-json\/wp\/v2\/product_brand?post=1253"},{"taxonomy":"product_cat","embeddable":true,"href":"https:\/\/kamlife.me\/es\/wp-json\/wp\/v2\/product_cat?post=1253"},{"taxonomy":"product_tag","embeddable":true,"href":"https:\/\/kamlife.me\/es\/wp-json\/wp\/v2\/product_tag?post=1253"}],"curies":[{"name":"wp","href":"https:\/\/api.w.org\/{rel}","templated":true}]}}