{"id":1254,"date":"2024-09-01T02:55:41","date_gmt":"2024-09-01T02:55:41","guid":{"rendered":"https:\/\/kamlife.me\/?post_type=product&#038;p=1254"},"modified":"2025-08-28T17:28:04","modified_gmt":"2025-08-28T17:28:04","slug":"cenforce-10-x-200mg-generic-viagra","status":"publish","type":"product","link":"https:\/\/kamlife.me\/es\/producto\/cenforce-10-x-200mg-generic-viagra\/","title":{"rendered":"Cenforce 10 x 100mg - Viagra gen\u00e9rico"},"content":{"rendered":"<p><b>USOS:<\/b> Cenforce 200 mg es una forma gen\u00e9rica de Viagra utilizada para tratar la disfunci\u00f3n er\u00e9ctil. Contiene Sildenafil y ayuda a mejorar el flujo sangu\u00edneo al pene.<\/p>\n<p><b>ALMACENAMIENTO:<\/b> Conservar en lugar fresco y seco, fuera del alcance de los ni\u00f1os.<\/p>\n<p><b>DOSIS:<\/b> Siga las recomendaciones de su m\u00e9dico en cuanto a la dosis.<\/p>\n<p><b>EFECTOS SECUNDARIOS:<\/b> Los posibles efectos secundarios incluyen dolor de cabeza, sofocos, mareos y malestar estomacal.<\/p>","protected":false},"excerpt":{"rendered":"<p class=\"p1\">Cenforce 100 mg es una versi\u00f3n de alta potencia de Sildenafilo, recomendada para casos graves de disfunci\u00f3n er\u00e9ctil.<\/p>","protected":false},"featured_media":1225,"comment_status":"open","ping_status":"closed","template":"","meta":{"inline_featured_image":false},"product_brand":[207],"product_cat":[201],"product_tag":[113,97,100,98],"class_list":{"0":"post-1254","1":"product","2":"type-product","3":"status-publish","4":"has-post-thumbnail","6":"product_brand-cenforce","7":"product_cat-sexual-health","8":"product_tag-200mg","9":"product_tag-erectile-dysfunction","10":"product_tag-oral-tablets","11":"product_tag-sildenafil","13":"first","14":"instock","15":"shipping-taxable","16":"purchasable","17":"product-type-simple"},"_links":{"self":[{"href":"https:\/\/kamlife.me\/es\/wp-json\/wp\/v2\/product\/1254","targetHints":{"allow":["GET"]}}],"collection":[{"href":"https:\/\/kamlife.me\/es\/wp-json\/wp\/v2\/product"}],"about":[{"href":"https:\/\/kamlife.me\/es\/wp-json\/wp\/v2\/types\/product"}],"replies":[{"embeddable":true,"href":"https:\/\/kamlife.me\/es\/wp-json\/wp\/v2\/comments?post=1254"}],"wp:featuredmedia":[{"embeddable":true,"href":"https:\/\/kamlife.me\/es\/wp-json\/wp\/v2\/media\/1225"}],"wp:attachment":[{"href":"https:\/\/kamlife.me\/es\/wp-json\/wp\/v2\/media?parent=1254"}],"wp:term":[{"taxonomy":"product_brand","embeddable":true,"href":"https:\/\/kamlife.me\/es\/wp-json\/wp\/v2\/product_brand?post=1254"},{"taxonomy":"product_cat","embeddable":true,"href":"https:\/\/kamlife.me\/es\/wp-json\/wp\/v2\/product_cat?post=1254"},{"taxonomy":"product_tag","embeddable":true,"href":"https:\/\/kamlife.me\/es\/wp-json\/wp\/v2\/product_tag?post=1254"}],"curies":[{"name":"wp","href":"https:\/\/api.w.org\/{rel}","templated":true}]}}