{"id":1255,"date":"2024-09-01T03:01:34","date_gmt":"2024-09-01T03:01:34","guid":{"rendered":"https:\/\/kamlife.me\/?post_type=product&#038;p=1255"},"modified":"2026-02-02T17:59:44","modified_gmt":"2026-02-02T17:59:44","slug":"dapotime-90-dapoxetine","status":"publish","type":"product","link":"https:\/\/kamlife.me\/es\/producto\/dapotime-90-dapoxetine\/","title":{"rendered":"Dapotime 90 (Dapoxetine)"},"content":{"rendered":"<p><b>USOS:<\/b> Dapotime 90mg is used to treat premature ejaculation. It works by increasing serotonin levels in the brain to improve control over ejaculation.<\/p>\n<p><b>ALMACENAMIENTO:<\/b> Conservar a temperatura ambiente, lejos de la humedad y el calor.<\/p>\n<p><b>DOSIS:<\/b> Siga las instrucciones de su m\u00e9dico.<\/p>\n<p><b>EFECTOS SECUNDARIOS:<\/b> Los posibles efectos secundarios incluyen n\u00e1useas, mareos, dolor de cabeza y sequedad de boca.<\/p>","protected":false},"excerpt":{"rendered":"<p class=\"p1\">Dapotime 60 contiene Dapoxetina y est\u00e1 dise\u00f1ado para tratar la eyaculaci\u00f3n precoz en los hombres.<\/p>","protected":false},"featured_media":1219,"comment_status":"open","ping_status":"closed","template":"","meta":{"inline_featured_image":false},"product_brand":[],"product_cat":[201],"product_tag":[105,107,100,106],"class_list":{"0":"post-1255","1":"product","2":"type-product","3":"status-publish","4":"has-post-thumbnail","6":"product_cat-sexual-health","7":"product_tag-60mg","8":"product_tag-dapoxetine","9":"product_tag-oral-tablets","10":"product_tag-premature-ejaculation","12":"first","13":"instock","14":"shipping-taxable","15":"purchasable","16":"product-type-simple"},"_links":{"self":[{"href":"https:\/\/kamlife.me\/es\/wp-json\/wp\/v2\/product\/1255","targetHints":{"allow":["GET"]}}],"collection":[{"href":"https:\/\/kamlife.me\/es\/wp-json\/wp\/v2\/product"}],"about":[{"href":"https:\/\/kamlife.me\/es\/wp-json\/wp\/v2\/types\/product"}],"replies":[{"embeddable":true,"href":"https:\/\/kamlife.me\/es\/wp-json\/wp\/v2\/comments?post=1255"}],"wp:featuredmedia":[{"embeddable":true,"href":"https:\/\/kamlife.me\/es\/wp-json\/wp\/v2\/media\/1219"}],"wp:attachment":[{"href":"https:\/\/kamlife.me\/es\/wp-json\/wp\/v2\/media?parent=1255"}],"wp:term":[{"taxonomy":"product_brand","embeddable":true,"href":"https:\/\/kamlife.me\/es\/wp-json\/wp\/v2\/product_brand?post=1255"},{"taxonomy":"product_cat","embeddable":true,"href":"https:\/\/kamlife.me\/es\/wp-json\/wp\/v2\/product_cat?post=1255"},{"taxonomy":"product_tag","embeddable":true,"href":"https:\/\/kamlife.me\/es\/wp-json\/wp\/v2\/product_tag?post=1255"}],"curies":[{"name":"wp","href":"https:\/\/api.w.org\/{rel}","templated":true}]}}