{"id":1258,"date":"2024-09-01T03:06:41","date_gmt":"2024-09-01T03:06:41","guid":{"rendered":"https:\/\/kamlife.me\/?post_type=product&#038;p=1258"},"modified":"2026-01-02T11:28:33","modified_gmt":"2026-01-02T11:28:33","slug":"kamagra-effervescente-7x100mg","status":"publish","type":"product","link":"https:\/\/kamlife.me\/es\/producto\/kamagra-effervescente-7x100mg\/","title":{"rendered":"Kamagra Efervescente 7x100mg"},"content":{"rendered":"<p><b>USOS:<\/b> Kamagra Efervescente es una forma de Sildenafilo utilizada para tratar la disfunci\u00f3n er\u00e9ctil. Se disuelve en agua y ayuda a mejorar el flujo sangu\u00edneo al pene.<\/p>\n<p><b>ALMACENAMIENTO:<\/b> Conservar en un lugar seco a temperatura ambiente.<\/p>\n<p><b>DOSIS:<\/b> Siga los consejos de su m\u00e9dico.<\/p>\n<p><b>EFECTOS SECUNDARIOS:<\/b> Los efectos secundarios m\u00e1s frecuentes son dolores de cabeza, sofocos y malestar estomacal.<\/p>","protected":false},"excerpt":{"rendered":"<p class=\"p1\">Kamagra Efervescente ofrece una forma r\u00e1pida y f\u00e1cil de tomar Sildenafil, disolvi\u00e9ndose en agua.<\/p>\n<p><b>TAGS:<\/b> Disfunci\u00f3n er\u00e9ctil, Sildenafil, 100mg, Comprimidos efervescentes<\/p>\n<p><b>USOS:<\/b> Kamagra Efervescente es una forma de Sildenafilo utilizada para tratar la disfunci\u00f3n er\u00e9ctil. Se disuelve en agua y ayuda a mejorar el flujo sangu\u00edneo al pene.<\/p>\n<p><b>ALMACENAMIENTO:<\/b> Conservar en un lugar seco a temperatura ambiente.<\/p>\n<p><b>DOSIS:<\/b> Siga los consejos de su m\u00e9dico.<\/p>\n<p><b>EFECTOS SECUNDARIOS:<\/b> Los efectos secundarios m\u00e1s frecuentes son dolores de cabeza, sofocos y malestar estomacal.<\/p>","protected":false},"featured_media":1217,"comment_status":"open","ping_status":"closed","template":"","meta":{"inline_featured_image":false},"product_brand":[],"product_cat":[198],"product_tag":[99,109,97,98],"class_list":{"0":"post-1258","1":"product","2":"type-product","3":"status-publish","4":"has-post-thumbnail","6":"product_cat-stimulants","7":"product_tag-100mg","8":"product_tag-effervescent-tablets","9":"product_tag-erectile-dysfunction","10":"product_tag-sildenafil","12":"first","13":"instock","14":"shipping-taxable","15":"purchasable","16":"product-type-simple"},"_links":{"self":[{"href":"https:\/\/kamlife.me\/es\/wp-json\/wp\/v2\/product\/1258","targetHints":{"allow":["GET"]}}],"collection":[{"href":"https:\/\/kamlife.me\/es\/wp-json\/wp\/v2\/product"}],"about":[{"href":"https:\/\/kamlife.me\/es\/wp-json\/wp\/v2\/types\/product"}],"replies":[{"embeddable":true,"href":"https:\/\/kamlife.me\/es\/wp-json\/wp\/v2\/comments?post=1258"}],"wp:featuredmedia":[{"embeddable":true,"href":"https:\/\/kamlife.me\/es\/wp-json\/wp\/v2\/media\/1217"}],"wp:attachment":[{"href":"https:\/\/kamlife.me\/es\/wp-json\/wp\/v2\/media?parent=1258"}],"wp:term":[{"taxonomy":"product_brand","embeddable":true,"href":"https:\/\/kamlife.me\/es\/wp-json\/wp\/v2\/product_brand?post=1258"},{"taxonomy":"product_cat","embeddable":true,"href":"https:\/\/kamlife.me\/es\/wp-json\/wp\/v2\/product_cat?post=1258"},{"taxonomy":"product_tag","embeddable":true,"href":"https:\/\/kamlife.me\/es\/wp-json\/wp\/v2\/product_tag?post=1258"}],"curies":[{"name":"wp","href":"https:\/\/api.w.org\/{rel}","templated":true}]}}