{"id":1268,"date":"2024-09-01T03:31:08","date_gmt":"2024-09-01T03:31:08","guid":{"rendered":"https:\/\/kamlife.me\/?post_type=product&#038;p=1268"},"modified":"2026-01-02T11:28:34","modified_gmt":"2026-01-02T11:28:34","slug":"cenforce-10-x-200mg","status":"publish","type":"product","link":"https:\/\/kamlife.me\/es\/producto\/cenforce-10-x-200mg\/","title":{"rendered":"Cenforce 10 x 200mg"},"content":{"rendered":"<p><b>USOS:<\/b> Cenforce 200 mg se utiliza para tratar la disfunci\u00f3n er\u00e9ctil mediante el aumento del flujo sangu\u00edneo al pene. Ayuda a lograr una erecci\u00f3n firme durante la actividad sexual.<\/p>\n<p><b>ALMACENAMIENTO:<\/b> Conservar a temperatura ambiente, al abrigo de la luz y la humedad.<\/p>\n<p><b>DOSIS:<\/b> Util\u00edcelo siguiendo las indicaciones de su m\u00e9dico.<\/p>\n<p><b>EFECTOS SECUNDARIOS:<\/b> Puede incluir dolor de cabeza, rubor, n\u00e1useas y alteraciones de la visi\u00f3n.<\/p>","protected":false},"excerpt":{"rendered":"<p class=\"p1\">Cenforce 200 mg es una versi\u00f3n de alta potencia de Sildenafilo, recomendada para casos graves de disfunci\u00f3n er\u00e9ctil.<\/p>","protected":false},"featured_media":1223,"comment_status":"open","ping_status":"closed","template":"","meta":{"inline_featured_image":false},"product_brand":[207],"product_cat":[201],"product_tag":[115,97,100,98],"class_list":{"0":"post-1268","1":"product","2":"type-product","3":"status-publish","4":"has-post-thumbnail","6":"product_brand-cenforce","7":"product_cat-sexual-health","8":"product_tag-200-mg","9":"product_tag-erectile-dysfunction","10":"product_tag-oral-tablets","11":"product_tag-sildenafil","13":"first","14":"instock","15":"shipping-taxable","16":"purchasable","17":"product-type-simple"},"_links":{"self":[{"href":"https:\/\/kamlife.me\/es\/wp-json\/wp\/v2\/product\/1268","targetHints":{"allow":["GET"]}}],"collection":[{"href":"https:\/\/kamlife.me\/es\/wp-json\/wp\/v2\/product"}],"about":[{"href":"https:\/\/kamlife.me\/es\/wp-json\/wp\/v2\/types\/product"}],"replies":[{"embeddable":true,"href":"https:\/\/kamlife.me\/es\/wp-json\/wp\/v2\/comments?post=1268"}],"wp:featuredmedia":[{"embeddable":true,"href":"https:\/\/kamlife.me\/es\/wp-json\/wp\/v2\/media\/1223"}],"wp:attachment":[{"href":"https:\/\/kamlife.me\/es\/wp-json\/wp\/v2\/media?parent=1268"}],"wp:term":[{"taxonomy":"product_brand","embeddable":true,"href":"https:\/\/kamlife.me\/es\/wp-json\/wp\/v2\/product_brand?post=1268"},{"taxonomy":"product_cat","embeddable":true,"href":"https:\/\/kamlife.me\/es\/wp-json\/wp\/v2\/product_cat?post=1268"},{"taxonomy":"product_tag","embeddable":true,"href":"https:\/\/kamlife.me\/es\/wp-json\/wp\/v2\/product_tag?post=1268"}],"curies":[{"name":"wp","href":"https:\/\/api.w.org\/{rel}","templated":true}]}}