{"id":2879,"date":"2024-09-19T12:26:36","date_gmt":"2024-09-19T12:26:36","guid":{"rendered":"https:\/\/kamlife.me\/?post_type=product&#038;p=2879"},"modified":"2026-02-27T14:18:09","modified_gmt":"2026-02-27T14:18:09","slug":"vitara-40","status":"publish","type":"product","link":"https:\/\/kamlife.me\/es\/producto\/vitara-40\/","title":{"rendered":"VITARA 40"},"content":{"rendered":"<p>Vitara v 40 se utiliza principalmente para el tratamiento de la disfunci\u00f3n er\u00e9ctil (DE) entre los hombres. El medicamento tambi\u00e9n se utiliza para el tratamiento de la insuficiencia hep\u00e1tica y renal, pero requerir\u00eda una receta del m\u00e9dico.<\/p>","protected":false},"excerpt":{"rendered":"<table>\n<tbody>\n<tr>\n<td class=\"tdwdt\">Fuerza<\/td>\n<td class=\"tdwdt1 color6\">\n<div class=\"dsf pr\"><span class=\"datatooltip\">40 mg<\/span><\/div>\n<\/td>\n<\/tr>\n<tr>\n<td class=\"tdwdt\">Tama\u00f1o del envase<\/td>\n<td class=\"tdwdt1 color6\">\n<div class=\"dsf pr\"><span class=\"datatooltip\">10*10 Comprimidos<\/span><\/div>\n<\/td>\n<\/tr>\n<tr>\n<td class=\"tdwdt\">Marca<\/td>\n<td class=\"tdwdt1 color6\">\n<div class=\"dsf pr\"><span class=\"datatooltip\">Vitara-V 40mg Comprimido<\/span><\/div>\n<\/td>\n<\/tr>\n<tr>\n<td class=\"tdwdt\">Formulario<\/td>\n<td class=\"tdwdt1 color6\">\n<div class=\"dsf pr\"><span class=\"datatooltip\">Tableta<\/span><\/div>\n<\/td>\n<\/tr>\n<tr>\n<td class=\"tdwdt\">Tipo de envase<\/td>\n<td class=\"tdwdt1 color6\">\n<div class=\"dsf pr\"><span class=\"datatooltip\">Tiras<\/span><\/div>\n<\/td>\n<\/tr>\n<tr>\n<td class=\"tdwdt\">Tama\u00f1o del envase<\/td>\n<td class=\"tdwdt1 color6\">\n<div class=\"dsf pr\"><span class=\"datatooltip\">10 Tableta<\/span><\/div>\n<\/td>\n<\/tr>\n<tr>\n<td class=\"tdwdt\">Composici\u00f3n<\/td>\n<td class=\"tdwdt1 color6\">\n<div class=\"dsf pr\"><span class=\"datatooltip\">Vardenafilo 40 mg<\/span><\/div>\n<\/td>\n<\/tr>\n<tr>\n<td class=\"tdwdt\">Fabricante<\/td>\n<td class=\"tdwdt1 color6\">\n<div class=\"dsf pr\"><span class=\"datatooltip\">Firma<\/span><\/div>\n<\/td>\n<\/tr>\n<tr>\n<td class=\"tdwdt\">Usos<\/td>\n<td class=\"tdwdt1 color6\">\n<div class=\"dsf pr\"><span class=\"datatooltip\">Para tratar la disfunci\u00f3n er\u00e9ctil<\/span><\/div>\n<\/td>\n<\/tr>\n<tr>\n<td class=\"tdwdt\">Dosificaci\u00f3n<\/td>\n<td class=\"tdwdt1 color6\">\n<div class=\"dsf pr\"><span class=\"datatooltip\">40 mg<\/span><\/div>\n<\/td>\n<\/tr>\n<\/tbody>\n<\/table>","protected":false},"featured_media":2880,"comment_status":"open","ping_status":"closed","template":"","meta":{"inline_featured_image":false},"product_brand":[],"product_cat":[199],"product_tag":[],"class_list":{"0":"post-2879","1":"product","2":"type-product","3":"status-publish","4":"has-post-thumbnail","6":"product_cat-enhancers","8":"first","9":"outofstock","10":"shipping-taxable","11":"purchasable","12":"product-type-simple"},"_links":{"self":[{"href":"https:\/\/kamlife.me\/es\/wp-json\/wp\/v2\/product\/2879","targetHints":{"allow":["GET"]}}],"collection":[{"href":"https:\/\/kamlife.me\/es\/wp-json\/wp\/v2\/product"}],"about":[{"href":"https:\/\/kamlife.me\/es\/wp-json\/wp\/v2\/types\/product"}],"replies":[{"embeddable":true,"href":"https:\/\/kamlife.me\/es\/wp-json\/wp\/v2\/comments?post=2879"}],"wp:featuredmedia":[{"embeddable":true,"href":"https:\/\/kamlife.me\/es\/wp-json\/wp\/v2\/media\/2880"}],"wp:attachment":[{"href":"https:\/\/kamlife.me\/es\/wp-json\/wp\/v2\/media?parent=2879"}],"wp:term":[{"taxonomy":"product_brand","embeddable":true,"href":"https:\/\/kamlife.me\/es\/wp-json\/wp\/v2\/product_brand?post=2879"},{"taxonomy":"product_cat","embeddable":true,"href":"https:\/\/kamlife.me\/es\/wp-json\/wp\/v2\/product_cat?post=2879"},{"taxonomy":"product_tag","embeddable":true,"href":"https:\/\/kamlife.me\/es\/wp-json\/wp\/v2\/product_tag?post=2879"}],"curies":[{"name":"wp","href":"https:\/\/api.w.org\/{rel}","templated":true}]}}