{"id":2882,"date":"2024-09-19T12:36:35","date_gmt":"2024-09-19T12:36:35","guid":{"rendered":"https:\/\/kamlife.me\/?post_type=product&#038;p=2882"},"modified":"2026-02-07T20:09:57","modified_gmt":"2026-02-07T20:09:57","slug":"vitara-v-20mg","status":"publish","type":"product","link":"https:\/\/kamlife.me\/es\/producto\/vitara-v-20mg\/","title":{"rendered":"Vitara V 20 mg"},"content":{"rendered":"<h2><span id=\"Vitara_v20_Vardenafil_by_Signature_Pharmaceuticals_Limited\">Introducci\u00f3n a Vitara V 20 mg\u00a0<\/span><\/h2>\n<p>Los comprimidos de Vitara V 20 mg se encuentran entre los medicamentos que se administran por v\u00eda oral a los hombres que padecen\u00a0<a href=\"https:\/\/24x7pharma.com\/erectile-dysfunction-ed\/\" target=\"_blank\" rel=\"noopener\">disfunci\u00f3n er\u00e9ctil<\/a>. Este medicamento pertenece a la familia de f\u00e1rmacos PDE5 o inhibidor de la fosfodiesterasa tipo 5.<\/p>\n<h3><span id=\"What_to_Use_It_For\" class=\"ez-toc-section\"><\/span><span id=\"What_to_Use_It_For\">\u00bfPara qu\u00e9 utilizarlo?<\/span><\/h3>\n<p>Vitara V 20 mg se utiliza principalmente para el tratamiento de la disfunci\u00f3n er\u00e9ctil (DE) en los hombres. El medicamento tambi\u00e9n se utiliza para el tratamiento de\u00a0<a href=\"https:\/\/medlineplus.gov\/ency\/article\/002378.htm\" target=\"_blank\" rel=\"nofollow noopener\">hep\u00e1tico<\/a>\u00a0y la insuficiencia renal, pero requerir\u00eda una prescripci\u00f3n del m\u00e9dico.<\/p>\n<h3><span id=\"Dosages_of_Vitara_V_20_mg\" class=\"ez-toc-section\"><\/span><span id=\"Vitara_V20_Recommended_Dosage\">Dosis de Vitara V 20 mg<\/span><\/h3>\n<p>Para evitar efectos secundarios graves, los pacientes deben asegurarse de seguir la dosis adecuada. Para la mayor\u00eda de los pacientes, la dosis inicial recomendada al tomar Vitara es de 10 mg. Debe tomarse por v\u00eda oral cuando sea necesario, a ser posible, 60 minutos antes de iniciar cualquier actividad sexual. La dosis puede aumentarse hasta una dosis m\u00e1xima de 20 mg. Tambi\u00e9n puede disminuirse a 5 mg, dependiendo de la eficacia del f\u00e1rmaco o de sus efectos secundarios.<\/p>\n<p>Para la mayor\u00eda de los pacientes, la frecuencia de dosificaci\u00f3n m\u00e1xima recomendada para Vitara v 20, es de 1 vez al d\u00eda. Pero para que el paciente responda bien a los efectos de los f\u00e1rmacos, es necesaria la estimulaci\u00f3n sexual.<\/p>\n<h3><span id=\"Side_Effects\">Efectos secundarios de Vitara V 20 mg<\/span><\/h3>\n<p>Algunos de los efectos secundarios m\u00e1s comunes de Vitara v 20 son dispepsia, rubor, dolor de cabeza y p\u00e9rdida repentina de la audici\u00f3n, rinitis, efectos cardiovasculares, as\u00ed como prolongaci\u00f3n del QT. Tambi\u00e9n hay efectos secundarios menos comunes al tomar el medicamento. Estos incluyen dolor en el brazo, la espalda, la mand\u00edbula y el pecho. Tambi\u00e9n puede causar sudores fr\u00edos, chilis, confusi\u00f3n, desmayos, ceguera, mareos y dificultades para tragar.<\/p>\n<p>Tambi\u00e9n puede sufrir dolores de cabeza, zumbido de o\u00eddos, n\u00e1useas, respiraci\u00f3n dificultosa, lagrimeo y v\u00f3mitos.<\/p>\n<p>C\u00f3mo almacenar y desechar Vitara v 20<\/p>\n<ul>\n<li>El medicamento debe conservarse a temperatura ambiente.<\/li>\n<li>Debe mantenerse alejado de la luz solar.<\/li>\n<li>No guardar en el cuarto de ba\u00f1o ni en otras zonas con mucha humedad.<\/li>\n<li>Aseg\u00farate de guardarlo en un lugar seco.<\/li>\n<li>Guarde los medicamentos en un lugar seguro en todo momento. Mant\u00e9ngalos fuera del alcance de los ni\u00f1os. Tambi\u00e9n deben mantenerse alejados de los animales dom\u00e9sticos.<\/li>\n<li>Los medicamentos no utilizados o caducados deben eliminarse correctamente. Nunca tire los medicamentos por el inodoro ni los vierta por el desag\u00fce.<\/li>\n<li>Consulte a su farmac\u00e9utico para obtener m\u00e1s consejos sobre la correcta eliminaci\u00f3n de los medicamentos.<\/li>\n<li>Comprueba si hay alg\u00fan programa de recogida de medicamentos en tu zona. Si lo hay, deshazte de los medicamentos a trav\u00e9s de ellos.<\/li>\n<\/ul>\n<h3><span id=\"Consumer_Information\" class=\"ez-toc-section\"><\/span><span id=\"Consumer_Information\">Informaci\u00f3n al consumidor<\/span><\/h3>\n<ul>\n<li>Si sus problemas sexuales no desaparecen despu\u00e9s de tomar el medicamento durante algunas veces, lo mejor es que hable con su m\u00e9dico. Adem\u00e1s, si ha notado que sus s\u00edntomas empeoran en lugar de mejorar, debe dejar de tomar el medicamento inmediatamente y hablar con su m\u00e9dico de inmediato.<\/li>\n<li>Evite compartir los medicamentos con otras personas y no tome los medicamentos de otras personas, aunque est\u00e9n destinados al tratamiento de la Disfunci\u00f3n Er\u00e9ctil.<\/li>\n<li>Algunos de los medicamentos pueden venir con recomendaciones destinadas a otro paciente y no a usted.<\/li>\n<li>Consulte siempre a un farmac\u00e9utico si no est\u00e1 seguro de la forma correcta de tomar el medicamento. Tambi\u00e9n puede hablar con su m\u00e9dico o profesional sanitario para saber si el medicamento le ir\u00e1 bien o no.<\/li>\n<li>Si ha sufrido una sobredosis, p\u00f3ngase en contacto inmediatamente con el centro toxicol\u00f3gico local. Busca tratamiento m\u00e9dico de inmediato. Aseg\u00farate de informarles de todo lo ocurrido. Diles cu\u00e1nto acabaste tomando, cu\u00e1ndo lo hiciste, etc. As\u00ed podr\u00e1n elaborar un plan de tratamiento adecuado para ti.<\/li>\n<\/ul>\n<h3><span id=\"Precautions\" class=\"ez-toc-section\"><\/span><span id=\"Precautions\">Precauciones<\/span><\/h3>\n<p>Antes de tomar Vitara v 20, concierte una consulta con su m\u00e9dico. El m\u00e9dico puede realizar una prueba para determinar la causa subyacente de su disfunci\u00f3n er\u00e9ctil. Para aquellos que tienen presi\u00f3n arterial o sufren de enfermedades cardiovasculares, es mejor informar a su m\u00e9dico al respecto. Debe evitar tomar el f\u00e1rmaco con pomelos o cualquier alimento con alto contenido en alcohol, ya que estos alimentos podr\u00edan potenciar los efectos secundarios del f\u00e1rmaco. Pero antes de que decida dejar de tomar el medicamento, es mejor que hable con su m\u00e9dico al respecto.<\/p>","protected":false},"excerpt":{"rendered":"<p>Introduction to Vitara V 20 mg\u00a0 Vitara V 20 mg tablets are among those medications that are being administered orally on men who suffer from\u00a0erectile dysfunction. This drug belongs to the PDE5 family of drugs or the phosphodiesterase type 5 inhibitor. What to Use It For? Vitara V 20 mg is used mainly for the [&hellip;]<\/p>","protected":false},"featured_media":2883,"comment_status":"open","ping_status":"closed","template":"","meta":{"inline_featured_image":false},"product_brand":[],"product_cat":[199],"product_tag":[],"class_list":{"0":"post-2882","1":"product","2":"type-product","3":"status-publish","4":"has-post-thumbnail","6":"product_cat-enhancers","8":"first","9":"outofstock","10":"shipping-taxable","11":"purchasable","12":"product-type-simple"},"_links":{"self":[{"href":"https:\/\/kamlife.me\/es\/wp-json\/wp\/v2\/product\/2882","targetHints":{"allow":["GET"]}}],"collection":[{"href":"https:\/\/kamlife.me\/es\/wp-json\/wp\/v2\/product"}],"about":[{"href":"https:\/\/kamlife.me\/es\/wp-json\/wp\/v2\/types\/product"}],"replies":[{"embeddable":true,"href":"https:\/\/kamlife.me\/es\/wp-json\/wp\/v2\/comments?post=2882"}],"wp:featuredmedia":[{"embeddable":true,"href":"https:\/\/kamlife.me\/es\/wp-json\/wp\/v2\/media\/2883"}],"wp:attachment":[{"href":"https:\/\/kamlife.me\/es\/wp-json\/wp\/v2\/media?parent=2882"}],"wp:term":[{"taxonomy":"product_brand","embeddable":true,"href":"https:\/\/kamlife.me\/es\/wp-json\/wp\/v2\/product_brand?post=2882"},{"taxonomy":"product_cat","embeddable":true,"href":"https:\/\/kamlife.me\/es\/wp-json\/wp\/v2\/product_cat?post=2882"},{"taxonomy":"product_tag","embeddable":true,"href":"https:\/\/kamlife.me\/es\/wp-json\/wp\/v2\/product_tag?post=2882"}],"curies":[{"name":"wp","href":"https:\/\/api.w.org\/{rel}","templated":true}]}}