{"id":2923,"date":"2024-09-25T11:15:02","date_gmt":"2024-09-25T11:15:02","guid":{"rendered":"https:\/\/kamlife.me\/?post_type=product&#038;p=2923"},"modified":"2026-01-02T11:27:46","modified_gmt":"2026-01-02T11:27:46","slug":"10-x-confezione-kamagra-oral-jelly-100mg-70-gele","status":"publish","type":"product","link":"https:\/\/kamlife.me\/es\/producto\/10-x-confezione-kamagra-oral-jelly-100mg-70-gele\/","title":{"rendered":"10 x paquete Kamagra Oral Jelly 100mg (70 Gele)"},"content":{"rendered":"<div class=\"description\">\n<p class=\"p1\">\n<h3><b>Visi\u00f3n general<\/b><\/h3>\n<p class=\"p3\">Esta es una oferta especial para un pedido de Kamagra Oral Jelly 100mg al mejor precio del mercado actual. \u00a1No lo dude y compre el medicamento mientras dure la oferta!<\/p>\n<p class=\"p3\">Kamagra Oral Jelly es un tratamiento popular y eficaz para la disfunci\u00f3n er\u00e9ctil. A diferencia de los comprimidos que son dif\u00edciles de tragar, el medicamento se puede simplemente apretar en una cuchara y tragar f\u00e1cilmente. Kamagra Oral Jelly es fabricado cl\u00ednicamente en una sala blanca por Ajanta Pharma.<\/p>\n<p class=\"p3\">El principio activo de Kamagra Oral Jelly es el citrato de sildenafilo. Pertenece a la familia de los vasodilatadores PDE-5. Estos medicamentos act\u00faan dilatando los vasos sangu\u00edneos del cuerpo, especialmente en la zona genital. Esto permite un flujo sangu\u00edneo m\u00e1s fuerte que permite la erecci\u00f3n.<\/p>\n<p class=\"p3\">El cuerpo absorbe r\u00e1pidamente el gel, y los pacientes informan de tiempos de respuesta m\u00e1s r\u00e1pidos a partir de 20 minutos. La duraci\u00f3n efectiva del tratamiento con el medicamento es de 4 a 6 horas, aunque muchos m\u00e9dicos generales informan de efectos m\u00e1s prolongados. Los pacientes que utilizan Kamagra Oral Jelly informan regularmente de una actividad sexual satisfactoria y, por lo general, contin\u00faan con el tratamiento.<\/p>\n<p class=\"p3\">Kamagra Oral Jelly viene en una variedad de sabores, que pueden incluir menta, chocolate, pl\u00e1tano, naranja, mango, fresa, pi\u00f1a y vainilla. Cada pedido se env\u00eda con una selecci\u00f3n de sabores mezclados. Lamentablemente, no podemos enviar sabores espec\u00edficos.<\/p>\n<p class=\"p3\">El medicamento no es afrodis\u00edaco, y se requiere estimulaci\u00f3n para lograr una erecci\u00f3n.<\/p>\n<p class=\"p1\">\n<h3><b>Informaci\u00f3n importante<\/b><\/h3>\n<p class=\"p3\">Para sacar el m\u00e1ximo partido del tratamiento, lea atentamente lo siguiente:<\/p>\n<p class=\"p1\">\n<ul>\n<li>\n<p class=\"p1\">La dosis segura indicada de Kamagra Oral Jelly en un periodo de 24 horas es de 100 mg (1 sobre).<\/p>\n<\/li>\n<li>\n<p class=\"p1\">El medicamento es efectivo 20 minutos despu\u00e9s de su administraci\u00f3n.<\/p>\n<\/li>\n<li>\n<p class=\"p1\">La duraci\u00f3n efectiva del tratamiento es de 4 a 6 horas.<\/p>\n<\/li>\n<li>\n<p class=\"p1\">Tome siempre el medicamento con un gran vaso de agua.<\/p>\n<\/li>\n<li>\n<p class=\"p1\">Evite las comidas pesadas o grasas a la hora en que piensa tomar el medicamento.<\/p>\n<\/li>\n<li>\n<p class=\"p1\">El alcohol reduce la eficacia del medicamento.<\/p>\n<\/li>\n<li>\n<p class=\"p1\">Si aparecen efectos secundarios, deje de tomar el medicamento inmediatamente y consulte a un m\u00e9dico.<\/p>\n<\/li>\n<\/ul>\n<p>&nbsp;<\/p>\n<\/div>","protected":false},"excerpt":{"rendered":"<p>Overview This is a special offer for an order of Kamagra Oral Jelly 100mg at the best price on the current market. Don\u2019t hesitate and buy the medication while the offer lasts! Kamagra Oral Jelly is a popular and effective treatment for erectile dysfunction. Unlike tablets that are hard to swallow, the medication can simply [&hellip;]<\/p>","protected":false},"featured_media":1316,"comment_status":"open","ping_status":"closed","template":"","meta":{"inline_featured_image":false},"product_brand":[206],"product_cat":[201],"product_tag":[],"class_list":{"0":"post-2923","1":"product","2":"type-product","3":"status-publish","4":"has-post-thumbnail","6":"product_brand-kamagra","7":"product_cat-sexual-health","9":"first","10":"instock","11":"sale","12":"shipping-taxable","13":"purchasable","14":"product-type-simple"},"_links":{"self":[{"href":"https:\/\/kamlife.me\/es\/wp-json\/wp\/v2\/product\/2923","targetHints":{"allow":["GET"]}}],"collection":[{"href":"https:\/\/kamlife.me\/es\/wp-json\/wp\/v2\/product"}],"about":[{"href":"https:\/\/kamlife.me\/es\/wp-json\/wp\/v2\/types\/product"}],"replies":[{"embeddable":true,"href":"https:\/\/kamlife.me\/es\/wp-json\/wp\/v2\/comments?post=2923"}],"wp:featuredmedia":[{"embeddable":true,"href":"https:\/\/kamlife.me\/es\/wp-json\/wp\/v2\/media\/1316"}],"wp:attachment":[{"href":"https:\/\/kamlife.me\/es\/wp-json\/wp\/v2\/media?parent=2923"}],"wp:term":[{"taxonomy":"product_brand","embeddable":true,"href":"https:\/\/kamlife.me\/es\/wp-json\/wp\/v2\/product_brand?post=2923"},{"taxonomy":"product_cat","embeddable":true,"href":"https:\/\/kamlife.me\/es\/wp-json\/wp\/v2\/product_cat?post=2923"},{"taxonomy":"product_tag","embeddable":true,"href":"https:\/\/kamlife.me\/es\/wp-json\/wp\/v2\/product_tag?post=2923"}],"curies":[{"name":"wp","href":"https:\/\/api.w.org\/{rel}","templated":true}]}}