{"id":3065,"date":"2024-10-14T14:15:56","date_gmt":"2024-10-14T14:15:56","guid":{"rendered":"https:\/\/kamlife.me\/?post_type=product&#038;p=3065"},"modified":"2025-08-28T17:27:48","modified_gmt":"2025-08-28T17:27:48","slug":"3065","status":"publish","type":"product","link":"https:\/\/kamlife.me\/es\/producto\/3065\/","title":{"rendered":"CareForce Sildenafil Comprimido 150mg"},"content":{"rendered":"<div class=\"product-description break-word\">\n<p class=\"p1\"><b>10 Careforce 150 mg Comprimidos<\/b><b><\/b><\/p>\n<p class=\"p2\"><i>Viagra gen\u00e9rico con sildenafilo<\/i><i><\/i><\/p>\n<p class=\"p3\">\n<hr \/>\n<p>&nbsp;<\/p>\n<p class=\"p3\">\n<h3><b>CAREFORCE 150 mg Comprimidos<\/b><\/h3>\n<p>&nbsp;<\/p>\n<p class=\"p1\"><b>Art\u00edculo sobre el sildenafilo: Todo lo que necesita saber sobre Careforce 150 mg<\/b><b><\/b><\/p>\n<p class=\"p1\"><b>Descripci\u00f3n:<\/b><b><\/b><\/p>\n<p class=\"p2\">Careforce 150 mg es un medicamento gen\u00e9rico de Viagra que contiene sildenafilo, ampliamente utilizado para tratar la disfunci\u00f3n er\u00e9ctil (DE) en los hombres. La disfunci\u00f3n er\u00e9ctil es una enfermedad com\u00fan que afecta a hombres de todo el mundo, afectando a su capacidad para mantener erecciones satisfactorias durante la actividad sexual. Este art\u00edculo proporciona informaci\u00f3n clave sobre Careforce 150 mg, su mecanismo de acci\u00f3n, instrucciones de uso y posibles efectos secundarios.<\/p>\n<p class=\"p3\">\n<hr \/>\n<p>&nbsp;<\/p>\n<p class=\"p3\">\n<h3><b>Mecanismo de acci\u00f3n:<\/b><\/h3>\n<p>&nbsp;<\/p>\n<p class=\"p2\">La disfunci\u00f3n er\u00e9ctil se caracteriza principalmente por un flujo sangu\u00edneo insuficiente hacia el pene, lo que dificulta el mantenimiento de la erecci\u00f3n. El sildenafilo, el principio activo de Careforce 150 mg, act\u00faa inhibiendo la enzima PDE5, que aumenta los niveles de GMP c\u00edclico, esencial para mantener una erecci\u00f3n. Este medicamento mejora el flujo sangu\u00edneo, ayudando a los hombres a lograr y mantener erecciones firmes. Es importante destacar que Careforce 150 mg tiene una duraci\u00f3n de acci\u00f3n prolongada de <span class=\"s2\"><b>hasta 36 horas<\/b><\/span>por lo que es una opci\u00f3n popular para el tratamiento de la disfunci\u00f3n er\u00e9ctil.<\/p>\n<p class=\"p3\">\n<hr \/>\n<p>&nbsp;<\/p>\n<p class=\"p3\">\n<h3><b>Instrucciones de uso:<\/b><\/h3>\n<p>&nbsp;<\/p>\n<p class=\"p3\">\n<ul>\n<li>\n<p class=\"p1\">Tome un comprimido de Careforce 150 mg por v\u00eda oral con un vaso lleno de agua, <span class=\"s1\"><b>30-60 minutos antes de la actividad sexual<\/b><\/span>.<\/p>\n<\/li>\n<li>\n<p class=\"p1\">Siga siempre las recomendaciones de dosificaci\u00f3n de su m\u00e9dico.<\/p>\n<\/li>\n<li>\n<p class=\"p1\">No supere la dosis l\u00edmite recomendada para <span class=\"s1\"><b>un comprimido al d\u00eda<\/b><\/span>.<\/p>\n<\/li>\n<li>\n<p class=\"p1\">Para obtener mejores resultados, t\u00f3melo con el est\u00f3mago vac\u00edo o despu\u00e9s de una comida ligera.<\/p>\n<\/li>\n<\/ul>\n<p>&nbsp;<\/p>\n<p class=\"p3\">\n<hr \/>\n<p>&nbsp;<\/p>\n<p class=\"p3\">\n<h3><b>Efectos secundarios:<\/b><\/h3>\n<p>&nbsp;<\/p>\n<p class=\"p2\">El uso de Careforce 150 mg puede provocar algunos efectos secundarios leves, como:<\/p>\n<p class=\"p3\">\n<ul>\n<li>\n<p class=\"p1\">Dolor de cabeza<\/p>\n<\/li>\n<li>\n<p class=\"p1\">Dolor muscular<\/p>\n<\/li>\n<li>\n<p class=\"p1\">Rubor facial<\/p>\n<\/li>\n<li>\n<p class=\"p1\">Congesti\u00f3n nasal<\/p>\n<\/li>\n<\/ul>\n<p>&nbsp;<\/p>\n<p class=\"p2\">Suelen desaparecer con el tiempo o a medida que el organismo se adapta a la medicaci\u00f3n. No obstante, si los efectos secundarios persisten o se vuelven molestos, consulte a un m\u00e9dico.<\/p>\n<p class=\"p3\">\n<hr \/>\n<p>&nbsp;<\/p>\n<p class=\"p3\">\n<h3><b>Preguntas m\u00e1s frecuentes:<\/b><\/h3>\n<p>&nbsp;<\/p>\n<p class=\"p1\"><b>\u00bfCon qu\u00e9 rapidez act\u00faa Careforce 150 mg para la disfunci\u00f3n er\u00e9ctil?<\/b><b><\/b><\/p>\n<p class=\"p2\">Normalmente, empieza a funcionar en <span class=\"s2\"><b>30 minutos<\/b><\/span> y dura hasta <span class=\"s2\"><b>36 horas<\/b><\/span>.<\/p>\n<p class=\"p1\"><b>\u00bfEs seguro si tengo problemas de coraz\u00f3n?<\/b><b><\/b><\/p>\n<p class=\"p2\">Informe siempre a su m\u00e9dico sobre cualquier afecci\u00f3n cardiaca antes de utilizar Careforce 150 mg para asegurarse de que es seguro para usted.<\/p>\n<p class=\"p1\"><b>\u00bfPuedo utilizar este medicamento si tengo diabetes?<\/b><b><\/b><\/p>\n<p class=\"p2\">S\u00ed, Careforce 150 mg puede ser tomado por pacientes diab\u00e9ticos, pero los niveles de glucosa deben ser controlados durante su uso.<\/p>\n<p class=\"p3\">\n<hr \/>\n<p>&nbsp;<\/p>\n<p class=\"p3\">\n<h3><b>Conclusi\u00f3n:<\/b><\/h3>\n<p>&nbsp;<\/p>\n<p class=\"p2\">Careforce 150 mg es una opci\u00f3n eficaz para tratar la disfunci\u00f3n er\u00e9ctil, gracias a su principio activo, el sildenafilo. Sin embargo, es esencial seguir las indicaciones de su m\u00e9dico en cuanto al uso adecuado, la dosis y los posibles efectos secundarios.<\/p>\n<p class=\"p3\">\n<hr \/>\n<p>&nbsp;<\/p>\n<p class=\"p3\">\n<h3><b>Aviso importante:<\/b><\/h3>\n<p>&nbsp;<\/p>\n<p class=\"p2\">En caso de que se agoten las existencias del producto solicitado, se le enviar\u00e1 un sustituto con la etiqueta <span class=\"s2\"><b>misma composici\u00f3n y efecto terap\u00e9utico<\/b><\/span> aunque tenga un aspecto diferente. Los medicamentos gen\u00e9ricos contienen la misma f\u00f3rmula e ingredientes, lo que garantiza la misma eficacia. Las diferencias de nombre, color, forma y envase reflejan \u00fanicamente la marca del fabricante. Las fotos pueden no coincidir exactamente con el producto suministrado debido a variaciones entre fabricantes y lotes de producci\u00f3n.<\/p>\n<p class=\"p2\"><span class=\"s2\"><b>Marca:<\/b><\/span> CARECLUB\u00ae Farmacia<\/p>\n<\/div>\n<div class=\"table-product-attributes margin-bottom margin-top\">\n<div class=\"table-responsive\"><\/div>\n<\/div>","protected":false},"excerpt":{"rendered":"<p>El sildenafilo trata la disfunci\u00f3n er\u00e9ctil aumentando el flujo sangu\u00edneo al pene durante la estimulaci\u00f3n sexual. Este aumento del flujo sangu\u00edneo puede provocar una erecci\u00f3n.<\/p>","protected":false},"featured_media":3066,"comment_status":"open","ping_status":"closed","template":"","meta":{"inline_featured_image":false},"product_brand":[208],"product_cat":[201],"product_tag":[],"class_list":{"0":"post-3065","1":"product","2":"type-product","3":"status-publish","4":"has-post-thumbnail","6":"product_brand-careforce","7":"product_cat-sexual-health","9":"first","10":"instock","11":"sale","12":"shipping-taxable","13":"purchasable","14":"product-type-simple"},"_links":{"self":[{"href":"https:\/\/kamlife.me\/es\/wp-json\/wp\/v2\/product\/3065","targetHints":{"allow":["GET"]}}],"collection":[{"href":"https:\/\/kamlife.me\/es\/wp-json\/wp\/v2\/product"}],"about":[{"href":"https:\/\/kamlife.me\/es\/wp-json\/wp\/v2\/types\/product"}],"replies":[{"embeddable":true,"href":"https:\/\/kamlife.me\/es\/wp-json\/wp\/v2\/comments?post=3065"}],"wp:featuredmedia":[{"embeddable":true,"href":"https:\/\/kamlife.me\/es\/wp-json\/wp\/v2\/media\/3066"}],"wp:attachment":[{"href":"https:\/\/kamlife.me\/es\/wp-json\/wp\/v2\/media?parent=3065"}],"wp:term":[{"taxonomy":"product_brand","embeddable":true,"href":"https:\/\/kamlife.me\/es\/wp-json\/wp\/v2\/product_brand?post=3065"},{"taxonomy":"product_cat","embeddable":true,"href":"https:\/\/kamlife.me\/es\/wp-json\/wp\/v2\/product_cat?post=3065"},{"taxonomy":"product_tag","embeddable":true,"href":"https:\/\/kamlife.me\/es\/wp-json\/wp\/v2\/product_tag?post=3065"}],"curies":[{"name":"wp","href":"https:\/\/api.w.org\/{rel}","templated":true}]}}