{"id":3840,"date":"2025-01-07T13:42:58","date_gmt":"2025-01-07T13:42:58","guid":{"rendered":"https:\/\/kamlife.me\/?post_type=product&#038;p=3840"},"modified":"2026-04-08T21:02:00","modified_gmt":"2026-04-08T21:02:00","slug":"magpharm-testosterona-cipionato-200-mg-10-ml","status":"publish","type":"product","link":"https:\/\/kamlife.me\/es\/producto\/magpharm-testosterona-cipionato-200-mg-10-ml\/","title":{"rendered":"MagPharm Cipionato de testosterona 200 mg 10 ml"},"content":{"rendered":"<p class=\"p1\"><b>Cipionato de testosterona 200 mg - Descripci\u00f3n<\/b><b><\/b><\/p>\n<p class=\"p3\">El cipionato de testosterona es una forma sint\u00e9tica de testosterona, utilizada principalmente en <span class=\"s1\"><b>terapia hormonal sustitutiva (THS)<\/b><\/span> para tratar los niveles bajos de testosterona en los hombres, una enfermedad conocida como hipogonadismo. Se administra a trav\u00e9s de <span class=\"s1\"><b>inyecciones intramusculares<\/b><\/span>y se libera lentamente en el cuerpo, lo que le da un <span class=\"s1\"><b>mayor duraci\u00f3n de la acci\u00f3n<\/b><\/span> en comparaci\u00f3n con otras formulaciones de testosterona.<\/p>\n<p class=\"p4\">\n<hr \/>\n<p>&nbsp;<\/p>\n<p class=\"p4\">\n<h3><b>Informaci\u00f3n clave<\/b><\/h3>\n<p>&nbsp;<\/p>\n<p class=\"p4\">\n<ul>\n<li>\n<p class=\"p1\"><span class=\"s1\"><b>Dosificaci\u00f3n:<\/b><\/span> 200 mg es una dosis habitual en la terapia con testosterona. La dosis exacta y la frecuencia dependen de los niveles individuales de testosterona, la respuesta al tratamiento y el consejo m\u00e9dico.<\/p>\n<\/li>\n<li>\n<p class=\"p1\"><span class=\"s1\"><b>Administraci\u00f3n:<\/b><\/span> Normalmente se inyecta en un m\u00fasculo (gl\u00fateos o muslo). Las inyecciones suelen administrarse cada 1-2 semanas en funci\u00f3n del plan prescrito.<\/p>\n<\/li>\n<li>\n<p class=\"p1\"><span class=\"s1\"><b>Efectos secundarios:<\/b><\/span> Entre los m\u00e1s comunes se encuentran el acn\u00e9, el aumento del vello corporal, los cambios de humor, la elevaci\u00f3n del recuento de gl\u00f3bulos rojos y los cambios en los niveles de colesterol. Otros riesgos m\u00e1s graves son los problemas cardiovasculares y la posible sobrecarga del h\u00edgado en caso de consumo prolongado.<\/p>\n<\/li>\n<li>\n<p class=\"p1\"><span class=\"s1\"><b>Supervisi\u00f3n:<\/b><\/span> Es necesario realizar an\u00e1lisis de sangre peri\u00f3dicos para controlar los niveles de testosterona, hematocrito y otros marcadores de salud con el fin de garantizar la eficacia del tratamiento y la gesti\u00f3n de los efectos secundarios.<\/p>\n<\/li>\n<\/ul>\n<p>&nbsp;<\/p>\n<p class=\"p4\">\n<hr \/>\n<p>&nbsp;<\/p>\n<p class=\"p4\">\n<h3><b>Contraindicaciones y precauciones<\/b><\/h3>\n<p>&nbsp;<\/p>\n<p class=\"p3\">La terapia con testosterona no es adecuada para todo el mundo. No debe utilizarse en casos de:<\/p>\n<p class=\"p4\">\n<ul>\n<li>\n<p class=\"p1\">C\u00e1ncer de pr\u00f3stata<\/p>\n<\/li>\n<li>\n<p class=\"p1\">C\u00e1ncer de mama<\/p>\n<\/li>\n<li>\n<p class=\"p1\">Enfermedad hep\u00e1tica grave<\/p>\n<\/li>\n<li>\n<p class=\"p1\">Cualquier enfermedad que pueda empeorar con el uso de testosterona<\/p>\n<\/li>\n<\/ul>\n<p>&nbsp;<\/p>\n<p class=\"p3\">\u26a0\ufe0f Cualquier persona que est\u00e9 considerando un tratamiento con cipionato de testosterona debe consultar a un m\u00e9dico para obtener asesoramiento personalizado y un seguimiento adecuado durante todo el tratamiento.<\/p>\n<p class=\"p4\">\n<hr \/>\n<p>&nbsp;<\/p>\n<p class=\"p4\">\n<h2><b>Ciclo de testosterona cipionato - Masa y fuerza<\/b><\/h2>\n<p>&nbsp;<\/p>\n<p class=\"p3\">Cipionato de testosterona es ampliamente utilizado como un esteroide anab\u00f3lico en <span class=\"s1\"><b>ciclos de aumento de volumen y fuerza<\/b><\/span>gracias a su <span class=\"s1\"><b>vida media larga (7-8 d\u00edas)<\/b><\/span>El efecto de los \u00e9steres en el organismo es menor, lo que permite inyecciones menos frecuentes que otros \u00e9steres.<\/p>\n<p class=\"p4\">\n<hr \/>\n<p>&nbsp;<\/p>\n<p class=\"p4\">\n<h3><b>Ciclo B\u00e1sico (10-12 semanas) - Principiantes<\/b><\/h3>\n<p>&nbsp;<\/p>\n<p class=\"p3\">\u2705 Objetivo: Aumentar la masa muscular y la fuerza con efectos secundarios m\u00ednimos.<\/p>\n<table>\n<thead>\n<tr>\n<th>\n<p class=\"p1\"><b>Semana<\/b><\/p>\n<\/th>\n<th>\n<p class=\"p1\"><b>Cipionato de testosterona<\/b><\/p>\n<\/th>\n<th>\n<p class=\"p1\"><b>Arimidex (IA)<\/b><\/p>\n<\/th>\n<th>\n<p class=\"p1\"><b>HCG (si es necesario)<\/b><\/p>\n<\/th>\n<\/tr>\n<\/thead>\n<tbody>\n<tr>\n<td>\n<p class=\"p1\">1-10<\/p>\n<\/td>\n<td>\n<p class=\"p1\">250-500 mg\/semana (1-2 inyecciones)<\/p>\n<\/td>\n<td>\n<p class=\"p1\">0,5 mg EOD (si es necesario)<\/p>\n<\/td>\n<td>\n<p class=\"p1\">500 UI 2x\/semana<\/p>\n<\/td>\n<\/tr>\n<tr>\n<td>\n<p class=\"p1\">11-12<\/p>\n<\/td>\n<td>\n<p class=\"p1\">250 mg\/semana<\/p>\n<\/td>\n<td>\n<p class=\"p1\">0,5 mg EOD<\/p>\n<\/td>\n<td>\n<p class=\"p1\">500 UI 2x\/semana<\/p>\n<\/td>\n<\/tr>\n<tr>\n<td>\n<p class=\"p1\">13-14<\/p>\n<\/td>\n<td>\n<p class=\"p1\"><b>PCT: Espere 14 d\u00edas antes de empezar<\/b><\/p>\n<\/td>\n<td>\n<p class=\"p1\">-<\/p>\n<\/td>\n<td>\n<p class=\"p1\">-<\/p>\n<\/td>\n<\/tr>\n<\/tbody>\n<\/table>\n<p class=\"p1\">\n<hr \/>\n<p>&nbsp;<\/p>\n<p class=\"p1\">\n<h3><b>Ciclo intermedio (12-14 semanas) - Mayor masa y fuerza<\/b><\/h3>\n<p>&nbsp;<\/p>\n<p class=\"p3\">\u2705 Objetivo: Maximizar el crecimiento muscular con una mejor regulaci\u00f3n hormonal.<\/p>\n<table>\n<thead>\n<tr>\n<th>\n<p class=\"p1\"><b>Semana<\/b><\/p>\n<\/th>\n<th>\n<p class=\"p1\"><b>Cipionato de testosterona<\/b><\/p>\n<\/th>\n<th>\n<p class=\"p1\"><b>Deca Durabolin (opcional)<\/b><\/p>\n<\/th>\n<th>\n<p class=\"p1\"><b>Arimidex (IA)<\/b><\/p>\n<\/th>\n<th>\n<p class=\"p1\"><b>HCG<\/b><\/p>\n<\/th>\n<\/tr>\n<\/thead>\n<tbody>\n<tr>\n<td>\n<p class=\"p1\">1-12<\/p>\n<\/td>\n<td>\n<p class=\"p1\">500 mg\/semana (2 inyecciones)<\/p>\n<\/td>\n<td>\n<p class=\"p1\">300 mg\/semana<\/p>\n<\/td>\n<td>\n<p class=\"p1\">0,5 mg EOD<\/p>\n<\/td>\n<td>\n<p class=\"p1\">500 UI 2x\/semana<\/p>\n<\/td>\n<\/tr>\n<tr>\n<td>\n<p class=\"p1\">13-14<\/p>\n<\/td>\n<td>\n<p class=\"p1\">Testosterona 250 mg\/semana<\/p>\n<\/td>\n<td>\n<p class=\"p1\">-<\/p>\n<\/td>\n<td>\n<p class=\"p1\">0,5 mg EOD<\/p>\n<\/td>\n<td>\n<p class=\"p1\">500 UI 2x\/semana<\/p>\n<\/td>\n<\/tr>\n<tr>\n<td>\n<p class=\"p1\">15-16<\/p>\n<\/td>\n<td>\n<p class=\"p1\"><b>PCT: Espere 14 d\u00edas antes de empezar<\/b><\/p>\n<\/td>\n<td>\n<p class=\"p1\">-<\/p>\n<\/td>\n<td>\n<p class=\"p1\">-<\/p>\n<\/td>\n<td>\n<p class=\"p1\">-<\/p>\n<\/td>\n<\/tr>\n<\/tbody>\n<\/table>\n<p class=\"p1\">\n<hr \/>\n<p>&nbsp;<\/p>\n<p class=\"p1\">\n<h3><b>Ciclo Avanzado (16 semanas) - Masa Extrema<\/b><\/h3>\n<p>&nbsp;<\/p>\n<p class=\"p3\">\u2705 Objetivo: hipertrofia y fuerza m\u00e1ximas con gesti\u00f3n de los efectos secundarios.<\/p>\n<table>\n<thead>\n<tr>\n<th>\n<p class=\"p1\"><b>Semana<\/b><\/p>\n<\/th>\n<th>\n<p class=\"p1\"><b>Cipionato de testosterona<\/b><\/p>\n<\/th>\n<th>\n<p class=\"p1\"><b>Trenbolona Enantato (opcional)<\/b><\/p>\n<\/th>\n<th>\n<p class=\"p1\"><b>Arimidex (IA)<\/b><\/p>\n<\/th>\n<th>\n<p class=\"p1\"><b>HCG<\/b><\/p>\n<\/th>\n<\/tr>\n<\/thead>\n<tbody>\n<tr>\n<td>\n<p class=\"p1\">1-16<\/p>\n<\/td>\n<td>\n<p class=\"p1\">600-750 mg\/semana<\/p>\n<\/td>\n<td>\n<p class=\"p1\">300-400 mg\/semana<\/p>\n<\/td>\n<td>\n<p class=\"p1\">0,5 mg EOD<\/p>\n<\/td>\n<td>\n<p class=\"p1\">500 UI 2x\/semana<\/p>\n<\/td>\n<\/tr>\n<tr>\n<td>\n<p class=\"p1\">17-18<\/p>\n<\/td>\n<td>\n<p class=\"p1\">Testosterona 250 mg\/semana<\/p>\n<\/td>\n<td>\n<p class=\"p1\">-<\/p>\n<\/td>\n<td>\n<p class=\"p1\">0,5 mg EOD<\/p>\n<\/td>\n<td>\n<p class=\"p1\">500 UI 2x\/semana<\/p>\n<\/td>\n<\/tr>\n<tr>\n<td>\n<p class=\"p1\">19-20<\/p>\n<\/td>\n<td>\n<p class=\"p1\"><b>PCT: Espere 14 d\u00edas antes de empezar<\/b><\/p>\n<\/td>\n<td>\n<p class=\"p1\">-<\/p>\n<\/td>\n<td>\n<p class=\"p1\">-<\/p>\n<\/td>\n<td>\n<p class=\"p1\">-<\/p>\n<\/td>\n<\/tr>\n<\/tbody>\n<\/table>\n<p class=\"p1\">\n<hr \/>\n<p>&nbsp;<\/p>\n<p class=\"p1\">\n<h3><b>Terapia Post-Ciclo (PCT) - Esencial para la Recuperaci\u00f3n Natural de la Testosterona<\/b><\/h3>\n<p>&nbsp;<\/p>\n<p class=\"p3\">Despu\u00e9s de la \u00faltima inyecci\u00f3n de cipionato de testosterona, espere <span class=\"s2\"><b>14 d\u00edas<\/b><\/span> antes de iniciar la PCT.<\/p>\n<table>\n<thead>\n<tr>\n<th>\n<p class=\"p1\"><b>Semana<\/b><\/p>\n<\/th>\n<th>\n<p class=\"p1\"><b>Clomid<\/b><\/p>\n<\/th>\n<th>\n<p class=\"p1\"><b>Nolvadex<\/b><\/p>\n<\/th>\n<\/tr>\n<\/thead>\n<tbody>\n<tr>\n<td>\n<p class=\"p1\">1<\/p>\n<\/td>\n<td>\n<p class=\"p1\">100 mg\/d\u00eda<\/p>\n<\/td>\n<td>\n<p class=\"p1\">40 mg\/d\u00eda<\/p>\n<\/td>\n<\/tr>\n<tr>\n<td>\n<p class=\"p1\">2<\/p>\n<\/td>\n<td>\n<p class=\"p1\">50 mg\/d\u00eda<\/p>\n<\/td>\n<td>\n<p class=\"p1\">40 mg\/d\u00eda<\/p>\n<\/td>\n<\/tr>\n<tr>\n<td>\n<p class=\"p1\">3-4<\/p>\n<\/td>\n<td>\n<p class=\"p1\">50 mg\/d\u00eda<\/p>\n<\/td>\n<td>\n<p class=\"p1\">20 mg\/d\u00eda<\/p>\n<\/td>\n<\/tr>\n<\/tbody>\n<\/table>\n<p class=\"p1\">\n<hr \/>\n<p>&nbsp;<\/p>\n<p class=\"p1\">\n<h3><b>Consideraciones importantes<\/b><\/h3>\n<p>&nbsp;<\/p>\n<p class=\"p1\">\n<ul>\n<li>\n<p class=\"p1\"><span class=\"s1\"><b>Inyecciones:<\/b><\/span> Normalmente se administra 1-2 veces por semana para mantener niveles estables.<\/p>\n<\/li>\n<li>\n<p class=\"p1\"><span class=\"s1\"><b>Arimidex:<\/b><\/span> Se recomienda un inhibidor de la aromatasa (IA) como Arimidex o Aromasin para controlar los estr\u00f3genos y evitar la ginecomastia y la retenci\u00f3n de l\u00edquidos.<\/p>\n<\/li>\n<li>\n<p class=\"p1\"><span class=\"s1\"><b>HCG:<\/b><\/span> Opcional pero ayuda a mantener la funci\u00f3n testicular durante el ciclo.<\/p>\n<\/li>\n<li>\n<p class=\"p1\"><span class=\"s1\"><b>Dieta y entrenamiento:<\/b><\/span> Debe estar bien estructurado para maximizar los resultados.<\/p>\n<\/li>\n<\/ul>\n<p>&nbsp;<\/p>\n<p class=\"p3\">\u26a0\ufe0f <span class=\"s2\"><b>Advertencia:<\/b><\/span> Aunque es muy eficaz, el cipionato de testosterona puede causar efectos secundarios como acn\u00e9, hipertensi\u00f3n arterial, conversi\u00f3n estrog\u00e9nica y supresi\u00f3n natural de la testosterona. Por esta raz\u00f3n, <span class=\"s2\"><b>El PCT es obligatorio<\/b><\/span> despu\u00e9s de cualquier ciclo.<\/p>","protected":false},"excerpt":{"rendered":"<p>Testosterone Cypionate 200 mg \u2013 Description Testosterone Cypionate is a synthetic form of testosterone, primarily used in hormone replacement therapy (HRT) to treat low testosterone levels in men, a condition known as hypogonadism. It is administered via intramuscular injectionsand is released slowly into the body, which gives it a longer duration of action compared to [&hellip;]<\/p>","protected":false},"featured_media":3841,"comment_status":"open","ping_status":"closed","template":"","meta":{"inline_featured_image":false},"product_brand":[210],"product_cat":[200],"product_tag":[184,183,185],"class_list":{"0":"post-3840","1":"product","2":"type-product","3":"status-publish","4":"has-post-thumbnail","6":"product_brand-magpharm","7":"product_cat-steroids","8":"product_tag-bulk","9":"product_tag-testosterone","10":"product_tag-weight-loss","12":"first","13":"instock","14":"shipping-taxable","15":"purchasable","16":"product-type-simple"},"_links":{"self":[{"href":"https:\/\/kamlife.me\/es\/wp-json\/wp\/v2\/product\/3840","targetHints":{"allow":["GET"]}}],"collection":[{"href":"https:\/\/kamlife.me\/es\/wp-json\/wp\/v2\/product"}],"about":[{"href":"https:\/\/kamlife.me\/es\/wp-json\/wp\/v2\/types\/product"}],"replies":[{"embeddable":true,"href":"https:\/\/kamlife.me\/es\/wp-json\/wp\/v2\/comments?post=3840"}],"wp:featuredmedia":[{"embeddable":true,"href":"https:\/\/kamlife.me\/es\/wp-json\/wp\/v2\/media\/3841"}],"wp:attachment":[{"href":"https:\/\/kamlife.me\/es\/wp-json\/wp\/v2\/media?parent=3840"}],"wp:term":[{"taxonomy":"product_brand","embeddable":true,"href":"https:\/\/kamlife.me\/es\/wp-json\/wp\/v2\/product_brand?post=3840"},{"taxonomy":"product_cat","embeddable":true,"href":"https:\/\/kamlife.me\/es\/wp-json\/wp\/v2\/product_cat?post=3840"},{"taxonomy":"product_tag","embeddable":true,"href":"https:\/\/kamlife.me\/es\/wp-json\/wp\/v2\/product_tag?post=3840"}],"curies":[{"name":"wp","href":"https:\/\/api.w.org\/{rel}","templated":true}]}}