{"id":4184,"date":"2025-02-19T17:46:31","date_gmt":"2025-02-19T17:46:31","guid":{"rendered":"https:\/\/kamlife.me\/?post_type=product&#038;p=4184"},"modified":"2026-02-25T07:03:52","modified_gmt":"2026-02-25T07:03:52","slug":"magpharm-mesterolone-proviron25-mg-100-tabs-copia","status":"publish","type":"product","link":"https:\/\/kamlife.me\/es\/producto\/magpharm-mesterolone-proviron25-mg-100-tabs-copia\/","title":{"rendered":"MagPharm Mesterolone (Proviron)25 mg 100 comp."},"content":{"rendered":"<p class=\"p1\"><b>MESTEROLONA (PROVIRON) - BENEFICIOS Y DOSIS<\/b><b><\/b><\/p>\n<p class=\"p3\">La mesterolona (m\u00e1s conocida por su nombre comercial: Proviron) es un esteroide androg\u00e9nico oral derivado de la dihidrotestosterona (DHT). Es conocido m\u00e1s por sus efectos androg\u00e9nicos que anab\u00f3licos y se utiliza tanto m\u00e9dicamente como en el culturismo.<\/p>\n<hr \/>\n<p>&nbsp;<\/p>\n<h3><b>\ud83d\udd39 <\/b><\/h3>\n<h3><b>Beneficios de la mesterolona<\/b><\/h3>\n<p>&nbsp;<\/p>\n<ol start=\"1\">\n<li>\n<p class=\"p1\"><b>Aumento de la testosterona libre<\/b><\/p>\n<\/li>\n<\/ol>\n<p>&nbsp;<\/p>\n<ul>\n<li>\n<p class=\"p1\">Mesterolone no se convierte en estr\u00f3geno (cero aromatizaci\u00f3n), por lo que no causa retenci\u00f3n de agua o ginecomastia.<\/p>\n<\/li>\n<li>\n<p class=\"p1\">Se une fuertemente a la SHBG (Sex Hormone Binding Globulin), aumentando la cantidad de testosterona libre en la sangre.<\/p>\n<\/li>\n<\/ul>\n<p>&nbsp;<\/p>\n<ol start=\"2\">\n<li>\n<p class=\"p1\"><b>Efecto antiestrog\u00e9nico<\/b><\/p>\n<\/li>\n<\/ol>\n<p>&nbsp;<\/p>\n<ul>\n<li>\n<p class=\"p1\">Reduce los efectos secundarios relacionados con el estr\u00f3geno de otros esteroides anabolizantes.<\/p>\n<\/li>\n<li>\n<p class=\"p1\">\u00datil en ciclos con testosterona, dianabol o nandrolona para mantener un equilibrio \u00f3ptimo de andr\u00f3genos\/estr\u00f3genos.<\/p>\n<\/li>\n<\/ul>\n<p>&nbsp;<\/p>\n<ol start=\"3\">\n<li>\n<p class=\"p1\"><b>Mayor definici\u00f3n muscular<\/b><\/p>\n<\/li>\n<\/ol>\n<p>&nbsp;<\/p>\n<ul>\n<li>\n<p class=\"p1\">Al no provocar retenci\u00f3n de l\u00edquidos, ayuda a mantener un aspecto muscular m\u00e1s seco y definido.<\/p>\n<\/li>\n<li>\n<p class=\"p1\">Suele utilizarse durante las fases de corte o definici\u00f3n.<\/p>\n<\/li>\n<\/ul>\n<p>&nbsp;<\/p>\n<ol start=\"4\">\n<li>\n<p class=\"p1\"><b>Mejora de la libido y la funci\u00f3n sexual<\/b><\/p>\n<\/li>\n<\/ol>\n<p>&nbsp;<\/p>\n<ul>\n<li>\n<p class=\"p1\">Com\u00fanmente utilizado para contrarrestar la supresi\u00f3n natural de testosterona causada por otros esteroides.<\/p>\n<\/li>\n<li>\n<p class=\"p1\">Puede mejorar la libido y la calidad de la erecci\u00f3n.<\/p>\n<\/li>\n<\/ul>\n<p>&nbsp;<\/p>\n<ol start=\"5\">\n<li>\n<p class=\"p1\"><b>Beneficios para la fertilidad masculina<\/b><\/p>\n<\/li>\n<\/ol>\n<p>&nbsp;<\/p>\n<ul>\n<li>\n<p class=\"p1\">A diferencia de muchos otros esteroides, Mesterolone no suprime significativamente la espermatog\u00e9nesis, por lo que se utiliza para tratar problemas de fertilidad.<\/p>\n<\/li>\n<\/ul>\n<p>&nbsp;<\/p>\n<ol start=\"6\">\n<li>\n<p class=\"p1\"><b>Mayor fuerza y bienestar mental<\/b><\/p>\n<\/li>\n<\/ol>\n<p>&nbsp;<\/p>\n<ul>\n<li>\n<p class=\"p1\">Efectos positivos sobre la energ\u00eda, la motivaci\u00f3n y la concentraci\u00f3n gracias al aumento de los niveles de andr\u00f3genos.<\/p>\n<\/li>\n<\/ul>\n<p>&nbsp;<\/p>\n<hr \/>\n<p>&nbsp;<\/p>\n<h3><b>\ud83d\udd39 <\/b><\/h3>\n<h3><b>Dosis recomendada<\/b><\/h3>\n<p>&nbsp;<\/p>\n<table>\n<thead>\n<tr>\n<th>\n<p class=\"p1\"><b>Objetivo<\/b><\/p>\n<\/th>\n<th>\n<p class=\"p1\"><b>Dosis (mg\/d\u00eda)<\/b><\/p>\n<\/th>\n<th>\n<p class=\"p1\"><b>Duraci\u00f3n<\/b><\/p>\n<\/th>\n<\/tr>\n<\/thead>\n<tbody>\n<tr>\n<td>\n<p class=\"p1\">Terapia de sustituci\u00f3n de testosterona<\/p>\n<\/td>\n<td>\n<p class=\"p1\">25-50 mg<\/p>\n<\/td>\n<td>\n<p class=\"p1\">Continuo<\/p>\n<\/td>\n<\/tr>\n<tr>\n<td>\n<p class=\"p1\">Aumento de la dureza muscular<\/p>\n<\/td>\n<td>\n<p class=\"p1\">50-100 mg<\/p>\n<\/td>\n<td>\n<p class=\"p1\">6-8 semanas<\/p>\n<\/td>\n<\/tr>\n<tr>\n<td>\n<p class=\"p1\">Prevenci\u00f3n de los efectos estrog\u00e9nicos<\/p>\n<\/td>\n<td>\n<p class=\"p1\">25-50 mg<\/p>\n<\/td>\n<td>\n<p class=\"p1\">Durante el ciclo<\/p>\n<\/td>\n<\/tr>\n<tr>\n<td>\n<p class=\"p1\">Aumento de la libido<\/p>\n<\/td>\n<td>\n<p class=\"p1\">50 mg<\/p>\n<\/td>\n<td>\n<p class=\"p1\">4-6 semanas<\/p>\n<\/td>\n<\/tr>\n<tr>\n<td>\n<p class=\"p1\">Fertilidad masculina<\/p>\n<\/td>\n<td>\n<p class=\"p1\">50-75 mg<\/p>\n<\/td>\n<td>\n<p class=\"p1\">Por prescripci\u00f3n m\u00e9dica<\/p>\n<\/td>\n<\/tr>\n<\/tbody>\n<\/table>\n<hr \/>\n<p>&nbsp;<\/p>\n<h3><b>\ud83d\udd39 <\/b><\/h3>\n<h3><b>Efectos secundarios<\/b><\/h3>\n<p>&nbsp;<\/p>\n<p class=\"p3\">Aunque la Mesterolona es generalmente bien tolerada, puede causar algunos efectos secundarios:<\/p>\n<ul>\n<li>\n<p class=\"p1\">Supresi\u00f3n de la producci\u00f3n natural de testosterona (menos grave que con otros esteroides).<\/p>\n<\/li>\n<li>\n<p class=\"p1\">Aumento de la agresividad y la irritabilidad.<\/p>\n<\/li>\n<li>\n<p class=\"p1\">Acn\u00e9 y piel grasa (debido a niveles m\u00e1s altos de andr\u00f3genos).<\/p>\n<\/li>\n<li>\n<p class=\"p1\">Ca\u00edda del cabello (si existe predisposici\u00f3n gen\u00e9tica).<\/p>\n<\/li>\n<li>\n<p class=\"p1\">Efectos hep\u00e1ticos m\u00ednimos, pero debe evitarse en caso de problemas hep\u00e1ticos.<\/p>\n<\/li>\n<\/ul>\n<p>&nbsp;<\/p>","protected":false},"excerpt":{"rendered":"<p class=\"p1\">La mesterolona (m\u00e1s conocida por su nombre comercial: Proviron) es un esteroide androg\u00e9nico derivado de la dihidrotestosterona (DHT). Se utiliza principalmente para tratar el hipogonadismo masculino y mejorar la fertilidad, gracias a su capacidad para aumentar los niveles de testosterona libre.<\/p>\n<p class=\"p1\">En el culturismo, se valora por sus efectos antiestrog\u00e9nicos, la mejora de la definici\u00f3n muscular y el aumento de la libido. No se convierte en estr\u00f3geno, no causa retenci\u00f3n de agua, y se utiliza a menudo como apoyo durante los ciclos de esteroides anab\u00f3licos.<\/p>","protected":false},"featured_media":4182,"comment_status":"open","ping_status":"closed","template":"","meta":{"inline_featured_image":false},"product_brand":[210],"product_cat":[200],"product_tag":[99,97,102,98],"class_list":{"0":"post-4184","1":"product","2":"type-product","3":"status-publish","4":"has-post-thumbnail","6":"product_brand-magpharm","7":"product_cat-steroids","8":"product_tag-100mg","9":"product_tag-erectile-dysfunction","10":"product_tag-oral-jelly","11":"product_tag-sildenafil","13":"first","14":"instock","15":"shipping-taxable","16":"purchasable","17":"product-type-simple"},"_links":{"self":[{"href":"https:\/\/kamlife.me\/es\/wp-json\/wp\/v2\/product\/4184","targetHints":{"allow":["GET"]}}],"collection":[{"href":"https:\/\/kamlife.me\/es\/wp-json\/wp\/v2\/product"}],"about":[{"href":"https:\/\/kamlife.me\/es\/wp-json\/wp\/v2\/types\/product"}],"replies":[{"embeddable":true,"href":"https:\/\/kamlife.me\/es\/wp-json\/wp\/v2\/comments?post=4184"}],"wp:featuredmedia":[{"embeddable":true,"href":"https:\/\/kamlife.me\/es\/wp-json\/wp\/v2\/media\/4182"}],"wp:attachment":[{"href":"https:\/\/kamlife.me\/es\/wp-json\/wp\/v2\/media?parent=4184"}],"wp:term":[{"taxonomy":"product_brand","embeddable":true,"href":"https:\/\/kamlife.me\/es\/wp-json\/wp\/v2\/product_brand?post=4184"},{"taxonomy":"product_cat","embeddable":true,"href":"https:\/\/kamlife.me\/es\/wp-json\/wp\/v2\/product_cat?post=4184"},{"taxonomy":"product_tag","embeddable":true,"href":"https:\/\/kamlife.me\/es\/wp-json\/wp\/v2\/product_tag?post=4184"}],"curies":[{"name":"wp","href":"https:\/\/api.w.org\/{rel}","templated":true}]}}