{"id":4187,"date":"2025-02-19T17:50:09","date_gmt":"2025-02-19T17:50:09","guid":{"rendered":"https:\/\/kamlife.me\/?post_type=product&#038;p=4187"},"modified":"2026-03-27T09:49:37","modified_gmt":"2026-03-27T09:49:37","slug":"magpharm-primobolan-100-mg-30-ml","status":"publish","type":"product","link":"https:\/\/kamlife.me\/es\/producto\/magpharm-primobolan-100-mg-30-ml\/","title":{"rendered":"MagPharm Primobolan 100 mg , 10 ml"},"content":{"rendered":"<p class=\"p1\"><span class=\"s1\"><b>Primobolan (Metenolona)<\/b><\/span> es un esteroide anab\u00f3lico utilizado principalmente en el \u00e1mbito m\u00e9dico y, por desgracia, tambi\u00e9n en el culturismo y el deporte para mejorar el rendimiento f\u00edsico. Estos son algunos de sus principales usos:<\/p>\n<p class=\"p2\">\n<hr \/>\n<p>&nbsp;<\/p>\n<p class=\"p2\">\n<h3><b>Uso m\u00e9dico<\/b><\/h3>\n<p>&nbsp;<\/p>\n<p class=\"p2\">\n<ul>\n<li>\n<p class=\"p1\"><b>Tratamiento de la osteoporosis:<\/b><span class=\"s1\"> Ayuda a fortalecer los huesos.<\/span><\/p>\n<\/li>\n<li>\n<p class=\"p1\"><span class=\"s1\"><b>Caquexia:<\/b><\/span> Se utiliza para contrarrestar la p\u00e9rdida muscular y de peso en pacientes con enfermedades debilitantes como el c\u00e1ncer o el VIH\/SIDA.<\/p>\n<\/li>\n<li>\n<p class=\"p1\"><span class=\"s1\"><b>Anemia:<\/b><\/span> Puede utilizarse para estimular la producci\u00f3n de gl\u00f3bulos rojos.<\/p>\n<\/li>\n<\/ul>\n<p>&nbsp;<\/p>\n<p class=\"p2\">\n<hr \/>\n<p>&nbsp;<\/p>\n<p class=\"p2\">\n<h3><b>Uso en musculaci\u00f3n y deportes<\/b><\/h3>\n<p>&nbsp;<\/p>\n<p class=\"p2\">\n<ul>\n<li>\n<p class=\"p1\"><span class=\"s1\"><b>Aumento de la masa muscular:<\/b><\/span> Promueve el crecimiento muscular, aunque de forma menos espectacular que otros esteroides.<\/p>\n<\/li>\n<li>\n<p class=\"p1\"><span class=\"s1\"><b>Mejora la definici\u00f3n muscular:<\/b><\/span> Ayuda a reducir la grasa corporal manteniendo la masa muscular.<\/p>\n<\/li>\n<li>\n<p class=\"p1\"><span class=\"s1\"><b>Mayor fuerza:<\/b><\/span> Puede contribuir a una mayor fuerza f\u00edsica.<\/p>\n<\/li>\n<li>\n<p class=\"p1\"><span class=\"s1\"><b>Baja conversi\u00f3n a estr\u00f3genos:<\/b><\/span> A diferencia de muchos otros esteroides, Primobolan no se convierte en estr\u00f3geno, reduciendo el riesgo de efectos secundarios como la retenci\u00f3n de agua, ginecomastia (desarrollo de tejido mamario en los hombres), o el aumento de peso relacionado con el agua.<\/p>\n<\/li>\n<\/ul>\n<p>&nbsp;<\/p>\n<p class=\"p2\">\n<hr \/>\n<p>&nbsp;<\/p>\n<p class=\"p2\">\n<h3><b>Efectos secundarios relativamente moderados<\/b><\/h3>\n<p>&nbsp;<\/p>\n<p class=\"p1\">En comparaci\u00f3n con otros esteroides anab\u00f3licos, Primobolan se considera uno de los esteroides \"m\u00e1s suaves\" en t\u00e9rminos de efectos secundarios, especialmente cuando se utiliza en dosis moderadas. Sin embargo, esto no significa que est\u00e9 libre de riesgos.<\/p>","protected":false},"excerpt":{"rendered":"<p class=\"p1\"><span class=\"s1\"><b>Primobolan (Metenolona)<\/b><\/span> es un esteroide anab\u00f3lico utilizado en medicina para tratar la p\u00e9rdida de masa muscular, la osteoporosis y enfermedades debilitantes como la caquexia. En el mundo del culturismo, se valora por aumentar la masa muscular magra, mejorar la definici\u00f3n y reducir la grasa corporal, con un riesgo relativamente bajo de efectos secundarios estrog\u00e9nicos.<\/p>","protected":false},"featured_media":4188,"comment_status":"open","ping_status":"closed","template":"","meta":{"inline_featured_image":false},"product_brand":[210],"product_cat":[200],"product_tag":[99,97,102,98],"class_list":{"0":"post-4187","1":"product","2":"type-product","3":"status-publish","4":"has-post-thumbnail","6":"product_brand-magpharm","7":"product_cat-steroids","8":"product_tag-100mg","9":"product_tag-erectile-dysfunction","10":"product_tag-oral-jelly","11":"product_tag-sildenafil","13":"first","14":"instock","15":"shipping-taxable","16":"purchasable","17":"product-type-simple"},"_links":{"self":[{"href":"https:\/\/kamlife.me\/es\/wp-json\/wp\/v2\/product\/4187","targetHints":{"allow":["GET"]}}],"collection":[{"href":"https:\/\/kamlife.me\/es\/wp-json\/wp\/v2\/product"}],"about":[{"href":"https:\/\/kamlife.me\/es\/wp-json\/wp\/v2\/types\/product"}],"replies":[{"embeddable":true,"href":"https:\/\/kamlife.me\/es\/wp-json\/wp\/v2\/comments?post=4187"}],"wp:featuredmedia":[{"embeddable":true,"href":"https:\/\/kamlife.me\/es\/wp-json\/wp\/v2\/media\/4188"}],"wp:attachment":[{"href":"https:\/\/kamlife.me\/es\/wp-json\/wp\/v2\/media?parent=4187"}],"wp:term":[{"taxonomy":"product_brand","embeddable":true,"href":"https:\/\/kamlife.me\/es\/wp-json\/wp\/v2\/product_brand?post=4187"},{"taxonomy":"product_cat","embeddable":true,"href":"https:\/\/kamlife.me\/es\/wp-json\/wp\/v2\/product_cat?post=4187"},{"taxonomy":"product_tag","embeddable":true,"href":"https:\/\/kamlife.me\/es\/wp-json\/wp\/v2\/product_tag?post=4187"}],"curies":[{"name":"wp","href":"https:\/\/api.w.org\/{rel}","templated":true}]}}