{"id":5381,"date":"2025-07-10T00:15:48","date_gmt":"2025-07-10T00:15:48","guid":{"rendered":"https:\/\/kamlife.me\/?post_type=product&#038;p=5381"},"modified":"2026-04-09T05:04:17","modified_gmt":"2026-04-09T05:04:17","slug":"super-careforce-160mg-2w1","status":"publish","type":"product","link":"https:\/\/kamlife.me\/es\/producto\/super-careforce-160mg-2w1\/","title":{"rendered":"Super Careforce 160mg 2w1"},"content":{"rendered":"<p class=\"p1\"><span class=\"s1\"><b>Super Care Force<\/b><\/span> es un medicamento combinado, utilizado habitualmente para el tratamiento de la disfunci\u00f3n er\u00e9ctil (DE) y la eyaculaci\u00f3n precoz (EP) en los hombres. Es una versi\u00f3n gen\u00e9rica producida por empresas farmac\u00e9uticas indias como <span class=\"s1\"><b>Careclub<\/b><\/span> (como se muestra en el envase), y es similar a productos conocidos como <span class=\"s1\"><b>Super P-Force<\/b><\/span>.<\/p>\n<p class=\"p3\"><span class=\"s2\">\ud83d\udc8a <\/span><b>Composici\u00f3n principal de Super Care Force:<\/b><b><\/b><\/p>\n<ul>\n<li>\n<p class=\"p1\"><b>Citrato de sildenafilo (100 mg)<\/b><b><\/b><\/p>\n<p class=\"p2\">La misma mol\u00e9cula que contiene la Viagra.<\/p>\n<p class=\"p2\">Act\u00faa relajando los m\u00fasculos y aumentando el flujo sangu\u00edneo al pene, facilitando la erecci\u00f3n durante la estimulaci\u00f3n sexual.<\/p>\n<\/li>\n<li>\n<p class=\"p1\"><b>Dapoxetina (60 mg)<\/b><b><\/b><\/p>\n<p class=\"p2\">Un inhibidor selectivo de la recaptaci\u00f3n de serotonina (ISRS).<\/p>\n<p class=\"p2\">Se utiliza para retrasar la eyaculaci\u00f3n y prolongar las relaciones sexuales.<\/p>\n<\/li>\n<\/ul>\n<p class=\"p3\"><span class=\"s2\">\ud83e\uddea <\/span><b>Indicaciones terap\u00e9uticas:<\/b><b><\/b><\/p>\n<ul>\n<li>\n<p class=\"p1\">Tratamiento simult\u00e1neo de la disfunci\u00f3n er\u00e9ctil y la eyaculaci\u00f3n precoz.<\/p>\n<\/li>\n<li>\n<p class=\"p1\">Mejora del rendimiento sexual masculino.<\/p>\n<\/li>\n<\/ul>\n<p>&nbsp;<\/p>\n<p class=\"p3\"><span class=\"s2\">\u26a0\ufe0f <\/span><b>Modo de empleo (indicativo, no sustituye al consejo m\u00e9dico):<\/b><b><\/b><\/p>\n<ul>\n<li>\n<p class=\"p1\">Tomar un comprimido 30-60 minutos antes de la actividad sexual.<\/p>\n<\/li>\n<li>\n<p class=\"p1\">No tome m\u00e1s de un comprimido en 24 horas.<\/p>\n<\/li>\n<\/ul>\n<p>&nbsp;<\/p>\n<p class=\"p3\"><span class=\"s2\">\u2705 <\/span><b>BENEFICIOS DE SUPER CARE FORCE<\/b><b><\/b><\/p>\n<ol start=\"1\">\n<li>\n<p class=\"p1\"><b>Erecciones m\u00e1s fuertes y duraderas<\/b><b><\/b><\/p>\n<p class=\"p2\">El sildenafilo aumenta el flujo sangu\u00edneo al pene, ayudando a conseguir y mantener una erecci\u00f3n satisfactoria durante la estimulaci\u00f3n sexual.<\/p>\n<\/li>\n<li>\n<p class=\"p1\"><b>Mayor control de la eyaculaci\u00f3n<\/b><b><\/b><\/p>\n<p class=\"p2\">La dapoxetina act\u00faa sobre el sistema nervioso central para retrasar la eyaculaci\u00f3n, mejorando el control y prolongando la duraci\u00f3n del coito.<\/p>\n<\/li>\n<li>\n<p class=\"p1\"><b>Mayor satisfacci\u00f3n sexual<\/b><b><\/b><\/p>\n<p class=\"p2\">El efecto combinado de erecciones m\u00e1s potentes y relaciones sexuales m\u00e1s duraderas contribuye a una vida sexual m\u00e1s satisfactoria tanto para el hombre como para su pareja.<\/p>\n<\/li>\n<li>\n<p class=\"p1\"><b>Acci\u00f3n combinada en un solo comprimido<\/b><b><\/b><\/p>\n<p class=\"p2\">Trata dos trastornos sexuales comunes al mismo tiempo (DE + EP) sin necesidad de tomar varios medicamentos.<\/p>\n<\/li>\n<li>\n<p class=\"p1\"><b>Mayor confianza en s\u00ed mismo<\/b><b><\/b><\/p>\n<p class=\"p2\">La capacidad de tener una experiencia sexual completa sin interrupciones puede aumentar la autoestima y reducir la ansiedad por el rendimiento.<\/p>\n<\/li>\n<li>\n<p class=\"p1\"><b>Inicio r\u00e1pido<\/b><b><\/b><\/p>\n<p class=\"p2\">Act\u00faa en 30-60 minutos, lo que permite una planificaci\u00f3n relativamente sencilla de la actividad sexual.<\/p>\n<\/li>\n<li>\n<p class=\"p1\"><b>Mejora del bienestar psicol\u00f3gico<\/b><b><\/b><\/p>\n<p class=\"p2\">Mejorar la vida sexual tambi\u00e9n puede afectar positivamente a otros aspectos del bienestar relacional y emocional.<\/p>\n<\/li>\n<\/ol>","protected":false},"excerpt":{"rendered":"<article class=\"text-token-text-primary w-full\" dir=\"auto\" data-testid=\"conversation-turn-8\" data-scroll-anchor=\"true\">\n<div class=\"text-base my-auto mx-auto py-5 [--thread-content-margin:--spacing(4)] @[37rem]:[--thread-content-margin:--spacing(6)] @[72rem]:[--thread-content-margin:--spacing(16)] px-(--thread-content-margin)\">\n<div class=\"[--thread-content-max-width:32rem] @[34rem]:[--thread-content-max-width:40rem] @[64rem]:[--thread-content-max-width:48rem] mx-auto flex max-w-(--thread-content-max-width) flex-1 text-base gap-4 md:gap-5 lg:gap-6 group\/turn-messages focus-visible:outline-hidden\" tabindex=\"-1\">\n<div class=\"group\/conversation-turn relative flex w-full min-w-0 flex-col agent-turn\">\n<div class=\"relative flex-col gap-1 md:gap-3\">\n<div class=\"flex max-w-full flex-col grow\">\n<div class=\"min-h-8 text-message relative flex w-full flex-col items-end gap-2 text-start break-words whitespace-normal [.text-message+&amp;]:mt-5\" dir=\"auto\" data-message-author-role=\"assistant\" data-message-id=\"df2d8f2a-41e1-49b0-b8b7-d59589814fc8\" data-message-model-slug=\"gpt-4o\">\n<div class=\"flex w-full flex-col gap-1 empty:hidden first:pt-[3px]\">\n<div class=\"markdown prose dark:prose-invert w-full break-words light\">\n<p class=\"p1\"><b>Super Care Force es un medicamento combinado utilizado para tratar simult\u00e1neamente la disfunci\u00f3n er\u00e9ctil y la eyaculaci\u00f3n precoz en los hombres. Contiene Sildenafilo (100 mg) para mejorar la erecci\u00f3n y Dapoxetina (60 mg) para retrasar la eyaculaci\u00f3n. Act\u00faa r\u00e1pidamente (en 30-60 minutos) y favorece unas relaciones sexuales m\u00e1s largas, satisfactorias y controladas. S\u00f3lo debe tomarse bajo supervisi\u00f3n m\u00e9dica.<\/b><\/p>\n<\/div>\n<\/div>\n<\/div>\n<\/div>\n<div class=\"flex min-h-[46px] justify-start\"><\/div>\n<\/div>\n<div class=\"aria-live=polite absolute\">\n<div class=\"flex items-center justify-center\"><\/div>\n<\/div>\n<\/div>\n<\/div>\n<\/div>\n<\/article>\n<div class=\"pointer-events-none h-px w-px\" aria-hidden=\"true\" data-edge=\"true\"><\/div>","protected":false},"featured_media":5382,"comment_status":"open","ping_status":"closed","template":"","meta":{"inline_featured_image":false},"product_brand":[208],"product_cat":[201],"product_tag":[105,97,100,103],"class_list":{"0":"post-5381","1":"product","2":"type-product","3":"status-publish","4":"has-post-thumbnail","6":"product_brand-careforce","7":"product_cat-sexual-health","8":"product_tag-60mg","9":"product_tag-erectile-dysfunction","10":"product_tag-oral-tablets","11":"product_tag-tadalafil","13":"first","14":"instock","15":"shipping-taxable","16":"purchasable","17":"product-type-simple"},"_links":{"self":[{"href":"https:\/\/kamlife.me\/es\/wp-json\/wp\/v2\/product\/5381","targetHints":{"allow":["GET"]}}],"collection":[{"href":"https:\/\/kamlife.me\/es\/wp-json\/wp\/v2\/product"}],"about":[{"href":"https:\/\/kamlife.me\/es\/wp-json\/wp\/v2\/types\/product"}],"replies":[{"embeddable":true,"href":"https:\/\/kamlife.me\/es\/wp-json\/wp\/v2\/comments?post=5381"}],"wp:featuredmedia":[{"embeddable":true,"href":"https:\/\/kamlife.me\/es\/wp-json\/wp\/v2\/media\/5382"}],"wp:attachment":[{"href":"https:\/\/kamlife.me\/es\/wp-json\/wp\/v2\/media?parent=5381"}],"wp:term":[{"taxonomy":"product_brand","embeddable":true,"href":"https:\/\/kamlife.me\/es\/wp-json\/wp\/v2\/product_brand?post=5381"},{"taxonomy":"product_cat","embeddable":true,"href":"https:\/\/kamlife.me\/es\/wp-json\/wp\/v2\/product_cat?post=5381"},{"taxonomy":"product_tag","embeddable":true,"href":"https:\/\/kamlife.me\/es\/wp-json\/wp\/v2\/product_tag?post=5381"}],"curies":[{"name":"wp","href":"https:\/\/api.w.org\/{rel}","templated":true}]}}