{"id":5633,"date":"2025-08-03T16:53:37","date_gmt":"2025-08-03T16:53:37","guid":{"rendered":"https:\/\/kamlife.me\/?post_type=product&#038;p=5633"},"modified":"2026-03-31T05:10:35","modified_gmt":"2026-03-31T05:10:35","slug":"super-carevitra-vardenafil-20-mg-dapoxetina-60-mg","status":"publish","type":"product","link":"https:\/\/kamlife.me\/es\/producto\/super-carevitra-vardenafil-20-mg-dapoxetina-60-mg\/","title":{"rendered":"Super Carevitra - Vardenafil 20 mg + Dapoxetina 60 mg"},"content":{"rendered":"<p class=\"p1\"><span class=\"s1\"><b>Vardenafilo 20 mg:<\/b><\/span> un inhibidor de la fosfodiesterasa tipo 5 (PDE5), utilizado para tratar la disfunci\u00f3n er\u00e9ctil.<\/p>\n<p class=\"p1\"><span class=\"s1\"><b>Dapoxetina 60 mg:<\/b><\/span> un inhibidor selectivo de la recaptaci\u00f3n de serotonina (ISRS), utilizado para el tratamiento de la eyaculaci\u00f3n precoz.<\/p>\n<h3><b>Principales ventajas de <\/b><\/h3>\n<h3><b>Super Carevitra<\/b><\/h3>\n<p class=\"p4\"><span class=\"s3\">\u2705 <\/span><b>Para la disfunci\u00f3n er\u00e9ctil (gracias al Vardenafilo):<\/b><b><\/b><\/p>\n<ul>\n<li>\n<p class=\"p1\">Aumenta el flujo sangu\u00edneo al pene, facilitando la erecci\u00f3n en respuesta a la estimulaci\u00f3n sexual.<\/p>\n<\/li>\n<li>\n<p class=\"p1\">Act\u00faa m\u00e1s r\u00e1pidamente que el Sildenafilo (Viagra) en muchos pacientes.<\/p>\n<\/li>\n<li>\n<p class=\"p1\">Eficaz incluso en hombres diab\u00e9ticos o con disfunci\u00f3n er\u00e9ctil resistente a otros medicamentos.<\/p>\n<\/li>\n<\/ul>\n<p class=\"p4\"><span class=\"s3\">\u2705 <\/span><b>Para la eyaculaci\u00f3n precoz (gracias a la dapoxetina):<\/b><b><\/b><\/p>\n<ul>\n<li>\n<p class=\"p1\">Retrasa la eyaculaci\u00f3n, prolongando las relaciones sexuales.<\/p>\n<\/li>\n<li>\n<p class=\"p1\">Mejora el control de la eyaculaci\u00f3n y la satisfacci\u00f3n sexual en general.<\/p>\n<\/li>\n<\/ul>\n<h3><b>Ventajas de la formulaci\u00f3n combinada<\/b><\/h3>\n<p class=\"p1\"><span class=\"s1\"><b>Mejora del rendimiento sexual general:<\/b><\/span> erecci\u00f3n m\u00e1s fuerte y duradera + mayor control de la eyaculaci\u00f3n.<\/p>\n<ul>\n<li>\n<p class=\"p1\"><span class=\"s1\"><b>Comodidad:<\/b><\/span> dos efectos en un solo comprimido.<\/p>\n<\/li>\n<li>\n<p class=\"p1\"><b>Adecuado para hombres con ambas afecciones (DE + EP).<\/b><\/p>\n<\/li>\n<\/ul>\n<h3><b>Instrucciones de uso (general):<\/b><\/h3>\n<ul>\n<li>\n<p class=\"p1\">Tomar por v\u00eda oral unos 30-60 minutos antes del coito.<\/p>\n<\/li>\n<li>\n<p class=\"p1\">No es afrodis\u00edaco: s\u00f3lo funciona con estimulaci\u00f3n sexual.<\/p>\n<\/li>\n<\/ul>\n<p>&nbsp;<\/p>","protected":false},"excerpt":{"rendered":"<article class=\"text-token-text-primary w-full\" dir=\"auto\" data-testid=\"conversation-turn-8\" data-scroll-anchor=\"true\">\n<div class=\"text-base my-auto mx-auto py-5 [--thread-content-margin:--spacing(4)] @[37rem]:[--thread-content-margin:--spacing(6)] @[72rem]:[--thread-content-margin:--spacing(16)] px-(--thread-content-margin)\">\n<div class=\"[--thread-content-max-width:32rem] @[34rem]:[--thread-content-max-width:40rem] @[64rem]:[--thread-content-max-width:48rem] mx-auto flex max-w-(--thread-content-max-width) flex-1 text-base gap-4 md:gap-5 lg:gap-6 group\/turn-messages focus-visible:outline-hidden\" tabindex=\"-1\">\n<div class=\"group\/conversation-turn relative flex w-full min-w-0 flex-col agent-turn\">\n<div class=\"relative flex-col gap-1 md:gap-3\">\n<div class=\"flex max-w-full flex-col grow\">\n<div class=\"min-h-8 text-message relative flex w-full flex-col items-end gap-2 text-start break-words whitespace-normal [.text-message+&amp;]:mt-5\" dir=\"auto\" data-message-author-role=\"assistant\" data-message-id=\"df2d8f2a-41e1-49b0-b8b7-d59589814fc8\" data-message-model-slug=\"gpt-4o\">\n<div class=\"flex w-full flex-col gap-1 empty:hidden first:pt-[3px]\">\n<div class=\"markdown prose dark:prose-invert w-full break-words light\">\n<p class=\"p1\"><b>Super Carevitra es un tratamiento combinado innovador dise\u00f1ado para mejorar el rendimiento sexual masculino. Gracias a la acci\u00f3n sin\u00e9rgica del Vardenafilo 20 mg (para una fuerte erecci\u00f3n) y de la Dapoxetina 60 mg (para retardar la eyaculaci\u00f3n), asegura potencia, control y mayor duraci\u00f3n durante el coito. Ideal para quienes desean una vida sexual m\u00e1s satisfactoria en cada ocasi\u00f3n.<\/b><\/p>\n<\/div>\n<\/div>\n<\/div>\n<\/div>\n<div class=\"flex min-h-[46px] justify-start\"><\/div>\n<\/div>\n<div class=\"aria-live=polite absolute\">\n<div class=\"flex items-center justify-center\"><\/div>\n<\/div>\n<\/div>\n<\/div>\n<\/div>\n<\/article>\n<div class=\"pointer-events-none h-px w-px\" aria-hidden=\"true\" data-edge=\"true\"><\/div>","protected":false},"featured_media":5634,"comment_status":"open","ping_status":"closed","template":"","meta":{"inline_featured_image":false},"product_brand":[],"product_cat":[201],"product_tag":[105,97,100,103],"class_list":{"0":"post-5633","1":"product","2":"type-product","3":"status-publish","4":"has-post-thumbnail","6":"product_cat-sexual-health","7":"product_tag-60mg","8":"product_tag-erectile-dysfunction","9":"product_tag-oral-tablets","10":"product_tag-tadalafil","12":"first","13":"instock","14":"shipping-taxable","15":"purchasable","16":"product-type-simple"},"_links":{"self":[{"href":"https:\/\/kamlife.me\/es\/wp-json\/wp\/v2\/product\/5633","targetHints":{"allow":["GET"]}}],"collection":[{"href":"https:\/\/kamlife.me\/es\/wp-json\/wp\/v2\/product"}],"about":[{"href":"https:\/\/kamlife.me\/es\/wp-json\/wp\/v2\/types\/product"}],"replies":[{"embeddable":true,"href":"https:\/\/kamlife.me\/es\/wp-json\/wp\/v2\/comments?post=5633"}],"wp:featuredmedia":[{"embeddable":true,"href":"https:\/\/kamlife.me\/es\/wp-json\/wp\/v2\/media\/5634"}],"wp:attachment":[{"href":"https:\/\/kamlife.me\/es\/wp-json\/wp\/v2\/media?parent=5633"}],"wp:term":[{"taxonomy":"product_brand","embeddable":true,"href":"https:\/\/kamlife.me\/es\/wp-json\/wp\/v2\/product_brand?post=5633"},{"taxonomy":"product_cat","embeddable":true,"href":"https:\/\/kamlife.me\/es\/wp-json\/wp\/v2\/product_cat?post=5633"},{"taxonomy":"product_tag","embeddable":true,"href":"https:\/\/kamlife.me\/es\/wp-json\/wp\/v2\/product_tag?post=5633"}],"curies":[{"name":"wp","href":"https:\/\/api.w.org\/{rel}","templated":true}]}}