{"id":5752,"date":"2025-08-15T11:38:24","date_gmt":"2025-08-15T11:38:24","guid":{"rendered":"https:\/\/kamlife.me\/?post_type=product&#038;p=5752"},"modified":"2026-03-12T17:09:15","modified_gmt":"2026-03-12T17:09:15","slug":"care-cobra-200-sildenafil-200mg-comprimidos-6-comprimidos","status":"publish","type":"product","link":"https:\/\/kamlife.me\/es\/producto\/care-cobra-200-sildenafil-200mg-comprimidos-6-comprimidos\/","title":{"rendered":"CARE COBRA 200 - Sildenafil 200mg Comprimidos 6 COMPRIMIDOS"},"content":{"rendered":"<p class=\"p1\"><b>CARE COBRA 200 - Sildenafil 200 mg - 6 Comprimidos<\/b><b><\/b><\/p>\n<p class=\"p1\"><b>M\u00e1xima potencia, rendimiento duradero<\/b><b><\/b><\/p>\n<p class=\"p3\">Care Cobra 200 es un suplemento farmac\u00e9utico a base de citrato de sildenafilo en una dosis muy alta (200 mg por comprimido), dise\u00f1ado para quienes buscan un fuerte apoyo en el control de la disfunci\u00f3n er\u00e9ctil y la mejora del rendimiento sexual.<\/p>\n<p class=\"p3\">\ud83d\udc8a <span class=\"s1\"><b>Formato:<\/b><\/span> Envase de 6 comprimidos recubiertos<\/p>\n<p class=\"p3\">\u26a1 <span class=\"s1\"><b>Ingrediente activo:<\/b><\/span> Citrato de Sildenafilo 200 mg<\/p>\n<p class=\"p1\"><span class=\"s2\">\ud83d\udcc5 <\/span><b>Duraci\u00f3n de la acci\u00f3n:<\/b><span class=\"s2\"> Hasta 8 horas*.<\/span><\/p>\n<p class=\"p3\">(*la duraci\u00f3n puede variar en funci\u00f3n del metabolismo, la dieta y el estado de salud)<\/p>\n<h3><b>Principales ventajas<\/b><\/h3>\n<ul>\n<li>\n<p class=\"p1\"><span class=\"s1\"><b>De acci\u00f3n r\u00e1pida:<\/b><\/span> comienza a actuar a los 30-60 minutos de su ingesta<\/p>\n<\/li>\n<li>\n<p class=\"p1\"><b>Concentraci\u00f3n m\u00e1xima de principio activo<\/b><span class=\"s1\"> para unos resultados potentes y duraderos<\/span><\/p>\n<\/li>\n<li>\n<p class=\"p1\"><span class=\"s1\"><b>Mejora el flujo sangu\u00edneo al pene<\/b><\/span>Favorece erecciones m\u00e1s duras y estables<\/p>\n<\/li>\n<li>\n<p class=\"p1\"><b>Favorece la confianza y la satisfacci\u00f3n<\/b><span class=\"s1\"> durante el coito<\/span><\/p>\n<\/li>\n<\/ul>\n<h3><b>Instrucciones de uso<\/b><\/h3>\n<ul>\n<li>\n<p class=\"p1\">Tomar de medio a un comprimido con agua, unos 30-60 minutos antes de la actividad sexual.<\/p>\n<\/li>\n<li>\n<p class=\"p1\">No superar 1 comprimido en 24 horas<\/p>\n<\/li>\n<li>\n<p class=\"p1\">Evitar tomar con comidas copiosas y grasas o con exceso de alcohol para evitar un efecto retardado.<\/p>\n<\/li>\n<\/ul>\n<h3><b>Advertencias<\/b><\/h3>\n<ul>\n<li>\n<p class=\"p1\">Producto destinado exclusivamente a hombres adultos<\/p>\n<\/li>\n<li>\n<p class=\"p1\">No utilizar en caso de afecciones cardiovasculares graves o alergia al principio activo<\/p>\n<\/li>\n<\/ul>\n<p>&nbsp;<\/p>","protected":false},"excerpt":{"rendered":"<article class=\"text-token-text-primary w-full\" dir=\"auto\" data-testid=\"conversation-turn-8\" data-scroll-anchor=\"true\">\n<div class=\"text-base my-auto mx-auto py-5 [--thread-content-margin:--spacing(4)] @[37rem]:[--thread-content-margin:--spacing(6)] @[72rem]:[--thread-content-margin:--spacing(16)] px-(--thread-content-margin)\">\n<div class=\"[--thread-content-max-width:32rem] @[34rem]:[--thread-content-max-width:40rem] @[64rem]:[--thread-content-max-width:48rem] mx-auto flex max-w-(--thread-content-max-width) flex-1 text-base gap-4 md:gap-5 lg:gap-6 group\/turn-messages focus-visible:outline-hidden\" tabindex=\"-1\">\n<div class=\"group\/conversation-turn relative flex w-full min-w-0 flex-col agent-turn\">\n<div class=\"relative flex-col gap-1 md:gap-3\">\n<div class=\"flex max-w-full flex-col grow\">\n<div class=\"min-h-8 text-message relative flex w-full flex-col items-end gap-2 text-start break-words whitespace-normal [.text-message+&amp;]:mt-5\" dir=\"auto\" data-message-author-role=\"assistant\" data-message-id=\"df2d8f2a-41e1-49b0-b8b7-d59589814fc8\" data-message-model-slug=\"gpt-4o\">\n<div class=\"flex w-full flex-col gap-1 empty:hidden first:pt-[3px]\">\n<div class=\"markdown prose dark:prose-invert w-full break-words light\">\n<p class=\"p1\"><b>CARE COBRA 200 - Sildenafil 200 mg (6 comprimidos): f\u00f3rmula extra-fuerte para el tratamiento de la disfunci\u00f3n er\u00e9ctil, promueve erecciones potentes y duraderas hasta 8 horas. Act\u00faa en 30-60 minutos, mejorando el rendimiento y la confianza.<\/b><\/p>\n<\/div>\n<\/div>\n<\/div>\n<\/div>\n<div class=\"flex min-h-[46px] justify-start\"><\/div>\n<\/div>\n<div class=\"aria-live=polite absolute\">\n<div class=\"flex items-center justify-center\"><\/div>\n<\/div>\n<\/div>\n<\/div>\n<\/div>\n<\/article>\n<div class=\"pointer-events-none h-px w-px\" aria-hidden=\"true\" data-edge=\"true\"><\/div>","protected":false},"featured_media":5753,"comment_status":"open","ping_status":"closed","template":"","meta":{"inline_featured_image":false},"product_brand":[],"product_cat":[201],"product_tag":[105,97,100,103],"class_list":{"0":"post-5752","1":"product","2":"type-product","3":"status-publish","4":"has-post-thumbnail","6":"product_cat-sexual-health","7":"product_tag-60mg","8":"product_tag-erectile-dysfunction","9":"product_tag-oral-tablets","10":"product_tag-tadalafil","12":"first","13":"outofstock","14":"shipping-taxable","15":"purchasable","16":"product-type-simple"},"_links":{"self":[{"href":"https:\/\/kamlife.me\/es\/wp-json\/wp\/v2\/product\/5752","targetHints":{"allow":["GET"]}}],"collection":[{"href":"https:\/\/kamlife.me\/es\/wp-json\/wp\/v2\/product"}],"about":[{"href":"https:\/\/kamlife.me\/es\/wp-json\/wp\/v2\/types\/product"}],"replies":[{"embeddable":true,"href":"https:\/\/kamlife.me\/es\/wp-json\/wp\/v2\/comments?post=5752"}],"wp:featuredmedia":[{"embeddable":true,"href":"https:\/\/kamlife.me\/es\/wp-json\/wp\/v2\/media\/5753"}],"wp:attachment":[{"href":"https:\/\/kamlife.me\/es\/wp-json\/wp\/v2\/media?parent=5752"}],"wp:term":[{"taxonomy":"product_brand","embeddable":true,"href":"https:\/\/kamlife.me\/es\/wp-json\/wp\/v2\/product_brand?post=5752"},{"taxonomy":"product_cat","embeddable":true,"href":"https:\/\/kamlife.me\/es\/wp-json\/wp\/v2\/product_cat?post=5752"},{"taxonomy":"product_tag","embeddable":true,"href":"https:\/\/kamlife.me\/es\/wp-json\/wp\/v2\/product_tag?post=5752"}],"curies":[{"name":"wp","href":"https:\/\/api.w.org\/{rel}","templated":true}]}}