{"id":5783,"date":"2025-08-16T11:22:48","date_gmt":"2025-08-16T11:22:48","guid":{"rendered":"https:\/\/kamlife.me\/?post_type=product&#038;p=5783"},"modified":"2025-08-28T15:10:06","modified_gmt":"2025-08-28T15:10:06","slug":"carefill10-mg","status":"publish","type":"product","link":"https:\/\/kamlife.me\/es\/producto\/carefill10-mg\/","title":{"rendered":"CAREFILL 10 mg"},"content":{"rendered":"<p class=\"p1\"><span class=\"s1\"><b>Recupere la confianza en s\u00ed mismo y mejore sus momentos \u00edntimos con CareFill-10, la soluci\u00f3n l\u00edder para la disfunci\u00f3n er\u00e9ctil (DE).<\/b><\/span> Formulado con tadalafilo, un ingrediente probado y de confianza, CareFill-10 est\u00e1 dise\u00f1ado para proporcionar un apoyo duradero a su salud sexual.<\/p>\n<p class=\"p2\">\n<hr \/>\n<p>&nbsp;<\/p>\n<p class=\"p2\">\n<h3><b>Principales ventajas de CareFill-10<\/b><\/h3>\n<p>&nbsp;<\/p>\n<p class=\"p2\">\n<ul>\n<li>\n<p class=\"p1\"><span class=\"s1\"><b>F\u00f3rmula cl\u00ednicamente probada:<\/b><\/span> Cada comprimido de CareFill-10 contiene tadalafilo, un tratamiento eficaz para la disfunci\u00f3n er\u00e9ctil que ha sido objeto de numerosas investigaciones. Con la confianza de los profesionales sanitarios de todo el mundo, el tadalafilo mejora el flujo sangu\u00edneo al pene, garantizando erecciones firmes y duraderas.<\/p>\n<\/li>\n<li>\n<p class=\"p1\"><span class=\"s1\"><b>Efectos duraderos:<\/b><\/span> Disfrute de hasta 36 horas de mejora de la funci\u00f3n er\u00e9ctil, lo que permite espontaneidad y mejores experiencias sexuales sin necesidad de programar sus dosis.<\/p>\n<\/li>\n<li>\n<p class=\"p1\"><span class=\"s1\"><b>Inicio r\u00e1pido:<\/b><\/span> Sienta los efectos en tan s\u00f3lo 30 minutos, d\u00e1ndole la flexibilidad de responder a sus deseos cuando llegue el momento.<\/p>\n<\/li>\n<li>\n<p class=\"p1\"><span class=\"s1\"><b>Mayor intimidad:<\/b><\/span> Refuerce las relaciones y aumente la confianza con una ayuda fiable para el rendimiento sexual.<\/p>\n<\/li>\n<li>\n<p class=\"p1\"><span class=\"s1\"><b>Seguro y fiable:<\/b><\/span> Fabricado en instalaciones de \u00faltima generaci\u00f3n, CareFill-10 cumple estrictas normas de control de calidad para garantizar tanto su seguridad como su eficacia.<\/p>\n<\/li>\n<\/ul>\n<p>&nbsp;<\/p>\n<p class=\"p2\">\n<hr \/>\n<p>&nbsp;<\/p>\n<p class=\"p2\">\n<h3><b>C\u00f3mo funciona CareFill-10<\/b><\/h3>\n<p>&nbsp;<\/p>\n<p class=\"p1\">CareFill-10 act\u00faa aumentando el flujo sangu\u00edneo al pene durante la estimulaci\u00f3n sexual. El principio activo, el tadalafilo, inhibe la enzima PDE5, que puede restringir el flujo sangu\u00edneo. Al bloquear la PDE5, CareFill-10 ayuda a mantener una erecci\u00f3n suficiente para la actividad sexual.<\/p>\n<p class=\"p2\">\n<hr \/>\n<p>&nbsp;<\/p>\n<p class=\"p2\">\n<h3><b>Posolog\u00eda y uso<\/b><\/h3>\n<p>&nbsp;<\/p>\n<p class=\"p2\">\n<ul>\n<li>\n<p class=\"p1\">Toma <span class=\"s1\"><b>un comprimido de CareFill-10<\/b><\/span> aproximadamente 30 minutos antes de la actividad sexual.<\/p>\n<\/li>\n<li>\n<p class=\"p1\">No tome m\u00e1s de <span class=\"s1\"><b>un comprimido al d\u00eda<\/b><\/span>.<\/p>\n<\/li>\n<li>\n<p class=\"p1\">Para obtener mejores resultados, evite el consumo excesivo de alcohol.<\/p>\n<\/li>\n<li>\n<p class=\"p1\">Consulte a su m\u00e9dico para asegurarse de que CareFill-10 es adecuado para usted.<\/p>\n<\/li>\n<\/ul>\n<p>&nbsp;<\/p>","protected":false},"excerpt":{"rendered":"<p class=\"p1\">Experimente una confianza e intimidad renovadas con <span class=\"s1\"><b>CareFill-10<\/b><\/span>. Formulado con Tadalafil cl\u00ednicamente probado, <span class=\"s1\"><b>CareFill-10<\/b><\/span>ofrece efectos duraderos de hasta 36 horas, un inicio r\u00e1pido en s\u00f3lo 30 minutos y un apoyo fiable a la funci\u00f3n er\u00e9ctil. Seguro, eficaz y de confianza para los profesionales, <span class=\"s1\"><b>CareFill-10<\/b><\/span> es su soluci\u00f3n para mejorar el rendimiento sexual.<\/p>","protected":false},"featured_media":5786,"comment_status":"open","ping_status":"closed","template":"","meta":{"inline_featured_image":false},"product_brand":[],"product_cat":[201],"product_tag":[],"class_list":{"0":"post-5783","1":"product","2":"type-product","3":"status-publish","4":"has-post-thumbnail","6":"product_cat-sexual-health","8":"first","9":"instock","10":"sale","11":"shipping-taxable","12":"purchasable","13":"product-type-simple"},"_links":{"self":[{"href":"https:\/\/kamlife.me\/es\/wp-json\/wp\/v2\/product\/5783","targetHints":{"allow":["GET"]}}],"collection":[{"href":"https:\/\/kamlife.me\/es\/wp-json\/wp\/v2\/product"}],"about":[{"href":"https:\/\/kamlife.me\/es\/wp-json\/wp\/v2\/types\/product"}],"replies":[{"embeddable":true,"href":"https:\/\/kamlife.me\/es\/wp-json\/wp\/v2\/comments?post=5783"}],"wp:featuredmedia":[{"embeddable":true,"href":"https:\/\/kamlife.me\/es\/wp-json\/wp\/v2\/media\/5786"}],"wp:attachment":[{"href":"https:\/\/kamlife.me\/es\/wp-json\/wp\/v2\/media?parent=5783"}],"wp:term":[{"taxonomy":"product_brand","embeddable":true,"href":"https:\/\/kamlife.me\/es\/wp-json\/wp\/v2\/product_brand?post=5783"},{"taxonomy":"product_cat","embeddable":true,"href":"https:\/\/kamlife.me\/es\/wp-json\/wp\/v2\/product_cat?post=5783"},{"taxonomy":"product_tag","embeddable":true,"href":"https:\/\/kamlife.me\/es\/wp-json\/wp\/v2\/product_tag?post=5783"}],"curies":[{"name":"wp","href":"https:\/\/api.w.org\/{rel}","templated":true}]}}