{"id":7198,"date":"2025-12-10T07:28:25","date_gmt":"2025-12-10T07:28:25","guid":{"rendered":"https:\/\/kamlife.me\/?post_type=product&#038;p=7198"},"modified":"2025-12-10T07:32:41","modified_gmt":"2025-12-10T07:32:41","slug":"peptilife-timosina-alfa-1-10-mg","status":"publish","type":"product","link":"https:\/\/kamlife.me\/es\/producto\/peptilife-timosina-alfa-1-10-mg\/","title":{"rendered":"Peptilife Timosina Alfa-1 | 10 mg"},"content":{"rendered":"<h2 data-start=\"185\" data-end=\"242\"><strong data-start=\"188\" data-end=\"242\">Timosina Alfa-1 (TA1):\u00a0<\/strong><\/h2>\n<p data-start=\"244\" data-end=\"497\">La <strong data-start=\"247\" data-end=\"266\">Timosina Alfa-1<\/strong> \u00e8 un peptide che aiuta il sistema immunitario a lavorare meglio. Supporta sia le difese \u201cveloci\u201d dell\u2019organismo che quelle pi\u00f9 specifiche, rendendo il corpo pi\u00f9 pronto a reagire quando entra in contatto con virus e agenti esterni.<\/p>\n<h3 data-start=\"499\" data-end=\"529\"><strong data-start=\"503\" data-end=\"529\">I principali benefici:<\/strong><\/h3>\n<h3 data-start=\"531\" data-end=\"598\">\u2714 <strong data-start=\"537\" data-end=\"596\">Maggiore protezione contro influenza e virus stagionali<\/strong><\/h3>\n<p data-start=\"599\" data-end=\"769\">La TA1 aiuta il sistema immunitario a essere pi\u00f9 attivo ed efficace, migliorando la capacit\u00e0 del corpo di difendersi da raffreddori, virus influenzali e infezioni comuni.<\/p>\n<h3 data-start=\"771\" data-end=\"826\">\u2714 <strong data-start=\"777\" data-end=\"824\">Risposta immunitaria pi\u00f9 forte e bilanciata<\/strong><\/h3>\n<p data-start=\"827\" data-end=\"953\">Stimola le cellule T e le cellule naturali di difesa, rendendo pi\u00f9 rapida e coordinata la reazione dell\u2019organismo ai patogeni.<\/p>\n<h3 data-start=\"955\" data-end=\"995\">\u2714 <strong data-start=\"961\" data-end=\"993\">Riduzione dell\u2019infiammazione<\/strong><\/h3>\n<p data-start=\"996\" data-end=\"1178\">Contribuisce a mantenere l\u2019infiammazione sotto controllo, importante quando il corpo combatte infezioni o quando si affrontano periodi di stress, stanchezza o cambiamenti stagionali.<\/p>\n<h3 data-start=\"1180\" data-end=\"1230\">\u2714 <strong data-start=\"1186\" data-end=\"1228\">Supporto nei periodi di immunit\u00e0 bassa<\/strong><\/h3>\n<p data-start=\"1231\" data-end=\"1391\">Pu\u00f2 essere utile quando ci si sente pi\u00f9 vulnerabili: cambi di stagione, forte stress, scarso riposo o dopo aver affrontato malattie che indeboliscono le difese.<\/p>\n<h3 data-start=\"1393\" data-end=\"1431\">\u2714 <strong data-start=\"1399\" data-end=\"1429\">Miglior benessere generale<\/strong><\/h3>\n<p data-start=\"1432\" data-end=\"1531\">Aiuta il corpo a mantenere un equilibrio sano, sostenendo energia, vitalit\u00e0 e capacit\u00e0 di recupero.<\/p>\n<h3 data-start=\"1533\" data-end=\"1580\">\u2714 <strong data-start=\"1539\" data-end=\"1578\">Supporto alla longevit\u00e0 immunitaria<\/strong><\/h3>\n<p data-start=\"1581\" data-end=\"1703\">Con l\u2019et\u00e0, il sistema immunitario perde efficienza. La TA1 pu\u00f2 contribuire a mantenerlo pi\u00f9 attivo e resistente nel tempo.<\/p>","protected":false},"excerpt":{"rendered":"<p><strong data-start=\"65\" data-end=\"93\">La Timosina Alfa-1 (TA1)<\/strong> \u00e8 un peptide che aiuta a rafforzare le difese naturali dell\u2019organismo. Supporta il sistema immunitario, migliora la risposta contro influenza e virus stagionali, aiuta a ridurre l\u2019infiammazione e favorisce un maggiore benessere generale, soprattutto nei periodi di stress o di immunit\u00e0 pi\u00f9 bassa.<\/p>","protected":false},"featured_media":7199,"comment_status":"open","ping_status":"closed","template":"","meta":{"inline_featured_image":false},"product_brand":[211],"product_cat":[199],"product_tag":[],"class_list":{"0":"post-7198","1":"product","2":"type-product","3":"status-publish","4":"has-post-thumbnail","6":"product_brand-peptilife","7":"product_cat-enhancers","9":"first","10":"instock","11":"shipping-taxable","12":"purchasable","13":"product-type-simple"},"_links":{"self":[{"href":"https:\/\/kamlife.me\/es\/wp-json\/wp\/v2\/product\/7198","targetHints":{"allow":["GET"]}}],"collection":[{"href":"https:\/\/kamlife.me\/es\/wp-json\/wp\/v2\/product"}],"about":[{"href":"https:\/\/kamlife.me\/es\/wp-json\/wp\/v2\/types\/product"}],"replies":[{"embeddable":true,"href":"https:\/\/kamlife.me\/es\/wp-json\/wp\/v2\/comments?post=7198"}],"wp:featuredmedia":[{"embeddable":true,"href":"https:\/\/kamlife.me\/es\/wp-json\/wp\/v2\/media\/7199"}],"wp:attachment":[{"href":"https:\/\/kamlife.me\/es\/wp-json\/wp\/v2\/media?parent=7198"}],"wp:term":[{"taxonomy":"product_brand","embeddable":true,"href":"https:\/\/kamlife.me\/es\/wp-json\/wp\/v2\/product_brand?post=7198"},{"taxonomy":"product_cat","embeddable":true,"href":"https:\/\/kamlife.me\/es\/wp-json\/wp\/v2\/product_cat?post=7198"},{"taxonomy":"product_tag","embeddable":true,"href":"https:\/\/kamlife.me\/es\/wp-json\/wp\/v2\/product_tag?post=7198"}],"curies":[{"name":"wp","href":"https:\/\/api.w.org\/{rel}","templated":true}]}}