{"id":562,"date":"2024-08-25T19:20:26","date_gmt":"2024-08-25T19:20:26","guid":{"rendered":"https:\/\/kamlife.me\/?page_id=562"},"modified":"2024-09-06T03:14:47","modified_gmt":"2024-09-06T03:14:47","slug":"a-propos-de","status":"publish","type":"page","link":"https:\/\/kamlife.me\/fr\/a-propos-de\/","title":{"rendered":"A propos de nous"},"content":{"rendered":"<div data-elementor-type=\"wp-page\" data-elementor-id=\"562\" class=\"elementor elementor-562\" data-elementor-post-type=\"page\">\n\t\t\t\t<div class=\"elementor-element elementor-element-3921d59 e-flex e-con-boxed e-con e-parent\" data-id=\"3921d59\" data-element_type=\"container\" data-e-type=\"container\" data-settings=\"{&quot;background_background&quot;:&quot;classic&quot;}\">\n\t\t\t\t\t<div class=\"e-con-inner\">\n\t\t<div class=\"elementor-element elementor-element-0a67c94 e-flex e-con-boxed e-con e-child\" data-id=\"0a67c94\" data-element_type=\"container\" data-e-type=\"container\" data-settings=\"{&quot;background_background&quot;:&quot;classic&quot;}\">\n\t\t\t\t\t<div class=\"e-con-inner\">\n\t\t<div class=\"elementor-element elementor-element-55dde5a e-flex e-con-boxed e-con e-child\" data-id=\"55dde5a\" data-element_type=\"container\" data-e-type=\"container\">\n\t\t\t\t\t<div class=\"e-con-inner\">\n\t\t<div class=\"elementor-element elementor-element-00c4958 e-flex e-con-boxed e-con e-child\" data-id=\"00c4958\" data-element_type=\"container\" data-e-type=\"container\">\n\t\t\t\t\t<div class=\"e-con-inner\">\n\t\t\t\t<div class=\"elementor-element elementor-element-7a98e24 elementor-widget elementor-widget-woocommerce-breadcrumb\" data-id=\"7a98e24\" data-element_type=\"widget\" data-e-type=\"widget\" data-widget_type=\"woocommerce-breadcrumb.default\">\n\t\t\t\t<div class=\"elementor-widget-container\">\n\t\t\t\t\t<nav class=\"woocommerce-breadcrumb\" aria-label=\"Breadcrumb\" data-no-translation=\"\" data-trp-gettext=\"\">Accueil<\/nav>\t\t\t\t<\/div>\n\t\t\t\t<\/div>\n\t\t\t\t<div class=\"elementor-element elementor-element-452919b elementor-widget elementor-widget-heading\" data-id=\"452919b\" data-element_type=\"widget\" data-e-type=\"widget\" data-widget_type=\"heading.default\">\n\t\t\t\t<div class=\"elementor-widget-container\">\n\t\t\t\t\t<h2 class=\"elementor-heading-title elementor-size-default\">A propos de<\/h2>\t\t\t\t<\/div>\n\t\t\t\t<\/div>\n\t\t\t\t\t<\/div>\n\t\t\t\t<\/div>\n\t\t<div class=\"elementor-element elementor-element-e8b8131 e-flex e-con-boxed e-con e-child\" data-id=\"e8b8131\" data-element_type=\"container\" data-e-type=\"container\">\n\t\t\t\t\t<div class=\"e-con-inner\">\n\t\t\t\t<div class=\"elementor-element elementor-element-cbc12f3 elementor-widget elementor-widget-text-editor\" data-id=\"cbc12f3\" data-element_type=\"widget\" data-e-type=\"widget\" data-widget_type=\"text-editor.default\">\n\t\t\t\t<div class=\"elementor-widget-container\">\n\t\t\t\t\t\t\t\t\t<p><b>Kamlife<\/b><\/p><p>Au <b>Kamlife<\/b>Nous transformons l'achat en ligne en quelque chose d'extraordinaire. Nous nous engageons \u00e0 fournir non seulement une large s\u00e9lection de produits de qualit\u00e9 sup\u00e9rieure, mais aussi un service client\u00e8le irr\u00e9prochable, afin de garantir une exp\u00e9rience d'achat en ligne aussi fluide que s\u00e9curis\u00e9e.<\/p><p><b>Navigation ais\u00e9e<\/b><\/p><p>Notre boutique en ligne a \u00e9t\u00e9 con\u00e7ue dans un souci de simplicit\u00e9 et d'intuition. Du premier clic \u00e0 la finalisation de votre achat, la navigation sur notre site est un plaisir. Il est facile de trouver et d'acheter les produits que vous voulez avec une efficacit\u00e9 in\u00e9gal\u00e9e.<\/p><p><b>Des achats s\u00fbrs et rapides<\/b><\/p><p>Ajoutez vos articles au panier et choisissez parmi plusieurs options de paiement s\u00e9curis\u00e9, que ce soit par pr\u00e9paiement ou par carte de cr\u00e9dit. Vous recevrez imm\u00e9diatement des informations sur l'\u00e9tat de votre commande par courrier \u00e9lectronique, ce qui vous permettra d'\u00eatre toujours inform\u00e9 \u00e0 chaque \u00e9tape du processus.<\/p><p><b>Exp\u00e9dition rapide et efficace<\/b><\/p><p>Nous comprenons l'importance de la rapidit\u00e9, c'est pourquoi notre service \"d'exp\u00e9dition urgente\" garantit que vos commandes sont exp\u00e9di\u00e9es le jour m\u00eame du paiement, afin que vous puissiez profiter de vos produits le plus rapidement possible.<\/p><p><b>Un service global et personnalis\u00e9<\/b><\/p><p>Profitez de notre service gratuit (avec des frais locaux applicables dans certains pays) pour obtenir des informations d\u00e9taill\u00e9es sur les m\u00e9dicaments, les compl\u00e9ments alimentaires et les produits de bien-\u00eatre. Notre \u00e9quipe de service \u00e0 la client\u00e8le est toujours disponible pour r\u00e9pondre \u00e0 vos questions sans attente prolong\u00e9e.<\/p><p><b>Une large gamme de produits<\/b><\/p><p>Au <b>Kamlife<\/b>Vous y trouverez des marques mondiales renomm\u00e9es telles que Pfizer et Bayer, ainsi que des options exclusives de fabricants de produits g\u00e9n\u00e9riques comme Ajanta, que vous ne trouverez nulle part ailleurs. Si vous avez des questions ou des demandes sp\u00e9ciales, n'h\u00e9sitez pas \u00e0 nous contacter ; chaque message est trait\u00e9 en priorit\u00e9. Notre \u00e9quipe est pr\u00eate \u00e0 vous aider pendant les heures de bureau.<\/p><p><b>Engagement en faveur de la qualit\u00e9 et de la responsabilit\u00e9<\/b><\/p><p>Au <b>Kamlife<\/b>Nous nous engageons \u00e0 vous aider \u00e0 prendre vos d\u00e9cisions en mati\u00e8re de sant\u00e9. Bien que nous attachions de l'importance \u00e0 la confidentialit\u00e9 et \u00e0 l'anonymat de nos conseils, nous ne rempla\u00e7ons pas une consultation m\u00e9dicale professionnelle. Nous vous recommandons de consulter votre m\u00e9decin pour traiter tout probl\u00e8me de sant\u00e9 de mani\u00e8re appropri\u00e9e.<\/p><p><b>Important :<\/b> L'achat de m\u00e9dicaments en ligne ne remplace pas une consultation m\u00e9dicale.<\/p>\t\t\t\t\t\t\t\t<\/div>\n\t\t\t\t<\/div>\n\t\t\t\t\t<\/div>\n\t\t\t\t<\/div>\n\t\t\t\t\t<\/div>\n\t\t\t\t<\/div>\n\t\t\t\t\t<\/div>\n\t\t\t\t<\/div>\n\t\t\t\t\t<\/div>\n\t\t\t\t<\/div>\n\t\t\t\t<\/div>","protected":false},"excerpt":{"rendered":"<p>About Kamlife At Kamlife, we turn online shopping into something extraordinary. We are dedicated to providing not only a broad selection of top-quality products but also impeccable customer service, ensuring an online shopping experience that is as smooth as it is secure. Effortless Navigation Our online store is designed with simplicity and intuition in mind. [&hellip;]<\/p>","protected":false},"author":3,"featured_media":0,"parent":0,"menu_order":0,"comment_status":"closed","ping_status":"closed","template":"elementor_header_footer","meta":{"inline_featured_image":false,"footnotes":""},"class_list":["post-562","page","type-page","status-publish","hentry"],"_links":{"self":[{"href":"https:\/\/kamlife.me\/fr\/wp-json\/wp\/v2\/pages\/562","targetHints":{"allow":["GET"]}}],"collection":[{"href":"https:\/\/kamlife.me\/fr\/wp-json\/wp\/v2\/pages"}],"about":[{"href":"https:\/\/kamlife.me\/fr\/wp-json\/wp\/v2\/types\/page"}],"author":[{"embeddable":true,"href":"https:\/\/kamlife.me\/fr\/wp-json\/wp\/v2\/users\/3"}],"replies":[{"embeddable":true,"href":"https:\/\/kamlife.me\/fr\/wp-json\/wp\/v2\/comments?post=562"}],"version-history":[{"count":7,"href":"https:\/\/kamlife.me\/fr\/wp-json\/wp\/v2\/pages\/562\/revisions"}],"predecessor-version":[{"id":6238,"href":"https:\/\/kamlife.me\/fr\/wp-json\/wp\/v2\/pages\/562\/revisions\/6238"}],"wp:attachment":[{"href":"https:\/\/kamlife.me\/fr\/wp-json\/wp\/v2\/media?parent=562"}],"curies":[{"name":"wp","href":"https:\/\/api.w.org\/{rel}","templated":true}]}}