{"id":1204,"date":"2024-08-31T23:43:50","date_gmt":"2024-08-31T23:43:50","guid":{"rendered":"https:\/\/kamlife.me\/?post_type=product&#038;p=1204"},"modified":"2025-08-25T23:30:40","modified_gmt":"2025-08-25T23:30:40","slug":"abhiforce-100","status":"publish","type":"product","link":"https:\/\/kamlife.me\/fr\/produit\/abhiforce-100\/","title":{"rendered":"AbhiForce 100 (Sild\u00e9nafil)"},"content":{"rendered":"<p><b>UTILISATIONS :<\/b> Le sild\u00e9nafil est utilis\u00e9 pour traiter la dysfonction \u00e9rectile (DE) en augmentant le flux sanguin vers le p\u00e9nis pendant la stimulation sexuelle. Il agit en relaxant les vaisseaux sanguins du p\u00e9nis, ce qui permet une \u00e9rection plus ferme et plus durable.<\/p>\n<p><b>STOCKAGE :<\/b> Conserver \u00e0 temp\u00e9rature ambiante, \u00e0 l'abri de la chaleur et de l'humidit\u00e9. Tenir hors de port\u00e9e des enfants.<\/p>\n<p><b>DOSES :<\/b> Consultez votre m\u00e9decin pour conna\u00eetre le dosage appropri\u00e9.<\/p>\n<p><b>EFFETS SECONDAIRES :<\/b> Les effets secondaires possibles sont les suivants : maux de t\u00eate, bouff\u00e9es vasomotrices, indigestion, congestion nasale, vertiges et changements de vision.<\/p>","protected":false},"excerpt":{"rendered":"<p><strong>AbhiForce 100<\/strong> est un m\u00e9dicament g\u00e9n\u00e9rique utilis\u00e9 pour traiter la dysfonction \u00e9rectile. Il contient du sild\u00e9nafil, qui aide \u00e0 augmenter le flux sanguin vers le p\u00e9nis.<\/p>","protected":false},"featured_media":1205,"comment_status":"open","ping_status":"closed","template":"","meta":{"inline_featured_image":false},"product_brand":[],"product_cat":[201],"product_tag":[99,97,100,98],"class_list":{"0":"post-1204","1":"product","2":"type-product","3":"status-publish","4":"has-post-thumbnail","6":"product_cat-sexual-health","7":"product_tag-100mg","8":"product_tag-erectile-dysfunction","9":"product_tag-oral-tablets","10":"product_tag-sildenafil","12":"first","13":"outofstock","14":"shipping-taxable","15":"purchasable","16":"product-type-simple"},"_links":{"self":[{"href":"https:\/\/kamlife.me\/fr\/wp-json\/wp\/v2\/product\/1204","targetHints":{"allow":["GET"]}}],"collection":[{"href":"https:\/\/kamlife.me\/fr\/wp-json\/wp\/v2\/product"}],"about":[{"href":"https:\/\/kamlife.me\/fr\/wp-json\/wp\/v2\/types\/product"}],"replies":[{"embeddable":true,"href":"https:\/\/kamlife.me\/fr\/wp-json\/wp\/v2\/comments?post=1204"}],"wp:featuredmedia":[{"embeddable":true,"href":"https:\/\/kamlife.me\/fr\/wp-json\/wp\/v2\/media\/1205"}],"wp:attachment":[{"href":"https:\/\/kamlife.me\/fr\/wp-json\/wp\/v2\/media?parent=1204"}],"wp:term":[{"taxonomy":"product_brand","embeddable":true,"href":"https:\/\/kamlife.me\/fr\/wp-json\/wp\/v2\/product_brand?post=1204"},{"taxonomy":"product_cat","embeddable":true,"href":"https:\/\/kamlife.me\/fr\/wp-json\/wp\/v2\/product_cat?post=1204"},{"taxonomy":"product_tag","embeddable":true,"href":"https:\/\/kamlife.me\/fr\/wp-json\/wp\/v2\/product_tag?post=1204"}],"curies":[{"name":"wp","href":"https:\/\/api.w.org\/{rel}","templated":true}]}}