{"id":1206,"date":"2024-09-01T01:36:22","date_gmt":"2024-09-01T01:36:22","guid":{"rendered":"https:\/\/kamlife.me\/?post_type=product&#038;p=1206"},"modified":"2025-08-25T23:30:40","modified_gmt":"2025-08-25T23:30:40","slug":"5-x-confezione-cobra-120mg","status":"publish","type":"product","link":"https:\/\/kamlife.me\/fr\/produit\/5-x-confezione-cobra-120mg\/","title":{"rendered":"5 x paquet Cobra 120mg"},"content":{"rendered":"<p><b>UTILISATIONS :<\/b> Cobra 120mg est utilis\u00e9 pour traiter la dysfonction \u00e9rectile en augmentant le flux sanguin vers le p\u00e9nis. L'ingr\u00e9dient actif est le sild\u00e9nafil, qui aide \u00e0 obtenir et \u00e0 maintenir une \u00e9rection.<\/p>\n<p><b>STOCKAGE :<\/b> Conserver dans un endroit frais et sec, hors de port\u00e9e des enfants.<\/p>\n<p><b>DOSES :<\/b> Suivez les instructions de votre m\u00e9decin.<\/p>\n<p><b>EFFETS SECONDAIRES :<\/b> Les effets secondaires les plus fr\u00e9quents sont les maux de t\u00eate, les rougeurs du visage, les maux d'estomac et la congestion nasale.<\/p>","protected":false},"excerpt":{"rendered":"<p><strong>Cobra 120<\/strong> est une formulation puissante de sild\u00e9nafil pour la dysfonction \u00e9rectile, offrant des r\u00e9sultats rapides et durables.<\/p>","protected":false},"featured_media":1221,"comment_status":"open","ping_status":"closed","template":"","meta":{"inline_featured_image":false},"product_brand":[],"product_cat":[201],"product_tag":[101,97,100,98],"class_list":{"0":"post-1206","1":"product","2":"type-product","3":"status-publish","4":"has-post-thumbnail","6":"product_cat-sexual-health","7":"product_tag-120mg","8":"product_tag-erectile-dysfunction","9":"product_tag-oral-tablets","10":"product_tag-sildenafil","12":"first","13":"instock","14":"shipping-taxable","15":"purchasable","16":"product-type-simple"},"_links":{"self":[{"href":"https:\/\/kamlife.me\/fr\/wp-json\/wp\/v2\/product\/1206","targetHints":{"allow":["GET"]}}],"collection":[{"href":"https:\/\/kamlife.me\/fr\/wp-json\/wp\/v2\/product"}],"about":[{"href":"https:\/\/kamlife.me\/fr\/wp-json\/wp\/v2\/types\/product"}],"replies":[{"embeddable":true,"href":"https:\/\/kamlife.me\/fr\/wp-json\/wp\/v2\/comments?post=1206"}],"wp:featuredmedia":[{"embeddable":true,"href":"https:\/\/kamlife.me\/fr\/wp-json\/wp\/v2\/media\/1221"}],"wp:attachment":[{"href":"https:\/\/kamlife.me\/fr\/wp-json\/wp\/v2\/media?parent=1206"}],"wp:term":[{"taxonomy":"product_brand","embeddable":true,"href":"https:\/\/kamlife.me\/fr\/wp-json\/wp\/v2\/product_brand?post=1206"},{"taxonomy":"product_cat","embeddable":true,"href":"https:\/\/kamlife.me\/fr\/wp-json\/wp\/v2\/product_cat?post=1206"},{"taxonomy":"product_tag","embeddable":true,"href":"https:\/\/kamlife.me\/fr\/wp-json\/wp\/v2\/product_tag?post=1206"}],"curies":[{"name":"wp","href":"https:\/\/api.w.org\/{rel}","templated":true}]}}