{"id":1252,"date":"2024-09-01T02:50:13","date_gmt":"2024-09-01T02:50:13","guid":{"rendered":"https:\/\/kamlife.me\/?post_type=product&#038;p=1252"},"modified":"2026-01-02T11:28:37","modified_gmt":"2026-01-02T11:28:37","slug":"apcalis-oral-jelly-7x20mg","status":"publish","type":"product","link":"https:\/\/kamlife.me\/fr\/produit\/apcalis-oral-jelly-7x20mg\/","title":{"rendered":"Apcalis Oral Jelly 7x20mg"},"content":{"rendered":"<p><b>UTILISATIONS :<\/b> Apcalis gel\u00e9e orale contient du Tadalafil et est utilis\u00e9 pour traiter la dysfonction \u00e9rectile. Elle aide \u00e0 augmenter le flux sanguin vers le p\u00e9nis et \u00e0 maintenir une \u00e9rection pendant l'activit\u00e9 sexuelle.<\/p>\n<p><b>STOCKAGE :<\/b> Conserver \u00e0 temp\u00e9rature ambiante, \u00e0 l'abri de l'humidit\u00e9 et de la chaleur.<\/p>\n<p><b>DOSES :<\/b> Utiliser selon les indications de votre fournisseur de soins de sant\u00e9.<\/p>\n<p><b>EFFETS SECONDAIRES :<\/b> Il peut s'agir de maux de t\u00eate, de douleurs dorsales, de douleurs musculaires, de bouff\u00e9es vasomotrices et d'indigestions.<\/p>","protected":false},"excerpt":{"rendered":"<p class=\"p1\">Apcalis Oral Jelly est une alternative facile \u00e0 consommer au Cialis, offrant une absorption rapide et une dur\u00e9e de vie allant jusqu'\u00e0 36 heures.<\/p>\n<p><b>UTILISATIONS :<\/b> Apcalis gel\u00e9e orale contient du Tadalafil et est utilis\u00e9 pour traiter la dysfonction \u00e9rectile. Elle aide \u00e0 augmenter le flux sanguin vers le p\u00e9nis et \u00e0 maintenir une \u00e9rection pendant l'activit\u00e9 sexuelle.<\/p>\n<p><b>STOCKAGE :<\/b> Conserver \u00e0 temp\u00e9rature ambiante, \u00e0 l'abri de l'humidit\u00e9 et de la chaleur.<\/p>\n<p><b>DOSES :<\/b> Utiliser selon les indications de votre fournisseur de soins de sant\u00e9.<\/p>\n<p><b>EFFETS SECONDAIRES :<\/b> Il peut s'agir de maux de t\u00eate, de douleurs dorsales, de douleurs musculaires, de bouff\u00e9es vasomotrices et d'indigestions.<\/p>","protected":false},"featured_media":1227,"comment_status":"open","ping_status":"closed","template":"","meta":{"inline_featured_image":false},"product_brand":[],"product_cat":[201],"product_tag":[104,97,102,103],"class_list":{"0":"post-1252","1":"product","2":"type-product","3":"status-publish","4":"has-post-thumbnail","6":"product_cat-sexual-health","7":"product_tag-20mg","8":"product_tag-erectile-dysfunction","9":"product_tag-oral-jelly","10":"product_tag-tadalafil","12":"first","13":"instock","14":"shipping-taxable","15":"purchasable","16":"product-type-simple"},"_links":{"self":[{"href":"https:\/\/kamlife.me\/fr\/wp-json\/wp\/v2\/product\/1252","targetHints":{"allow":["GET"]}}],"collection":[{"href":"https:\/\/kamlife.me\/fr\/wp-json\/wp\/v2\/product"}],"about":[{"href":"https:\/\/kamlife.me\/fr\/wp-json\/wp\/v2\/types\/product"}],"replies":[{"embeddable":true,"href":"https:\/\/kamlife.me\/fr\/wp-json\/wp\/v2\/comments?post=1252"}],"wp:featuredmedia":[{"embeddable":true,"href":"https:\/\/kamlife.me\/fr\/wp-json\/wp\/v2\/media\/1227"}],"wp:attachment":[{"href":"https:\/\/kamlife.me\/fr\/wp-json\/wp\/v2\/media?parent=1252"}],"wp:term":[{"taxonomy":"product_brand","embeddable":true,"href":"https:\/\/kamlife.me\/fr\/wp-json\/wp\/v2\/product_brand?post=1252"},{"taxonomy":"product_cat","embeddable":true,"href":"https:\/\/kamlife.me\/fr\/wp-json\/wp\/v2\/product_cat?post=1252"},{"taxonomy":"product_tag","embeddable":true,"href":"https:\/\/kamlife.me\/fr\/wp-json\/wp\/v2\/product_tag?post=1252"}],"curies":[{"name":"wp","href":"https:\/\/api.w.org\/{rel}","templated":true}]}}