{"id":1254,"date":"2024-09-01T02:55:41","date_gmt":"2024-09-01T02:55:41","guid":{"rendered":"https:\/\/kamlife.me\/?post_type=product&#038;p=1254"},"modified":"2025-08-28T17:28:04","modified_gmt":"2025-08-28T17:28:04","slug":"cenforce-10-x-200mg-generic-viagra","status":"publish","type":"product","link":"https:\/\/kamlife.me\/fr\/produit\/cenforce-10-x-200mg-generic-viagra\/","title":{"rendered":"Cenforce 10 x 100mg - Viagra G\u00e9n\u00e9rique"},"content":{"rendered":"<p><b>UTILISATIONS :<\/b> Cenforce 200mg est une forme g\u00e9n\u00e9rique de Viagra utilis\u00e9e pour traiter la dysfonction \u00e9rectile. Il contient du sild\u00e9nafil et aide \u00e0 am\u00e9liorer le flux sanguin vers le p\u00e9nis.<\/p>\n<p><b>STOCKAGE :<\/b> Conserver dans un endroit frais et sec, hors de port\u00e9e des enfants.<\/p>\n<p><b>DOSES :<\/b> Suivez les conseils de votre m\u00e9decin en ce qui concerne la posologie.<\/p>\n<p><b>EFFETS SECONDAIRES :<\/b> Les effets secondaires possibles sont des maux de t\u00eate, des bouff\u00e9es de chaleur, des vertiges et des maux d'estomac.<\/p>","protected":false},"excerpt":{"rendered":"<p class=\"p1\">Cenforce 100 mg est une version tr\u00e8s puissante du sild\u00e9nafil, recommand\u00e9e pour les cas graves de dysfonctionnement \u00e9rectile.<\/p>","protected":false},"featured_media":1225,"comment_status":"open","ping_status":"closed","template":"","meta":{"inline_featured_image":false},"product_brand":[207],"product_cat":[201],"product_tag":[113,97,100,98],"class_list":{"0":"post-1254","1":"product","2":"type-product","3":"status-publish","4":"has-post-thumbnail","6":"product_brand-cenforce","7":"product_cat-sexual-health","8":"product_tag-200mg","9":"product_tag-erectile-dysfunction","10":"product_tag-oral-tablets","11":"product_tag-sildenafil","13":"first","14":"instock","15":"shipping-taxable","16":"purchasable","17":"product-type-simple"},"_links":{"self":[{"href":"https:\/\/kamlife.me\/fr\/wp-json\/wp\/v2\/product\/1254","targetHints":{"allow":["GET"]}}],"collection":[{"href":"https:\/\/kamlife.me\/fr\/wp-json\/wp\/v2\/product"}],"about":[{"href":"https:\/\/kamlife.me\/fr\/wp-json\/wp\/v2\/types\/product"}],"replies":[{"embeddable":true,"href":"https:\/\/kamlife.me\/fr\/wp-json\/wp\/v2\/comments?post=1254"}],"wp:featuredmedia":[{"embeddable":true,"href":"https:\/\/kamlife.me\/fr\/wp-json\/wp\/v2\/media\/1225"}],"wp:attachment":[{"href":"https:\/\/kamlife.me\/fr\/wp-json\/wp\/v2\/media?parent=1254"}],"wp:term":[{"taxonomy":"product_brand","embeddable":true,"href":"https:\/\/kamlife.me\/fr\/wp-json\/wp\/v2\/product_brand?post=1254"},{"taxonomy":"product_cat","embeddable":true,"href":"https:\/\/kamlife.me\/fr\/wp-json\/wp\/v2\/product_cat?post=1254"},{"taxonomy":"product_tag","embeddable":true,"href":"https:\/\/kamlife.me\/fr\/wp-json\/wp\/v2\/product_tag?post=1254"}],"curies":[{"name":"wp","href":"https:\/\/api.w.org\/{rel}","templated":true}]}}