{"id":1255,"date":"2024-09-01T03:01:34","date_gmt":"2024-09-01T03:01:34","guid":{"rendered":"https:\/\/kamlife.me\/?post_type=product&#038;p=1255"},"modified":"2026-02-02T17:59:44","modified_gmt":"2026-02-02T17:59:44","slug":"dapotime-90-dapoxetine","status":"publish","type":"product","link":"https:\/\/kamlife.me\/fr\/produit\/dapotime-90-dapoxetine\/","title":{"rendered":"Dapotime 90 (Dapoxetine)"},"content":{"rendered":"<p><b>UTILISATIONS :<\/b> Dapotime 90mg is used to treat premature ejaculation. It works by increasing serotonin levels in the brain to improve control over ejaculation.<\/p>\n<p><b>STOCKAGE :<\/b> Conserver \u00e0 temp\u00e9rature ambiante, \u00e0 l'abri de l'humidit\u00e9 et de la chaleur.<\/p>\n<p><b>DOSES :<\/b> Suivez les instructions de votre fournisseur de soins de sant\u00e9.<\/p>\n<p><b>EFFETS SECONDAIRES :<\/b> Les effets secondaires possibles sont les naus\u00e9es, les vertiges, les maux de t\u00eate et la s\u00e9cheresse de la bouche.<\/p>","protected":false},"excerpt":{"rendered":"<p class=\"p1\">Dapotime 60 contient de la Dapox\u00e9tine et est con\u00e7u pour traiter l'\u00e9jaculation pr\u00e9coce chez les hommes.<\/p>","protected":false},"featured_media":1219,"comment_status":"open","ping_status":"closed","template":"","meta":{"inline_featured_image":false},"product_brand":[],"product_cat":[201],"product_tag":[105,107,100,106],"class_list":{"0":"post-1255","1":"product","2":"type-product","3":"status-publish","4":"has-post-thumbnail","6":"product_cat-sexual-health","7":"product_tag-60mg","8":"product_tag-dapoxetine","9":"product_tag-oral-tablets","10":"product_tag-premature-ejaculation","12":"first","13":"instock","14":"shipping-taxable","15":"purchasable","16":"product-type-simple"},"_links":{"self":[{"href":"https:\/\/kamlife.me\/fr\/wp-json\/wp\/v2\/product\/1255","targetHints":{"allow":["GET"]}}],"collection":[{"href":"https:\/\/kamlife.me\/fr\/wp-json\/wp\/v2\/product"}],"about":[{"href":"https:\/\/kamlife.me\/fr\/wp-json\/wp\/v2\/types\/product"}],"replies":[{"embeddable":true,"href":"https:\/\/kamlife.me\/fr\/wp-json\/wp\/v2\/comments?post=1255"}],"wp:featuredmedia":[{"embeddable":true,"href":"https:\/\/kamlife.me\/fr\/wp-json\/wp\/v2\/media\/1219"}],"wp:attachment":[{"href":"https:\/\/kamlife.me\/fr\/wp-json\/wp\/v2\/media?parent=1255"}],"wp:term":[{"taxonomy":"product_brand","embeddable":true,"href":"https:\/\/kamlife.me\/fr\/wp-json\/wp\/v2\/product_brand?post=1255"},{"taxonomy":"product_cat","embeddable":true,"href":"https:\/\/kamlife.me\/fr\/wp-json\/wp\/v2\/product_cat?post=1255"},{"taxonomy":"product_tag","embeddable":true,"href":"https:\/\/kamlife.me\/fr\/wp-json\/wp\/v2\/product_tag?post=1255"}],"curies":[{"name":"wp","href":"https:\/\/api.w.org\/{rel}","templated":true}]}}