{"id":1257,"date":"2024-09-01T03:05:36","date_gmt":"2024-09-01T03:05:36","guid":{"rendered":"https:\/\/kamlife.me\/?post_type=product&#038;p=1257"},"modified":"2026-01-02T11:27:49","modified_gmt":"2026-01-02T11:27:49","slug":"kamagra-gold-4x100mg","status":"publish","type":"product","link":"https:\/\/kamlife.me\/fr\/produit\/kamagra-gold-4x100mg\/","title":{"rendered":"Kamagra Gold 4x100mg"},"content":{"rendered":"<p><b>TAGS :<\/b> Dysfonction \u00e9rectile, Sild\u00e9nafil, 100mg, Comprim\u00e9s oraux<\/p>\n<p><b>UTILISATIONS :<\/b> Kamagra Gold 100mg traite la dysfonction \u00e9rectile en augmentant le flux sanguin vers le p\u00e9nis, ce qui permet d'obtenir une \u00e9rection ferme.<\/p>\n<p><b>STOCKAGE :<\/b> Conserver \u00e0 temp\u00e9rature ambiante, \u00e0 l'abri de la lumi\u00e8re et de l'humidit\u00e9.<\/p>\n<p><b>DOSES :<\/b> Consultez votre m\u00e9decin pour conna\u00eetre la posologie.<\/p>\n<p><b>EFFETS SECONDAIRES :<\/b> Les effets secondaires possibles sont des maux de t\u00eate, des bouff\u00e9es de chaleur et des troubles digestifs.<\/p>","protected":false},"excerpt":{"rendered":"<p class=\"p1\">Kamagra Gold 100 mg est une option populaire et abordable pour le traitement de la dysfonction \u00e9rectile.<\/p>","protected":false},"featured_media":1218,"comment_status":"open","ping_status":"closed","template":"","meta":{"inline_featured_image":false},"product_brand":[],"product_cat":[198],"product_tag":[99,97,100,98],"class_list":{"0":"post-1257","1":"product","2":"type-product","3":"status-publish","4":"has-post-thumbnail","6":"product_cat-stimulants","7":"product_tag-100mg","8":"product_tag-erectile-dysfunction","9":"product_tag-oral-tablets","10":"product_tag-sildenafil","12":"first","13":"instock","14":"shipping-taxable","15":"purchasable","16":"product-type-simple"},"_links":{"self":[{"href":"https:\/\/kamlife.me\/fr\/wp-json\/wp\/v2\/product\/1257","targetHints":{"allow":["GET"]}}],"collection":[{"href":"https:\/\/kamlife.me\/fr\/wp-json\/wp\/v2\/product"}],"about":[{"href":"https:\/\/kamlife.me\/fr\/wp-json\/wp\/v2\/types\/product"}],"replies":[{"embeddable":true,"href":"https:\/\/kamlife.me\/fr\/wp-json\/wp\/v2\/comments?post=1257"}],"wp:featuredmedia":[{"embeddable":true,"href":"https:\/\/kamlife.me\/fr\/wp-json\/wp\/v2\/media\/1218"}],"wp:attachment":[{"href":"https:\/\/kamlife.me\/fr\/wp-json\/wp\/v2\/media?parent=1257"}],"wp:term":[{"taxonomy":"product_brand","embeddable":true,"href":"https:\/\/kamlife.me\/fr\/wp-json\/wp\/v2\/product_brand?post=1257"},{"taxonomy":"product_cat","embeddable":true,"href":"https:\/\/kamlife.me\/fr\/wp-json\/wp\/v2\/product_cat?post=1257"},{"taxonomy":"product_tag","embeddable":true,"href":"https:\/\/kamlife.me\/fr\/wp-json\/wp\/v2\/product_tag?post=1257"}],"curies":[{"name":"wp","href":"https:\/\/api.w.org\/{rel}","templated":true}]}}