{"id":1258,"date":"2024-09-01T03:06:41","date_gmt":"2024-09-01T03:06:41","guid":{"rendered":"https:\/\/kamlife.me\/?post_type=product&#038;p=1258"},"modified":"2026-01-02T11:28:33","modified_gmt":"2026-01-02T11:28:33","slug":"kamagra-effervescente-7x100mg","status":"publish","type":"product","link":"https:\/\/kamlife.me\/fr\/produit\/kamagra-effervescente-7x100mg\/","title":{"rendered":"Kamagra Effervescent 7x100mg"},"content":{"rendered":"<p><b>UTILISATIONS :<\/b> Kamagra Effervescent est une forme de sild\u00e9nafil utilis\u00e9e pour traiter la dysfonction \u00e9rectile. Il se dissout dans l'eau et aide \u00e0 am\u00e9liorer le flux sanguin vers le p\u00e9nis.<\/p>\n<p><b>STOCKAGE :<\/b> Conserver dans un endroit sec \u00e0 temp\u00e9rature ambiante.<\/p>\n<p><b>DOSES :<\/b> Suivez les conseils de votre m\u00e9decin.<\/p>\n<p><b>EFFETS SECONDAIRES :<\/b> Les effets secondaires les plus fr\u00e9quents sont les maux de t\u00eate, les bouff\u00e9es de chaleur et les maux d'estomac.<\/p>","protected":false},"excerpt":{"rendered":"<p class=\"p1\">Kamagra Effervescent offre un moyen rapide et facile de prendre du sild\u00e9nafil, en se dissolvant dans l'eau.<\/p>\n<p><b>TAGS :<\/b> Dysfonction \u00e9rectile, Sild\u00e9nafil, 100mg, Comprim\u00e9s effervescents<\/p>\n<p><b>UTILISATIONS :<\/b> Kamagra Effervescent est une forme de sild\u00e9nafil utilis\u00e9e pour traiter la dysfonction \u00e9rectile. Il se dissout dans l'eau et aide \u00e0 am\u00e9liorer le flux sanguin vers le p\u00e9nis.<\/p>\n<p><b>STOCKAGE :<\/b> Conserver dans un endroit sec \u00e0 temp\u00e9rature ambiante.<\/p>\n<p><b>DOSES :<\/b> Suivez les conseils de votre m\u00e9decin.<\/p>\n<p><b>EFFETS SECONDAIRES :<\/b> Les effets secondaires les plus fr\u00e9quents sont les maux de t\u00eate, les bouff\u00e9es de chaleur et les maux d'estomac.<\/p>","protected":false},"featured_media":1217,"comment_status":"open","ping_status":"closed","template":"","meta":{"inline_featured_image":false},"product_brand":[],"product_cat":[198],"product_tag":[99,109,97,98],"class_list":{"0":"post-1258","1":"product","2":"type-product","3":"status-publish","4":"has-post-thumbnail","6":"product_cat-stimulants","7":"product_tag-100mg","8":"product_tag-effervescent-tablets","9":"product_tag-erectile-dysfunction","10":"product_tag-sildenafil","12":"first","13":"instock","14":"shipping-taxable","15":"purchasable","16":"product-type-simple"},"_links":{"self":[{"href":"https:\/\/kamlife.me\/fr\/wp-json\/wp\/v2\/product\/1258","targetHints":{"allow":["GET"]}}],"collection":[{"href":"https:\/\/kamlife.me\/fr\/wp-json\/wp\/v2\/product"}],"about":[{"href":"https:\/\/kamlife.me\/fr\/wp-json\/wp\/v2\/types\/product"}],"replies":[{"embeddable":true,"href":"https:\/\/kamlife.me\/fr\/wp-json\/wp\/v2\/comments?post=1258"}],"wp:featuredmedia":[{"embeddable":true,"href":"https:\/\/kamlife.me\/fr\/wp-json\/wp\/v2\/media\/1217"}],"wp:attachment":[{"href":"https:\/\/kamlife.me\/fr\/wp-json\/wp\/v2\/media?parent=1258"}],"wp:term":[{"taxonomy":"product_brand","embeddable":true,"href":"https:\/\/kamlife.me\/fr\/wp-json\/wp\/v2\/product_brand?post=1258"},{"taxonomy":"product_cat","embeddable":true,"href":"https:\/\/kamlife.me\/fr\/wp-json\/wp\/v2\/product_cat?post=1258"},{"taxonomy":"product_tag","embeddable":true,"href":"https:\/\/kamlife.me\/fr\/wp-json\/wp\/v2\/product_tag?post=1258"}],"curies":[{"name":"wp","href":"https:\/\/api.w.org\/{rel}","templated":true}]}}