{"id":1259,"date":"2024-09-01T03:08:06","date_gmt":"2024-09-01T03:08:06","guid":{"rendered":"https:\/\/kamlife.me\/?post_type=product&#038;p=1259"},"modified":"2025-12-11T16:51:30","modified_gmt":"2025-12-11T16:51:30","slug":"kamagra-oral-jelly-7x100mg","status":"publish","type":"product","link":"https:\/\/kamlife.me\/fr\/produit\/kamagra-oral-jelly-7x100mg\/","title":{"rendered":"Kamagra Oral Jelly 7x100mg"},"content":{"rendered":"<p><b>UTILISATIONS :<\/b> Kamagra Oral Jelly contient du sild\u00e9nafil et est utilis\u00e9 pour traiter la dysfonction \u00e9rectile. Il est pris sous forme de gel et aide \u00e0 augmenter le flux sanguin vers le p\u00e9nis.<\/p>\n<p><b>STOCKAGE :<\/b> Conserver \u00e0 temp\u00e9rature ambiante, \u00e0 l'abri de l'humidit\u00e9 et de la chaleur.<\/p>\n<p><b>DOSES :<\/b> Utiliser selon les indications de votre fournisseur de soins de sant\u00e9.<\/p>\n<p><b>EFFETS SECONDAIRES :<\/b> Les effets secondaires possibles sont des maux de t\u00eate, des naus\u00e9es et des bouff\u00e9es vasomotrices.<\/p>","protected":false},"excerpt":{"rendered":"<p class=\"p1\">Kamagra Oral Jelly est une alternative au Viagra sous forme de gel, facile \u00e0 consommer et aux effets rapides.<\/p>\n<p><b>UTILISATIONS :<\/b> Kamagra Oral Jelly contient du sild\u00e9nafil et est utilis\u00e9 pour traiter la dysfonction \u00e9rectile. Il est pris sous forme de gel et aide \u00e0 augmenter le flux sanguin vers le p\u00e9nis.<\/p>\n<p><b>STOCKAGE :<\/b> Conserver \u00e0 temp\u00e9rature ambiante, \u00e0 l'abri de l'humidit\u00e9 et de la chaleur.<\/p>\n<p><b>DOSES :<\/b> Utiliser selon les indications de votre fournisseur de soins de sant\u00e9.<\/p>\n<p><b>EFFETS SECONDAIRES :<\/b> Les effets secondaires possibles sont des maux de t\u00eate, des naus\u00e9es et des bouff\u00e9es vasomotrices.<\/p>","protected":false},"featured_media":1316,"comment_status":"open","ping_status":"closed","template":"","meta":{"inline_featured_image":false},"product_brand":[206],"product_cat":[201],"product_tag":[99,97,102,98],"class_list":{"0":"post-1259","1":"product","2":"type-product","3":"status-publish","4":"has-post-thumbnail","6":"product_brand-kamagra","7":"product_cat-sexual-health","8":"product_tag-100mg","9":"product_tag-erectile-dysfunction","10":"product_tag-oral-jelly","11":"product_tag-sildenafil","13":"first","14":"instock","15":"shipping-taxable","16":"purchasable","17":"product-type-simple"},"_links":{"self":[{"href":"https:\/\/kamlife.me\/fr\/wp-json\/wp\/v2\/product\/1259","targetHints":{"allow":["GET"]}}],"collection":[{"href":"https:\/\/kamlife.me\/fr\/wp-json\/wp\/v2\/product"}],"about":[{"href":"https:\/\/kamlife.me\/fr\/wp-json\/wp\/v2\/types\/product"}],"replies":[{"embeddable":true,"href":"https:\/\/kamlife.me\/fr\/wp-json\/wp\/v2\/comments?post=1259"}],"wp:featuredmedia":[{"embeddable":true,"href":"https:\/\/kamlife.me\/fr\/wp-json\/wp\/v2\/media\/1316"}],"wp:attachment":[{"href":"https:\/\/kamlife.me\/fr\/wp-json\/wp\/v2\/media?parent=1259"}],"wp:term":[{"taxonomy":"product_brand","embeddable":true,"href":"https:\/\/kamlife.me\/fr\/wp-json\/wp\/v2\/product_brand?post=1259"},{"taxonomy":"product_cat","embeddable":true,"href":"https:\/\/kamlife.me\/fr\/wp-json\/wp\/v2\/product_cat?post=1259"},{"taxonomy":"product_tag","embeddable":true,"href":"https:\/\/kamlife.me\/fr\/wp-json\/wp\/v2\/product_tag?post=1259"}],"curies":[{"name":"wp","href":"https:\/\/api.w.org\/{rel}","templated":true}]}}