{"id":1261,"date":"2024-09-01T03:11:48","date_gmt":"2024-09-01T03:11:48","guid":{"rendered":"https:\/\/kamlife.me\/?post_type=product&#038;p=1261"},"modified":"2025-08-25T23:30:40","modified_gmt":"2025-08-25T23:30:40","slug":"lovegra-gelatina-orale","status":"publish","type":"product","link":"https:\/\/kamlife.me\/fr\/produit\/lovegra-gelatina-orale\/","title":{"rendered":"LOVEGRA Jelly Oral"},"content":{"rendered":"<p><b>UTILISATIONS :<\/b> Lovegra Oral Jelly est destin\u00e9 aux femmes souffrant de troubles de l'excitation sexuelle. Il contient du sild\u00e9nafil et contribue \u00e0 am\u00e9liorer la fonction sexuelle.<\/p>\n<p><b>STOCKAGE :<\/b> Conserver \u00e0 temp\u00e9rature ambiante, \u00e0 l'abri de la chaleur et de l'humidit\u00e9.<\/p>\n<p><b>DOSES :<\/b> Suivez les instructions de votre fournisseur de soins de sant\u00e9.<\/p>\n<p><b>EFFETS SECONDAIRES :<\/b> Peut inclure des maux de t\u00eate, des naus\u00e9es et des bouff\u00e9es vasomotrices.<\/p>","protected":false},"excerpt":{"rendered":"<p class=\"p1\">Lovegra sous forme de gel\u00e9e orale, con\u00e7u pour am\u00e9liorer la libido f\u00e9minine.<\/p>","protected":false},"featured_media":1214,"comment_status":"open","ping_status":"closed","template":"","meta":{"inline_featured_image":false},"product_brand":[],"product_cat":[198],"product_tag":[102,110,98],"class_list":{"0":"post-1261","1":"product","2":"type-product","3":"status-publish","4":"has-post-thumbnail","6":"product_cat-stimulants","7":"product_tag-oral-jelly","8":"product_tag-sexual-arousal-disorder","9":"product_tag-sildenafil","11":"first","12":"instock","13":"shipping-taxable","14":"purchasable","15":"product-type-simple"},"_links":{"self":[{"href":"https:\/\/kamlife.me\/fr\/wp-json\/wp\/v2\/product\/1261","targetHints":{"allow":["GET"]}}],"collection":[{"href":"https:\/\/kamlife.me\/fr\/wp-json\/wp\/v2\/product"}],"about":[{"href":"https:\/\/kamlife.me\/fr\/wp-json\/wp\/v2\/types\/product"}],"replies":[{"embeddable":true,"href":"https:\/\/kamlife.me\/fr\/wp-json\/wp\/v2\/comments?post=1261"}],"wp:featuredmedia":[{"embeddable":true,"href":"https:\/\/kamlife.me\/fr\/wp-json\/wp\/v2\/media\/1214"}],"wp:attachment":[{"href":"https:\/\/kamlife.me\/fr\/wp-json\/wp\/v2\/media?parent=1261"}],"wp:term":[{"taxonomy":"product_brand","embeddable":true,"href":"https:\/\/kamlife.me\/fr\/wp-json\/wp\/v2\/product_brand?post=1261"},{"taxonomy":"product_cat","embeddable":true,"href":"https:\/\/kamlife.me\/fr\/wp-json\/wp\/v2\/product_cat?post=1261"},{"taxonomy":"product_tag","embeddable":true,"href":"https:\/\/kamlife.me\/fr\/wp-json\/wp\/v2\/product_tag?post=1261"}],"curies":[{"name":"wp","href":"https:\/\/api.w.org\/{rel}","templated":true}]}}