{"id":1262,"date":"2024-09-01T03:14:33","date_gmt":"2024-09-01T03:14:33","guid":{"rendered":"https:\/\/kamlife.me\/?post_type=product&#038;p=1262"},"modified":"2026-01-02T11:28:35","modified_gmt":"2026-01-02T11:28:35","slug":"sildamax-100-mg-paquet-de-10-pilules","status":"publish","type":"product","link":"https:\/\/kamlife.me\/fr\/produit\/sildamax-100-mg-paquet-de-10-pilules\/","title":{"rendered":"Sildamax 100 mg paquet de 10 pilules"},"content":{"rendered":"<p><b>UTILISATIONS :<\/b> Sildamax 100mg traite la dysfonction \u00e9rectile en augmentant le flux sanguin vers le p\u00e9nis. Il contient du sild\u00e9nafil et aide \u00e0 obtenir une \u00e9rection ferme.<\/p>\n<p><b>STOCKAGE :<\/b> Conserver dans un endroit sec \u00e0 temp\u00e9rature ambiante.<\/p>\n<p><b>DOSES :<\/b> Utiliser selon les indications de votre m\u00e9decin.<\/p>\n<p><b>EFFETS SECONDAIRES :<\/b> Les effets secondaires possibles sont des maux de t\u00eate, des vertiges et des bouff\u00e9es vasomotrices.<\/p>","protected":false},"excerpt":{"rendered":"<p class=\"p1\">Sildamax est une alternative abordable au Viagra avec une dose de 100 mg de sild\u00e9nafil.<\/p>","protected":false},"featured_media":1213,"comment_status":"open","ping_status":"closed","template":"","meta":{"inline_featured_image":false},"product_brand":[],"product_cat":[199],"product_tag":[99,97,100,98],"class_list":{"0":"post-1262","1":"product","2":"type-product","3":"status-publish","4":"has-post-thumbnail","6":"product_cat-enhancers","7":"product_tag-100mg","8":"product_tag-erectile-dysfunction","9":"product_tag-oral-tablets","10":"product_tag-sildenafil","12":"first","13":"instock","14":"shipping-taxable","15":"purchasable","16":"product-type-simple"},"_links":{"self":[{"href":"https:\/\/kamlife.me\/fr\/wp-json\/wp\/v2\/product\/1262","targetHints":{"allow":["GET"]}}],"collection":[{"href":"https:\/\/kamlife.me\/fr\/wp-json\/wp\/v2\/product"}],"about":[{"href":"https:\/\/kamlife.me\/fr\/wp-json\/wp\/v2\/types\/product"}],"replies":[{"embeddable":true,"href":"https:\/\/kamlife.me\/fr\/wp-json\/wp\/v2\/comments?post=1262"}],"wp:featuredmedia":[{"embeddable":true,"href":"https:\/\/kamlife.me\/fr\/wp-json\/wp\/v2\/media\/1213"}],"wp:attachment":[{"href":"https:\/\/kamlife.me\/fr\/wp-json\/wp\/v2\/media?parent=1262"}],"wp:term":[{"taxonomy":"product_brand","embeddable":true,"href":"https:\/\/kamlife.me\/fr\/wp-json\/wp\/v2\/product_brand?post=1262"},{"taxonomy":"product_cat","embeddable":true,"href":"https:\/\/kamlife.me\/fr\/wp-json\/wp\/v2\/product_cat?post=1262"},{"taxonomy":"product_tag","embeddable":true,"href":"https:\/\/kamlife.me\/fr\/wp-json\/wp\/v2\/product_tag?post=1262"}],"curies":[{"name":"wp","href":"https:\/\/api.w.org\/{rel}","templated":true}]}}