{"id":1265,"date":"2024-09-01T03:20:25","date_gmt":"2024-09-01T03:20:25","guid":{"rendered":"https:\/\/kamlife.me\/?post_type=product&#038;p=1265"},"modified":"2026-01-02T11:28:34","modified_gmt":"2026-01-02T11:28:34","slug":"vidalista-40mg-tadaforce-40mg","status":"publish","type":"product","link":"https:\/\/kamlife.me\/fr\/produit\/vidalista-40mg-tadaforce-40mg\/","title":{"rendered":"Vidalista 40mg Tadalafil"},"content":{"rendered":"<p><b>UTILISATIONS :<\/b> Vidalista 40mg est utilis\u00e9 pour traiter la dysfonction \u00e9rectile avec le Tadalafil comme ingr\u00e9dient actif. Il am\u00e9liore le flux sanguin vers le p\u00e9nis.<\/p>\n<p><b>STOCKAGE :<\/b> Conserver \u00e0 temp\u00e9rature ambiante, \u00e0 l'abri de l'humidit\u00e9 et de la chaleur.<\/p>\n<p><b>DOSES :<\/b> Suivez les recommandations de votre m\u00e9decin.<\/p>\n<p><b>EFFETS SECONDAIRES :<\/b> Les effets secondaires possibles sont des maux de t\u00eate, des douleurs dorsales et des bouff\u00e9es vasomotrices.<\/p>","protected":false},"excerpt":{"rendered":"<p class=\"p1\">Vidalista 40 mg est un traitement efficace de la dysfonction \u00e9rectile, avec des effets durables.<\/p>","protected":false},"featured_media":1207,"comment_status":"open","ping_status":"closed","template":"","meta":{"inline_featured_image":false},"product_brand":[209],"product_cat":[199],"product_tag":[114,97,100,103],"class_list":{"0":"post-1265","1":"product","2":"type-product","3":"status-publish","4":"has-post-thumbnail","6":"product_brand-vidalista","7":"product_cat-enhancers","8":"product_tag-40mg","9":"product_tag-erectile-dysfunction","10":"product_tag-oral-tablets","11":"product_tag-tadalafil","13":"first","14":"instock","15":"shipping-taxable","16":"purchasable","17":"product-type-simple"},"_links":{"self":[{"href":"https:\/\/kamlife.me\/fr\/wp-json\/wp\/v2\/product\/1265","targetHints":{"allow":["GET"]}}],"collection":[{"href":"https:\/\/kamlife.me\/fr\/wp-json\/wp\/v2\/product"}],"about":[{"href":"https:\/\/kamlife.me\/fr\/wp-json\/wp\/v2\/types\/product"}],"replies":[{"embeddable":true,"href":"https:\/\/kamlife.me\/fr\/wp-json\/wp\/v2\/comments?post=1265"}],"wp:featuredmedia":[{"embeddable":true,"href":"https:\/\/kamlife.me\/fr\/wp-json\/wp\/v2\/media\/1207"}],"wp:attachment":[{"href":"https:\/\/kamlife.me\/fr\/wp-json\/wp\/v2\/media?parent=1265"}],"wp:term":[{"taxonomy":"product_brand","embeddable":true,"href":"https:\/\/kamlife.me\/fr\/wp-json\/wp\/v2\/product_brand?post=1265"},{"taxonomy":"product_cat","embeddable":true,"href":"https:\/\/kamlife.me\/fr\/wp-json\/wp\/v2\/product_cat?post=1265"},{"taxonomy":"product_tag","embeddable":true,"href":"https:\/\/kamlife.me\/fr\/wp-json\/wp\/v2\/product_tag?post=1265"}],"curies":[{"name":"wp","href":"https:\/\/api.w.org\/{rel}","templated":true}]}}