{"id":1267,"date":"2024-09-01T03:23:06","date_gmt":"2024-09-01T03:23:06","guid":{"rendered":"https:\/\/kamlife.me\/?post_type=product&#038;p=1267"},"modified":"2026-01-02T11:27:48","modified_gmt":"2026-01-02T11:27:48","slug":"vidalista-20-tadalafil-comprimes-20mg","status":"publish","type":"product","link":"https:\/\/kamlife.me\/fr\/produit\/vidalista-20-tadalafil-comprimes-20mg\/","title":{"rendered":"Vidalista 20 - Tadalafil Comprim\u00e9s 20mg"},"content":{"rendered":"<p><b>UTILISATIONS :<\/b> Vidalista 20mg est utilis\u00e9 pour traiter la dysfonction \u00e9rectile. Le tadalafil aide \u00e0 am\u00e9liorer le flux sanguin vers le p\u00e9nis.<\/p>\n<p><b>STOCKAGE :<\/b> Conserver \u00e0 temp\u00e9rature ambiante, \u00e0 l'abri de la lumi\u00e8re et de l'humidit\u00e9.<\/p>\n<p><b>DOSES :<\/b> Utiliser selon la prescription de votre m\u00e9decin.<\/p>\n<p><b>EFFETS SECONDAIRES :<\/b> Les effets secondaires les plus fr\u00e9quents sont les maux de t\u00eate, les bouff\u00e9es de chaleur et les troubles digestifs.<\/p>","protected":false},"excerpt":{"rendered":"<p class=\"p1\">Vidalista 20 mg est une option l\u00e9g\u00e8re et efficace pour le traitement de la dysfonction \u00e9rectile.<\/p>","protected":false},"featured_media":1208,"comment_status":"open","ping_status":"closed","template":"","meta":{"inline_featured_image":false},"product_brand":[209],"product_cat":[199],"product_tag":[104,97,100,103],"class_list":{"0":"post-1267","1":"product","2":"type-product","3":"status-publish","4":"has-post-thumbnail","6":"product_brand-vidalista","7":"product_cat-enhancers","8":"product_tag-20mg","9":"product_tag-erectile-dysfunction","10":"product_tag-oral-tablets","11":"product_tag-tadalafil","13":"first","14":"instock","15":"shipping-taxable","16":"purchasable","17":"product-type-simple"},"_links":{"self":[{"href":"https:\/\/kamlife.me\/fr\/wp-json\/wp\/v2\/product\/1267","targetHints":{"allow":["GET"]}}],"collection":[{"href":"https:\/\/kamlife.me\/fr\/wp-json\/wp\/v2\/product"}],"about":[{"href":"https:\/\/kamlife.me\/fr\/wp-json\/wp\/v2\/types\/product"}],"replies":[{"embeddable":true,"href":"https:\/\/kamlife.me\/fr\/wp-json\/wp\/v2\/comments?post=1267"}],"wp:featuredmedia":[{"embeddable":true,"href":"https:\/\/kamlife.me\/fr\/wp-json\/wp\/v2\/media\/1208"}],"wp:attachment":[{"href":"https:\/\/kamlife.me\/fr\/wp-json\/wp\/v2\/media?parent=1267"}],"wp:term":[{"taxonomy":"product_brand","embeddable":true,"href":"https:\/\/kamlife.me\/fr\/wp-json\/wp\/v2\/product_brand?post=1267"},{"taxonomy":"product_cat","embeddable":true,"href":"https:\/\/kamlife.me\/fr\/wp-json\/wp\/v2\/product_cat?post=1267"},{"taxonomy":"product_tag","embeddable":true,"href":"https:\/\/kamlife.me\/fr\/wp-json\/wp\/v2\/product_tag?post=1267"}],"curies":[{"name":"wp","href":"https:\/\/api.w.org\/{rel}","templated":true}]}}